{"id":22097,"date":"2026-05-07T09:33:08","date_gmt":"2026-05-07T06:33:08","guid":{"rendered":"https:\/\/ceoparts.com\/?post_type=product&#038;p=22097"},"modified":"2026-05-14T06:31:29","modified_gmt":"2026-05-14T03:31:29","slug":"rema-aku-soketi-sre-160-gri","status":"publish","type":"product","link":"https:\/\/ceoparts.com\/tr\/urun\/rema-aku-soketi-sre-160-gri\/","title":{"rendered":"Rema Ak\u00fc Soketi SRE 160 Gri"},"content":{"rendered":"<p>Rema Ak\u00fc Soketi SRE 160 Gri<\/p>\n<p>Rema Ak\u00fc Soketi SRE 160 Gri<\/p>","protected":false},"excerpt":{"rendered":"<p data-start=\"13\" data-end=\"279\">Rema Ak\u00fc Soketi SR 160 Gri, forklift, depo ekipmanlar\u0131 ve di\u011fer elektrikli ara\u00e7larda g\u00fcvenli ak\u00fc ba\u011flant\u0131s\u0131 i\u00e7in tasarlanm\u0131\u015f, dayan\u0131kl\u0131 ve y\u00fcksek performansl\u0131 bir soket modelidir. Y\u00fcksek ak\u0131m ta\u015f\u0131ma kapasitesi sayesinde g\u00fcvenli ve kesintisiz enerji iletimi sa\u011flar.<\/p>\n<p data-start=\"281\" data-end=\"294\">\u00d6zellikler:<\/p>\n<p data-start=\"296\" data-end=\"566\">\u00dcr\u00fcn Ad\u0131: Rema Ak\u00fc Soketi SR 160 Gri<br data-start=\"332\" data-end=\"335\" \/>Malzeme: Dayan\u0131kl\u0131 plastik ve iletken metal ala\u015f\u0131m<br data-start=\"385\" data-end=\"388\" \/>Kullan\u0131m Alan\u0131: Forklift, depo ara\u00e7lar\u0131 ve elektrikli ekipmanlarda ak\u00fc ba\u011flant\u0131s\u0131<br data-start=\"469\" data-end=\"472\" \/>Avantaj: Y\u00fcksek ak\u0131m ta\u015f\u0131ma kapasitesi, dayan\u0131kl\u0131 yap\u0131, g\u00fcvenli ve kesintisiz enerji iletimi<\/p>\n","protected":false},"featured_media":22102,"template":"","meta":[],"product_brand":[],"product_cat":[444],"product_tag":[],"class_list":{"0":"post-22097","1":"product","2":"type-product","3":"status-publish","4":"has-post-thumbnail","6":"product_cat-aku-fisi","8":"first","9":"instock","10":"taxable","11":"shipping-taxable","12":"purchasable","13":"product-type-simple"},"_links":{"self":[{"href":"https:\/\/ceoparts.com\/tr\/wp-json\/wp\/v2\/product\/22097","targetHints":{"allow":["GET"]}}],"collection":[{"href":"https:\/\/ceoparts.com\/tr\/wp-json\/wp\/v2\/product"}],"about":[{"href":"https:\/\/ceoparts.com\/tr\/wp-json\/wp\/v2\/types\/product"}],"wp:featuredmedia":[{"embeddable":true,"href":"https:\/\/ceoparts.com\/tr\/wp-json\/wp\/v2\/media\/22102"}],"wp:attachment":[{"href":"https:\/\/ceoparts.com\/tr\/wp-json\/wp\/v2\/media?parent=22097"}],"wp:term":[{"taxonomy":"product_brand","embeddable":true,"href":"https:\/\/ceoparts.com\/tr\/wp-json\/wp\/v2\/product_brand?post=22097"},{"taxonomy":"product_cat","embeddable":true,"href":"https:\/\/ceoparts.com\/tr\/wp-json\/wp\/v2\/product_cat?post=22097"},{"taxonomy":"product_tag","embeddable":true,"href":"https:\/\/ceoparts.com\/tr\/wp-json\/wp\/v2\/product_tag?post=22097"}],"curies":[{"name":"wp","href":"https:\/\/api.w.org\/{rel}","templated":true}]}}