{"id":22103,"date":"2026-05-07T09:37:08","date_gmt":"2026-05-07T06:37:08","guid":{"rendered":"https:\/\/ceoparts.com\/?post_type=product&#038;p=22103"},"modified":"2026-05-14T05:43:04","modified_gmt":"2026-05-14T02:43:04","slug":"rema-160a-tutamak","status":"publish","type":"product","link":"https:\/\/ceoparts.com\/tr\/urun\/rema-160a-tutamak\/","title":{"rendered":"Rema 160A Tutamak"},"content":{"rendered":"<p>Rema 160A Tutamak<\/p>","protected":false},"excerpt":{"rendered":"<p data-start=\"0\" data-end=\"320\">Rema\u00a0 160A Tutamak, forklift ve i\u015f makinelerinin ak\u00fc ba\u011flant\u0131lar\u0131nda kullan\u0131lan dayan\u0131kl\u0131 ve g\u00fcvenilir bir tutamak modelidir. Y\u00fcksek amper de\u011ferlerine uygun tasarlanm\u0131\u015f olup, ak\u00fc devrelerinin g\u00fcvenli bir \u015fekilde ba\u011flanmas\u0131n\u0131 sa\u011flar. Ergonomik yap\u0131s\u0131 ve sa\u011flam malzemesiyle uzun \u00f6m\u00fcrl\u00fc ve kolay kullan\u0131m sunar.<\/p>\n<p data-start=\"322\" data-end=\"639\"><strong data-start=\"322\" data-end=\"337\">\u00d6zellikler:<\/strong><br data-start=\"337\" data-end=\"340\" \/><strong data-start=\"340\" data-end=\"353\">\u00dcr\u00fcn Ad\u0131:<\/strong> Rema 160A Tutamak<br data-start=\"375\" data-end=\"378\" \/><strong data-start=\"378\" data-end=\"393\">Par\u00e7a Kodu:<\/strong> &#8211;<br data-start=\"395\" data-end=\"398\" \/><strong data-start=\"398\" data-end=\"410\">Malzeme:<\/strong> Y\u00fcksek kaliteli plastik ve metal ba\u011flant\u0131 par\u00e7alar\u0131<br data-start=\"462\" data-end=\"465\" \/><strong data-start=\"465\" data-end=\"484\">Kullan\u0131m Alan\u0131:<\/strong> Forklift ak\u00fc ba\u011flant\u0131lar\u0131, end\u00fcstriyel g\u00fc\u00e7 sistemleri<br data-start=\"538\" data-end=\"541\" \/><strong data-start=\"541\" data-end=\"553\">Avantaj:<\/strong> Y\u00fcksek amper ta\u015f\u0131ma kapasitesi, sa\u011flam yap\u0131, kolay montaj, dayan\u0131kl\u0131 ve uzun \u00f6m\u00fcrl\u00fc<\/p>\n<p data-start=\"641\" data-end=\"933\">\n","protected":false},"featured_media":12579,"template":"","meta":[],"product_brand":[],"product_cat":[442,444],"product_tag":[],"class_list":{"0":"post-22103","1":"product","2":"type-product","3":"status-publish","4":"has-post-thumbnail","6":"product_cat-aku-yedek-parcalari","7":"product_cat-aku-fisi","9":"first","10":"instock","11":"taxable","12":"shipping-taxable","13":"purchasable","14":"product-type-simple"},"_links":{"self":[{"href":"https:\/\/ceoparts.com\/tr\/wp-json\/wp\/v2\/product\/22103","targetHints":{"allow":["GET"]}}],"collection":[{"href":"https:\/\/ceoparts.com\/tr\/wp-json\/wp\/v2\/product"}],"about":[{"href":"https:\/\/ceoparts.com\/tr\/wp-json\/wp\/v2\/types\/product"}],"wp:featuredmedia":[{"embeddable":true,"href":"https:\/\/ceoparts.com\/tr\/wp-json\/wp\/v2\/media\/12579"}],"wp:attachment":[{"href":"https:\/\/ceoparts.com\/tr\/wp-json\/wp\/v2\/media?parent=22103"}],"wp:term":[{"taxonomy":"product_brand","embeddable":true,"href":"https:\/\/ceoparts.com\/tr\/wp-json\/wp\/v2\/product_brand?post=22103"},{"taxonomy":"product_cat","embeddable":true,"href":"https:\/\/ceoparts.com\/tr\/wp-json\/wp\/v2\/product_cat?post=22103"},{"taxonomy":"product_tag","embeddable":true,"href":"https:\/\/ceoparts.com\/tr\/wp-json\/wp\/v2\/product_tag?post=22103"}],"curies":[{"name":"wp","href":"https:\/\/api.w.org\/{rel}","templated":true}]}}