{"id":22126,"date":"2026-05-08T12:31:08","date_gmt":"2026-05-08T09:31:08","guid":{"rendered":"https:\/\/ceoparts.com\/?post_type=product&#038;p=22126"},"modified":"2026-05-14T05:46:52","modified_gmt":"2026-05-14T02:46:52","slug":"nh00-7125-125a-bicakli-sigorta-busonu","status":"publish","type":"product","link":"https:\/\/ceoparts.com\/tr\/urun\/nh00-7125-125a-bicakli-sigorta-busonu\/","title":{"rendered":"NH00 \u2013 7125 125A \u2013 B\u0131\u00e7akl\u0131 Sigorta Bu\u015fonu"},"content":{"rendered":"<p>NH00 \u2013 7125 125A \u2013 B\u0131\u00e7akl\u0131 Sigorta Bu\u015fonu<\/p>","protected":false},"excerpt":{"rendered":"<p data-start=\"181\" data-end=\"476\"><strong data-start=\"181\" data-end=\"224\">NH00 \u2013 7125 125A B\u0131\u00e7akl\u0131 Sigorta Bu\u015fonu<\/strong>, elektrik sistemlerinde a\u015f\u0131r\u0131 ak\u0131m korumas\u0131 sa\u011flayan dayan\u0131kl\u0131 ve g\u00fcvenilir bir sigorta tutucudur. 160 amper kapasitesi ile y\u00fcksek ak\u0131m devrelerinde g\u00fcvenli ba\u011flant\u0131 ve koruma sunar. End\u00fcstriyel ve ticari elektrik panolar\u0131nda yayg\u0131n olarak kullan\u0131l\u0131r.<\/p>\n<p data-start=\"478\" data-end=\"495\"><strong data-start=\"478\" data-end=\"493\">\u00d6zellikler:<\/strong><\/p>\n<ul data-start=\"496\" data-end=\"649\">\n<li data-start=\"496\" data-end=\"536\">\n<p data-start=\"498\" data-end=\"536\"><strong data-start=\"498\" data-end=\"506\">Tip:<\/strong> NH00 b\u0131\u00e7akl\u0131 sigorta bu\u015fonu<\/p>\n<\/li>\n<li data-start=\"537\" data-end=\"560\">\n<p data-start=\"539\" data-end=\"560\"><strong data-start=\"539\" data-end=\"548\">Ak\u0131m:<\/strong> 125 Amper<\/p>\n<\/li>\n<li data-start=\"561\" data-end=\"615\">\n<p data-start=\"563\" data-end=\"615\"><strong data-start=\"563\" data-end=\"577\">Fonksiyon:<\/strong> Sigorta tutucu, a\u015f\u0131r\u0131 ak\u0131m korumas\u0131<\/p>\n<\/li>\n<li data-start=\"616\" data-end=\"649\">\n<p data-start=\"618\" data-end=\"649\"><strong data-start=\"618\" data-end=\"649\">Dayan\u0131kl\u0131 ve g\u00fcvenilir yap\u0131<\/strong><\/p>\n<\/li>\n<\/ul>\n","protected":false},"featured_media":22128,"template":"","meta":[],"product_brand":[],"product_cat":[443],"product_tag":[],"class_list":{"0":"post-22126","1":"product","2":"type-product","3":"status-publish","4":"has-post-thumbnail","6":"product_cat-aku-parcalari","8":"first","9":"instock","10":"taxable","11":"shipping-taxable","12":"purchasable","13":"product-type-simple"},"_links":{"self":[{"href":"https:\/\/ceoparts.com\/tr\/wp-json\/wp\/v2\/product\/22126","targetHints":{"allow":["GET"]}}],"collection":[{"href":"https:\/\/ceoparts.com\/tr\/wp-json\/wp\/v2\/product"}],"about":[{"href":"https:\/\/ceoparts.com\/tr\/wp-json\/wp\/v2\/types\/product"}],"wp:featuredmedia":[{"embeddable":true,"href":"https:\/\/ceoparts.com\/tr\/wp-json\/wp\/v2\/media\/22128"}],"wp:attachment":[{"href":"https:\/\/ceoparts.com\/tr\/wp-json\/wp\/v2\/media?parent=22126"}],"wp:term":[{"taxonomy":"product_brand","embeddable":true,"href":"https:\/\/ceoparts.com\/tr\/wp-json\/wp\/v2\/product_brand?post=22126"},{"taxonomy":"product_cat","embeddable":true,"href":"https:\/\/ceoparts.com\/tr\/wp-json\/wp\/v2\/product_cat?post=22126"},{"taxonomy":"product_tag","embeddable":true,"href":"https:\/\/ceoparts.com\/tr\/wp-json\/wp\/v2\/product_tag?post=22126"}],"curies":[{"name":"wp","href":"https:\/\/api.w.org\/{rel}","templated":true}]}}