{"id":22428,"date":"2026-05-15T09:31:10","date_gmt":"2026-05-15T06:31:10","guid":{"rendered":"https:\/\/ceoparts.com\/?post_type=product&#038;p=22428"},"modified":"2026-05-16T07:27:01","modified_gmt":"2026-05-16T04:27:01","slug":"still-potansiyometre-8409929","status":"publish","type":"product","link":"https:\/\/ceoparts.com\/tr\/urun\/still-potansiyometre-8409929\/","title":{"rendered":"STILL Potansiyometre &#8211; 8409929"},"content":{"rendered":"<p>STILL Potansiyometre &#8211; 8409929<\/p>","protected":false},"excerpt":{"rendered":"<p data-start=\"43\" data-end=\"611\"><strong data-start=\"43\" data-end=\"75\">STILL potansiyometre 8409929<\/strong>, forklift ve depo ekipmanlar\u0131nda elektriksel kontrol sinyallerini hassas \u015fekilde ayarlamak i\u00e7in kullan\u0131lan elektronik bir kontrol bile\u015fenidir. Gaz, direksiyon veya hidrolik kontrol sistemlerinde operat\u00f6r hareketlerini elektriksel sinyale d\u00f6n\u00fc\u015ft\u00fcrerek makinenin kontroll\u00fc ve hassas \u00e7al\u0131\u015fmas\u0131na yard\u0131mc\u0131 olur. Y\u00fcksek hassasiyetli yap\u0131s\u0131 sayesinde stabil veri iletimi sa\u011flar ve ekipman\u0131n g\u00fcvenli kullan\u0131m\u0131n\u0131 destekler. Dayan\u0131kl\u0131 elektronik yap\u0131s\u0131 sayesinde yo\u011fun end\u00fcstriyel \u00e7al\u0131\u015fma ko\u015fullar\u0131nda uzun \u00f6m\u00fcrl\u00fc ve g\u00fcvenilir performans sunar.<\/p>\n<p data-start=\"613\" data-end=\"863\"><strong data-start=\"613\" data-end=\"628\">\u00d6zellikler:<\/strong><br data-start=\"628\" data-end=\"631\" \/>\u00dcr\u00fcn Ad\u0131: STILL Potansiyometre<br data-start=\"661\" data-end=\"664\" \/>Par\u00e7a Kodu: 8409929<br data-start=\"683\" data-end=\"686\" \/>Tip: Elektronik kontrol potansiyometresi<br data-start=\"726\" data-end=\"729\" \/>Kullan\u0131m Alan\u0131: Forklift ve depo ekipmanlar\u0131 kontrol sistemleri<br data-start=\"792\" data-end=\"795\" \/>Avantaj: Hassas sinyal iletimi, stabil \u00e7al\u0131\u015fma ve uzun servis \u00f6mr\u00fc<\/p>\n","protected":false},"featured_media":22430,"template":"","meta":[],"product_brand":[],"product_cat":[524,469,523,554],"product_tag":[],"class_list":{"0":"post-22428","1":"product","2":"type-product","3":"status-publish","4":"has-post-thumbnail","6":"product_cat-yedek-parca-still","7":"product_cat-elektrik-ve-sistem-parcalari","8":"product_cat-yedek-parca-linde","9":"product_cat-haftanin-urunleri","11":"first","12":"instock","13":"taxable","14":"shipping-taxable","15":"purchasable","16":"product-type-simple"},"_links":{"self":[{"href":"https:\/\/ceoparts.com\/tr\/wp-json\/wp\/v2\/product\/22428","targetHints":{"allow":["GET"]}}],"collection":[{"href":"https:\/\/ceoparts.com\/tr\/wp-json\/wp\/v2\/product"}],"about":[{"href":"https:\/\/ceoparts.com\/tr\/wp-json\/wp\/v2\/types\/product"}],"wp:featuredmedia":[{"embeddable":true,"href":"https:\/\/ceoparts.com\/tr\/wp-json\/wp\/v2\/media\/22430"}],"wp:attachment":[{"href":"https:\/\/ceoparts.com\/tr\/wp-json\/wp\/v2\/media?parent=22428"}],"wp:term":[{"taxonomy":"product_brand","embeddable":true,"href":"https:\/\/ceoparts.com\/tr\/wp-json\/wp\/v2\/product_brand?post=22428"},{"taxonomy":"product_cat","embeddable":true,"href":"https:\/\/ceoparts.com\/tr\/wp-json\/wp\/v2\/product_cat?post=22428"},{"taxonomy":"product_tag","embeddable":true,"href":"https:\/\/ceoparts.com\/tr\/wp-json\/wp\/v2\/product_tag?post=22428"}],"curies":[{"name":"wp","href":"https:\/\/api.w.org\/{rel}","templated":true}]}}