{"id":22436,"date":"2026-05-15T09:52:58","date_gmt":"2026-05-15T06:52:58","guid":{"rendered":"https:\/\/ceoparts.com\/?post_type=product&#038;p=22436"},"modified":"2026-05-16T08:15:51","modified_gmt":"2026-05-16T05:15:51","slug":"still-limit-switch-8407276","status":"publish","type":"product","link":"https:\/\/ceoparts.com\/tr\/urun\/still-limit-switch-8407276\/","title":{"rendered":"STILL Limit Switch &#8211; 8407276"},"content":{"rendered":"<p>STILL Limit Switch &#8211; 8407276<\/p>","protected":false},"excerpt":{"rendered":"<p data-start=\"41\" data-end=\"571\"><strong data-start=\"41\" data-end=\"71\">STILL limit switch 8407276<\/strong>, forklift ve depo ekipmanlar\u0131nda hareket, konum veya mekanik s\u0131n\u0131r kontrol\u00fc sa\u011flamak amac\u0131yla kullan\u0131lan elektronik bir g\u00fcvenlik ve kontrol bile\u015fenidir. Belirlenen hareket s\u0131n\u0131r\u0131na ula\u015f\u0131ld\u0131\u011f\u0131nda elektriksel sinyal g\u00f6ndererek sistemin kontroll\u00fc \u015fekilde \u00e7al\u0131\u015fmas\u0131na yard\u0131mc\u0131 olur. Makinenin g\u00fcvenli\u011fini art\u0131r\u0131rken mekanik bile\u015fenlerin a\u015f\u0131r\u0131 hareket veya hasar g\u00f6rmesini \u00f6nlemeye katk\u0131 sa\u011flar. Dayan\u0131kl\u0131 yap\u0131s\u0131 sayesinde yo\u011fun end\u00fcstriyel \u00e7al\u0131\u015fma ko\u015fullar\u0131nda g\u00fcvenilir ve uzun \u00f6m\u00fcrl\u00fc performans sunar.<\/p>\n<p data-start=\"573\" data-end=\"818\"><strong data-start=\"573\" data-end=\"588\">\u00d6zellikler:<\/strong><br data-start=\"588\" data-end=\"591\" \/>\u00dcr\u00fcn Ad\u0131: STILL Limit Switch<br data-start=\"619\" data-end=\"622\" \/>Par\u00e7a Kodu: 8407276<br data-start=\"641\" data-end=\"644\" \/>Tip: Limit anahtar\u0131 \/ konum sens\u00f6r\u00fc<br data-start=\"679\" data-end=\"682\" \/>Kullan\u0131m Alan\u0131: Forklift ve depo ekipmanlar\u0131 kontrol sistemleri<br data-start=\"745\" data-end=\"748\" \/>Avantaj: G\u00fcvenli s\u0131n\u0131r kontrol\u00fc, hassas alg\u0131lama ve uzun servis \u00f6mr\u00fc<\/p>\n","protected":false},"featured_media":22438,"template":"","meta":[],"product_brand":[],"product_cat":[523,554,454,469,524],"product_tag":[],"class_list":{"0":"post-22436","1":"product","2":"type-product","3":"status-publish","4":"has-post-thumbnail","6":"product_cat-yedek-parca-linde","7":"product_cat-haftanin-urunleri","8":"product_cat-switch-ve-buton","9":"product_cat-elektrik-ve-sistem-parcalari","10":"product_cat-yedek-parca-still","12":"first","13":"instock","14":"taxable","15":"shipping-taxable","16":"purchasable","17":"product-type-simple"},"_links":{"self":[{"href":"https:\/\/ceoparts.com\/tr\/wp-json\/wp\/v2\/product\/22436","targetHints":{"allow":["GET"]}}],"collection":[{"href":"https:\/\/ceoparts.com\/tr\/wp-json\/wp\/v2\/product"}],"about":[{"href":"https:\/\/ceoparts.com\/tr\/wp-json\/wp\/v2\/types\/product"}],"wp:featuredmedia":[{"embeddable":true,"href":"https:\/\/ceoparts.com\/tr\/wp-json\/wp\/v2\/media\/22438"}],"wp:attachment":[{"href":"https:\/\/ceoparts.com\/tr\/wp-json\/wp\/v2\/media?parent=22436"}],"wp:term":[{"taxonomy":"product_brand","embeddable":true,"href":"https:\/\/ceoparts.com\/tr\/wp-json\/wp\/v2\/product_brand?post=22436"},{"taxonomy":"product_cat","embeddable":true,"href":"https:\/\/ceoparts.com\/tr\/wp-json\/wp\/v2\/product_cat?post=22436"},{"taxonomy":"product_tag","embeddable":true,"href":"https:\/\/ceoparts.com\/tr\/wp-json\/wp\/v2\/product_tag?post=22436"}],"curies":[{"name":"wp","href":"https:\/\/api.w.org\/{rel}","templated":true}]}}