{"id":22442,"date":"2026-05-15T12:05:11","date_gmt":"2026-05-15T09:05:11","guid":{"rendered":"https:\/\/ceoparts.com\/?post_type=product&#038;p=22442"},"modified":"2026-05-16T06:21:36","modified_gmt":"2026-05-16T03:21:36","slug":"linde-r16-kapak-15013600300","status":"publish","type":"product","link":"https:\/\/ceoparts.com\/tr\/urun\/linde-r16-kapak-15013600300\/","title":{"rendered":"LINDE R16 Kapak &#8211; 15013600300"},"content":{"rendered":"<p>LINDE R16 Kapak &#8211; 15013600300<\/p>","protected":false},"excerpt":{"rendered":"<p data-start=\"42\" data-end=\"530\"><strong data-start=\"42\" data-end=\"73\">Linde R16 kapak 15013600300<\/strong>, forklift ve reach truck ekipmanlar\u0131nda kullan\u0131lan koruyucu bir g\u00f6vde par\u00e7as\u0131d\u0131r. Makine \u00fczerindeki mekanik, elektriksel veya elektronik bile\u015fenleri toz, kir, darbe ve d\u0131\u015f etkenlere kar\u015f\u0131 korumaya yard\u0131mc\u0131 olur. Dayan\u0131kl\u0131 yap\u0131s\u0131 sayesinde yo\u011fun end\u00fcstriyel \u00e7al\u0131\u015fma ko\u015fullar\u0131nda uzun \u00f6m\u00fcrl\u00fc kullan\u0131m sa\u011flar ve ekipman\u0131n g\u00fcvenli, d\u00fczenli ve stabil \u00e7al\u0131\u015fmas\u0131na katk\u0131da bulunur. Ayn\u0131 zamanda ilgili sistem bile\u015fenlerinin d\u0131\u015f ortamdan korunmas\u0131na destek sa\u011flar.<\/p>\n<p data-start=\"532\" data-end=\"816\"><strong data-start=\"532\" data-end=\"547\">\u00d6zellikler:<\/strong><br data-start=\"547\" data-end=\"550\" \/>\u00dcr\u00fcn Ad\u0131: Linde R16 Kapak<br data-start=\"575\" data-end=\"578\" \/>Par\u00e7a Kodu: 15013600300<br data-start=\"601\" data-end=\"604\" \/>Tip: Koruyucu kapak \/ g\u00f6vde par\u00e7as\u0131<br data-start=\"639\" data-end=\"642\" \/>Malzeme: Dayan\u0131kl\u0131 end\u00fcstriyel plastik \/ kompozit yap\u0131<br data-start=\"696\" data-end=\"699\" \/>Kullan\u0131m Alan\u0131: Forklift ve reach truck ekipmanlar\u0131<br data-start=\"750\" data-end=\"753\" \/>Avantaj: Bile\u015fen korumas\u0131, dayan\u0131kl\u0131 yap\u0131 ve uzun servis \u00f6mr\u00fc<\/p>\n","protected":false},"featured_media":22443,"template":"","meta":[],"product_brand":[],"product_cat":[523,472,554],"product_tag":[],"class_list":{"0":"post-22442","1":"product","2":"type-product","3":"status-publish","4":"has-post-thumbnail","6":"product_cat-yedek-parca-linde","7":"product_cat-kaporta-aksami","8":"product_cat-haftanin-urunleri","10":"first","11":"instock","12":"taxable","13":"shipping-taxable","14":"purchasable","15":"product-type-simple"},"_links":{"self":[{"href":"https:\/\/ceoparts.com\/tr\/wp-json\/wp\/v2\/product\/22442","targetHints":{"allow":["GET"]}}],"collection":[{"href":"https:\/\/ceoparts.com\/tr\/wp-json\/wp\/v2\/product"}],"about":[{"href":"https:\/\/ceoparts.com\/tr\/wp-json\/wp\/v2\/types\/product"}],"wp:featuredmedia":[{"embeddable":true,"href":"https:\/\/ceoparts.com\/tr\/wp-json\/wp\/v2\/media\/22443"}],"wp:attachment":[{"href":"https:\/\/ceoparts.com\/tr\/wp-json\/wp\/v2\/media?parent=22442"}],"wp:term":[{"taxonomy":"product_brand","embeddable":true,"href":"https:\/\/ceoparts.com\/tr\/wp-json\/wp\/v2\/product_brand?post=22442"},{"taxonomy":"product_cat","embeddable":true,"href":"https:\/\/ceoparts.com\/tr\/wp-json\/wp\/v2\/product_cat?post=22442"},{"taxonomy":"product_tag","embeddable":true,"href":"https:\/\/ceoparts.com\/tr\/wp-json\/wp\/v2\/product_tag?post=22442"}],"curies":[{"name":"wp","href":"https:\/\/api.w.org\/{rel}","templated":true}]}}