{"id":22448,"date":"2026-05-15T16:58:30","date_gmt":"2026-05-15T13:58:30","guid":{"rendered":"https:\/\/ceoparts.com\/?post_type=product&#038;p=22448"},"modified":"2026-05-16T06:15:05","modified_gmt":"2026-05-16T03:15:05","slug":"still-kapak-50024300619","status":"publish","type":"product","link":"https:\/\/ceoparts.com\/tr\/urun\/still-kapak-50024300619\/","title":{"rendered":"STILL Kapak &#8211; 50024300619"},"content":{"rendered":"<p>STILL Kapak &#8211; 50024300619<\/p>","protected":false},"excerpt":{"rendered":"<p data-start=\"38\" data-end=\"511\"><strong data-start=\"38\" data-end=\"65\">STILL kapak 50024300619<\/strong>, forklift ve depo ekipmanlar\u0131nda kullan\u0131lan koruyucu bir g\u00f6vde par\u00e7as\u0131d\u0131r. Makine \u00fczerindeki mekanik, elektriksel veya elektronik bile\u015fenleri toz, kir, darbe ve d\u0131\u015f etkenlere kar\u015f\u0131 korumaya yard\u0131mc\u0131 olur. Dayan\u0131kl\u0131 yap\u0131s\u0131 sayesinde yo\u011fun end\u00fcstriyel \u00e7al\u0131\u015fma ko\u015fullar\u0131nda uzun \u00f6m\u00fcrl\u00fc kullan\u0131m sa\u011flar ve ekipman\u0131n g\u00fcvenli, d\u00fczenli ve stabil \u00e7al\u0131\u015fmas\u0131na katk\u0131da bulunur. Ayn\u0131 zamanda ilgili sistem bile\u015fenlerinin d\u0131\u015f ortamdan korunmas\u0131n\u0131 destekler.<\/p>\n<p data-start=\"513\" data-end=\"786\"><strong data-start=\"513\" data-end=\"528\">\u00d6zellikler:<\/strong><br data-start=\"528\" data-end=\"531\" \/>\u00dcr\u00fcn Ad\u0131: STILL Kapak<br data-start=\"552\" data-end=\"555\" \/>Par\u00e7a Kodu: 50024300619<br data-start=\"578\" data-end=\"581\" \/>Tip: Koruyucu kapak \/ g\u00f6vde par\u00e7as\u0131<br data-start=\"616\" data-end=\"619\" \/>Malzeme: Dayan\u0131kl\u0131 end\u00fcstriyel plastik \/ kompozit yap\u0131<br data-start=\"673\" data-end=\"676\" \/>Kullan\u0131m Alan\u0131: Forklift ve depo ekipmanlar\u0131<br data-start=\"720\" data-end=\"723\" \/>Avantaj: Bile\u015fen korumas\u0131, dayan\u0131kl\u0131 yap\u0131 ve uzun servis \u00f6mr\u00fc<\/p>\n","protected":false},"featured_media":22452,"template":"","meta":[],"product_brand":[],"product_cat":[524,472,554],"product_tag":[],"class_list":{"0":"post-22448","1":"product","2":"type-product","3":"status-publish","4":"has-post-thumbnail","6":"product_cat-yedek-parca-still","7":"product_cat-kaporta-aksami","8":"product_cat-haftanin-urunleri","10":"first","11":"instock","12":"taxable","13":"shipping-taxable","14":"purchasable","15":"product-type-simple"},"_links":{"self":[{"href":"https:\/\/ceoparts.com\/tr\/wp-json\/wp\/v2\/product\/22448","targetHints":{"allow":["GET"]}}],"collection":[{"href":"https:\/\/ceoparts.com\/tr\/wp-json\/wp\/v2\/product"}],"about":[{"href":"https:\/\/ceoparts.com\/tr\/wp-json\/wp\/v2\/types\/product"}],"wp:featuredmedia":[{"embeddable":true,"href":"https:\/\/ceoparts.com\/tr\/wp-json\/wp\/v2\/media\/22452"}],"wp:attachment":[{"href":"https:\/\/ceoparts.com\/tr\/wp-json\/wp\/v2\/media?parent=22448"}],"wp:term":[{"taxonomy":"product_brand","embeddable":true,"href":"https:\/\/ceoparts.com\/tr\/wp-json\/wp\/v2\/product_brand?post=22448"},{"taxonomy":"product_cat","embeddable":true,"href":"https:\/\/ceoparts.com\/tr\/wp-json\/wp\/v2\/product_cat?post=22448"},{"taxonomy":"product_tag","embeddable":true,"href":"https:\/\/ceoparts.com\/tr\/wp-json\/wp\/v2\/product_tag?post=22448"}],"curies":[{"name":"wp","href":"https:\/\/api.w.org\/{rel}","templated":true}]}}