{"id":22459,"date":"2026-05-15T17:35:12","date_gmt":"2026-05-15T14:35:12","guid":{"rendered":"https:\/\/ceoparts.com\/?post_type=product&#038;p=22459"},"modified":"2026-05-16T06:51:57","modified_gmt":"2026-05-16T03:51:57","slug":"still-fan-24v-0-12a-8710059","status":"publish","type":"product","link":"https:\/\/ceoparts.com\/tr\/urun\/still-fan-24v-0-12a-8710059\/","title":{"rendered":"STILL Fan 24V 0.12A &#8211; 8710059"},"content":{"rendered":"<p>STILL Fan 24V 0.12A &#8211; 8710059<\/p>","protected":false},"excerpt":{"rendered":"<p data-start=\"42\" data-end=\"572\"><strong data-start=\"42\" data-end=\"73\">STILL fan 24V 0.12A 8710059<\/strong>, forklift ve depo ekipmanlar\u0131nda elektronik sistemlerin ve elektrik bile\u015fenlerinin so\u011futulmas\u0131 amac\u0131yla kullan\u0131lan bir so\u011futma fan\u0131d\u0131r. \u00c7al\u0131\u015fma s\u0131ras\u0131nda olu\u015fan \u0131s\u0131n\u0131n d\u0131\u015far\u0131 aktar\u0131lmas\u0131na yard\u0131mc\u0131 olarak elektronik kartlar, kontrol \u00fcniteleri ve di\u011fer hassas bile\u015fenlerin daha stabil ve g\u00fcvenli \u00e7al\u0131\u015fmas\u0131n\u0131 destekler. 24V \u00e7al\u0131\u015fma voltaj\u0131 ve d\u00fc\u015f\u00fck ak\u0131m t\u00fcketimi sayesinde enerji verimli performans sunar. Dayan\u0131kl\u0131 yap\u0131s\u0131 sayesinde yo\u011fun end\u00fcstriyel \u00e7al\u0131\u015fma ko\u015fullar\u0131nda uzun \u00f6m\u00fcrl\u00fc kullan\u0131m sa\u011flar.<\/p>\n<p data-start=\"574\" data-end=\"842\"><strong data-start=\"574\" data-end=\"589\">\u00d6zellikler:<\/strong><br data-start=\"589\" data-end=\"592\" \/>\u00dcr\u00fcn Ad\u0131: STILL Fan 24V 0.12A<br data-start=\"621\" data-end=\"624\" \/>Par\u00e7a Kodu: 8710059<br data-start=\"643\" data-end=\"646\" \/>Voltaj: 24V<br data-start=\"657\" data-end=\"660\" \/>Ak\u0131m: 0.12A<br data-start=\"671\" data-end=\"674\" \/>Tip: Elektronik sistem so\u011futma fan\u0131<br data-start=\"709\" data-end=\"712\" \/>Kullan\u0131m Alan\u0131: Forklift ve depo ekipmanlar\u0131 elektronik sistemleri<br data-start=\"778\" data-end=\"781\" \/>Avantaj: Etkili so\u011futma, stabil \u00e7al\u0131\u015fma ve uzun servis \u00f6mr\u00fc<\/p>\n","protected":false},"featured_media":22461,"template":"","meta":[],"product_brand":[],"product_cat":[524,470,554],"product_tag":[],"class_list":{"0":"post-22459","1":"product","2":"type-product","3":"status-publish","4":"has-post-thumbnail","6":"product_cat-yedek-parca-still","7":"product_cat-diger-yedek-parcalar","8":"product_cat-haftanin-urunleri","10":"first","11":"instock","12":"taxable","13":"shipping-taxable","14":"purchasable","15":"product-type-simple"},"_links":{"self":[{"href":"https:\/\/ceoparts.com\/tr\/wp-json\/wp\/v2\/product\/22459","targetHints":{"allow":["GET"]}}],"collection":[{"href":"https:\/\/ceoparts.com\/tr\/wp-json\/wp\/v2\/product"}],"about":[{"href":"https:\/\/ceoparts.com\/tr\/wp-json\/wp\/v2\/types\/product"}],"wp:featuredmedia":[{"embeddable":true,"href":"https:\/\/ceoparts.com\/tr\/wp-json\/wp\/v2\/media\/22461"}],"wp:attachment":[{"href":"https:\/\/ceoparts.com\/tr\/wp-json\/wp\/v2\/media?parent=22459"}],"wp:term":[{"taxonomy":"product_brand","embeddable":true,"href":"https:\/\/ceoparts.com\/tr\/wp-json\/wp\/v2\/product_brand?post=22459"},{"taxonomy":"product_cat","embeddable":true,"href":"https:\/\/ceoparts.com\/tr\/wp-json\/wp\/v2\/product_cat?post=22459"},{"taxonomy":"product_tag","embeddable":true,"href":"https:\/\/ceoparts.com\/tr\/wp-json\/wp\/v2\/product_tag?post=22459"}],"curies":[{"name":"wp","href":"https:\/\/api.w.org\/{rel}","templated":true}]}}