{"id":7551,"date":"2020-10-21T10:26:01","date_gmt":"2020-10-21T07:26:01","guid":{"rendered":"http:\/\/ceoparts.com\/tr\/?post_type=product&#038;p=7551"},"modified":"2026-05-16T15:12:58","modified_gmt":"2026-05-16T12:12:58","slug":"343x114-80-jung-50030509","status":"publish","type":"product","link":"https:\/\/ceoparts.com\/tr\/urun\/343x114-80-jung-50030509\/","title":{"rendered":"343&#215;114-80 7B Stellana Vulkollan Y\u00fcr\u00fcy\u00fc\u015f Tekeri &#8211; 50030509"},"content":{"rendered":"<p>343&#215;114-80 7B Stellana Vulkollan Y\u00fcr\u00fcy\u00fc\u015f Tekeri &#8211; 50030509<\/p>\n<p>UNGHEINRICH: 63135030 50030509\u00a0\u00a0 343&#215;110\/114-80<\/p>\n<p>EKE 20<br \/>\nEKC 12.5\/16\/20<br \/>\nKmS III<br \/>\nKmS IV<br \/>\nEKE 30 48V<br \/>\nETM\/V 13,5\/16<br \/>\nETM\/V 20\/25\/GN<br \/>\nEKE 20 48V<br \/>\nEKC 12,5\/16<br \/>\nETM\/V 10<br \/>\nEKE 20\/30 +L<br \/>\nEKC 12,5<br \/>\nEKC 16\/20<br \/>\nEKC 16<br \/>\nEKC 20<br \/>\nETM\/V 10\/12<br \/>\nETM\/V 10<br \/>\nETM\/V 12,5-25<br \/>\nETM\/V 12,5<br \/>\nETM\/V 16<br \/>\nETM\/V 25<br \/>\nETV 12,5 (48V)<br \/>\nETV 16 (48V)<br \/>\nETV 20 (48V)<br \/>\nETV 25 (48V)<br \/>\nETM 12,5<br \/>\nETV 12,5<br \/>\nETM 16<br \/>\nETV 16<br \/>\nETM\/V 13,5\/16<br \/>\nETM\/V 20\/25<br \/>\nETV 20 GN<br \/>\nETVQ 20\/25<br \/>\nESP-LG<br \/>\nETM\/V 20\/25\/GN<br \/>\nETM\/V 13,5\/16<br \/>\nETM\/V 10\/12<br \/>\nWR 14\/16 (STB)<br \/>\nWR 14\/16 (BOSS)<br \/>\nWR 14\/16 (WR KOM)<br \/>\nETM\/V 10<\/p>\n<p>63135030 50030509<\/p>","protected":false},"excerpt":{"rendered":"[wpmem_logged_in]<\/p>\n<table border=\"0\" frame=\"VOID\" rules=\"NONE\" cellspacing=\"0\">\n<colgroup>\n<col width=\"304\" \/>\n<col width=\"176\" \/><\/colgroup>\n<tbody>\n<tr>\n<td align=\"LEFT\" width=\"304\" height=\"38\">Tekerle\u011fi t\u00fcr\u00fc<\/td>\n<td align=\"LEFT\" valign=\"MIDDLE\" width=\"176\"><span style=\"color: #000000; font-family: Calibri;\">\u00a0Standart <\/span><\/td>\n<\/tr>\n<tr>\n<td align=\"LEFT\" height=\"19\">Tekerle\u011fin \u00e7ap\u0131 D (mm)<\/td>\n<td align=\"RIGHT\" valign=\"MIDDLE\"><span style=\"color: #000000; font-family: Calibri;\">343<\/span><\/td>\n<\/tr>\n<tr>\n<td align=\"LEFT\" height=\"19\">Tekerle\u011fin geni\u015fli\u011fi W (mm)<\/td>\n<td align=\"RIGHT\" valign=\"MIDDLE\"><span style=\"color: #000000; font-family: Calibri;\">114<\/span><\/td>\n<\/tr>\n<tr>\n<td align=\"LEFT\" height=\"38\">Jant \u00e7ap\u0131 D-RIM (mm)<\/td>\n<td align=\"RIGHT\" valign=\"MIDDLE\"><span style=\"color: #000000; font-family: Calibri;\">280<\/span><\/td>\n<\/tr>\n<tr>\n<td align=\"LEFT\" height=\"38\">Jant\u0131n \u00e7ap\u0131 W-RIM (mm)<\/td>\n<td align=\"RIGHT\" valign=\"MIDDLE\"><span style=\"color: #000000; font-family: Calibri;\">114<\/span><\/td>\n<\/tr>\n<tr>\n<td align=\"LEFT\" height=\"19\">G\u00f6bek uzunlu\u011fu HL (mm)<\/td>\n<td align=\"LEFT\" valign=\"MIDDLE\"><span style=\"color: #000000; font-family: Calibri;\">\u00a0<\/span><\/td>\n<\/tr>\n<tr>\n<td align=\"LEFT\" height=\"19\">Mil \u00e7ap\u0131 AX1 (mm)<\/td>\n<td align=\"RIGHT\" valign=\"MIDDLE\"><span style=\"color: #000000; font-family: Calibri;\">80<\/span><\/td>\n<\/tr>\n<tr>\n<td align=\"LEFT\" height=\"38\">OFS-OUT flan\u015f\u0131n\u0131n d\u0131\u015f ofseti (mm)<\/td>\n<td align=\"RIGHT\" valign=\"MIDDLE\"><span style=\"color: #000000; font-family: Calibri;\">6<\/span><\/td>\n<\/tr>\n<tr>\n<td align=\"LEFT\" height=\"38\">Flan\u015f kal\u0131nl\u0131\u011f\u0131 TH-FL (mm)<\/td>\n<td align=\"RIGHT\" valign=\"MIDDLE\"><span style=\"color: #000000; font-family: Calibri;\">13<\/span><\/td>\n<\/tr>\n<tr>\n<td align=\"LEFT\" height=\"38\">Tekerle\u011fin malzemesi (gruplanm\u0131\u015f)<\/td>\n<td align=\"LEFT\" valign=\"MIDDLE\"><span style=\"color: #000000; font-family: Calibri;\">Poli\u00fcretan<\/span><\/td>\n<\/tr>\n<tr>\n<td align=\"LEFT\" height=\"19\">Tekerlek malzemesi detay\u0131<\/td>\n<td align=\"LEFT\" valign=\"MIDDLE\"><span style=\"color: #000000; font-family: Calibri;\">\u00a0<\/span><\/td>\n<\/tr>\n<tr>\n<td align=\"LEFT\" height=\"19\">Sertlik (sahil A)<\/td>\n<td align=\"LEFT\" valign=\"MIDDLE\"><span style=\"color: #000000; font-family: Calibri;\">\u00a0<\/span><\/td>\n<\/tr>\n<tr>\n<td align=\"LEFT\" height=\"20\">Tekerlek profili<\/td>\n<td align=\"LEFT\" valign=\"MIDDLE\"><span style=\"color: #000000; font-family: Calibri;\">P\u00dcR\u00dcZS\u00dcZ<\/span><\/td>\n<\/tr>\n<tr>\n<td align=\"LEFT\" height=\"20\">Jant malzemesi<\/td>\n<td align=\"LEFT\" valign=\"MIDDLE\"><span style=\"color: #000000; font-family: Calibri;\">D\u00d6K\u00dcM DEM\u0130R<\/span><\/td>\n<\/tr>\n<tr>\n<td align=\"LEFT\" height=\"20\">Cam mevcutmu<\/td>\n<td align=\"LEFT\" valign=\"MIDDLE\"><span style=\"color: #000000; font-family: Calibri;\">Hay\u0131r<\/span><\/td>\n<\/tr>\n<tr>\n<td align=\"LEFT\" height=\"38\">C\u0131vata deli\u011fi say\u0131s\u0131<\/td>\n<td align=\"RIGHT\" valign=\"MIDDLE\"><span style=\"color: #000000; font-family: Calibri;\">7<\/span><\/td>\n<\/tr>\n<tr>\n<td align=\"LEFT\" height=\"38\">C\u0131vata deliklerinin \u00e7ap\u0131 D-BH1 (mm)<\/td>\n<td align=\"RIGHT\" valign=\"MIDDLE\"><span style=\"color: #000000; font-family: Calibri;\">18,5<\/span><\/td>\n<\/tr>\n<tr>\n<td align=\"LEFT\" height=\"38\">Daire \u00e7ap\u0131 D-BH1 (mm)<\/td>\n<td align=\"RIGHT\" valign=\"MIDDLE\"><span style=\"color: #000000; font-family: Calibri;\">112<\/span><\/td>\n<\/tr>\n<tr>\n<td align=\"LEFT\" height=\"19\">Jant ve lastik<\/td>\n<td align=\"LEFT\" valign=\"MIDDLE\"><span style=\"color: #000000; font-family: Calibri;\">Hay\u0131r<\/span><\/td>\n<\/tr>\n<tr>\n<td align=\"LEFT\" height=\"38\">So\u011fuk hava deposu kullan\u0131m\u0131<\/td>\n<td align=\"LEFT\" valign=\"MIDDLE\"><span style=\"color: #000000; font-family: Calibri;\">Hay\u0131r<\/span><\/td>\n<\/tr>\n<\/tbody>\n<\/table>\n<p>[\/wpmem_logged_in]\n","protected":false},"featured_media":11439,"template":"","meta":[],"product_brand":[],"product_cat":[416,418,193],"product_tag":[],"class_list":{"0":"post-7551","1":"product","2":"type-product","3":"status-publish","4":"has-post-thumbnail","6":"product_cat-stellana","7":"product_cat-yuruyus-tekeri-stellana","8":"product_cat-yuruyus-tekeri","10":"first","11":"instock","12":"taxable","13":"shipping-taxable","14":"purchasable","15":"product-type-simple"},"_links":{"self":[{"href":"https:\/\/ceoparts.com\/tr\/wp-json\/wp\/v2\/product\/7551","targetHints":{"allow":["GET"]}}],"collection":[{"href":"https:\/\/ceoparts.com\/tr\/wp-json\/wp\/v2\/product"}],"about":[{"href":"https:\/\/ceoparts.com\/tr\/wp-json\/wp\/v2\/types\/product"}],"wp:featuredmedia":[{"embeddable":true,"href":"https:\/\/ceoparts.com\/tr\/wp-json\/wp\/v2\/media\/11439"}],"wp:attachment":[{"href":"https:\/\/ceoparts.com\/tr\/wp-json\/wp\/v2\/media?parent=7551"}],"wp:term":[{"taxonomy":"product_brand","embeddable":true,"href":"https:\/\/ceoparts.com\/tr\/wp-json\/wp\/v2\/product_brand?post=7551"},{"taxonomy":"product_cat","embeddable":true,"href":"https:\/\/ceoparts.com\/tr\/wp-json\/wp\/v2\/product_cat?post=7551"},{"taxonomy":"product_tag","embeddable":true,"href":"https:\/\/ceoparts.com\/tr\/wp-json\/wp\/v2\/product_tag?post=7551"}],"curies":[{"name":"wp","href":"https:\/\/api.w.org\/{rel}","templated":true}]}}