{"id":7706,"date":"2020-10-25T02:48:36","date_gmt":"2020-10-24T23:48:36","guid":{"rendered":"http:\/\/ceoparts.com\/?post_type=product&#038;p=7706"},"modified":"2026-05-16T21:09:56","modified_gmt":"2026-05-16T18:09:56","slug":"230x70-82-65-5b-o135-o23-yuruyus-tekeri","status":"publish","type":"product","link":"https:\/\/ceoparts.com\/tr\/urun\/230x70-82-65-5b-o135-o23-yuruyus-tekeri\/","title":{"rendered":"230&#215;70\/82-65 Wicke Y\u00fcr\u00fcy\u00fc\u015f Tekeri &#8211; 108987"},"content":{"rendered":"<p>230&#215;70\/82-65 Wicke Y\u00fcr\u00fcy\u00fc\u015f Tekeri &#8211; 108987<\/p>\n<p>NISSAN, ATLET, LAFIS: 108987<\/p>\n<p><strong>PLL, PSD, PSL, PLE,\u00a0<span style=\"font-family: Arial+1;\">PS, PSH<\/span><\/strong><\/p>","protected":false},"excerpt":{"rendered":"[wpmem_logged_in]<\/p>\n<table width=\"327\">\n<tbody>\n<tr>\n<td width=\"208\">Tekerlek tipi<\/td>\n<td width=\"119\">\u00a0Standart<\/td>\n<\/tr>\n<tr>\n<td width=\"208\">Tekerlek \u00e7ap\u0131 D (mm)<\/td>\n<td width=\"119\">230<\/td>\n<\/tr>\n<tr>\n<td width=\"208\">Tekerle\u011fin geni\u015fli\u011fi W (mm)<\/td>\n<td width=\"119\">70<\/td>\n<\/tr>\n<tr>\n<td width=\"208\">Jant \u00e7ap\u0131 D-RIM (mm)<\/td>\n<td width=\"119\">184<\/td>\n<\/tr>\n<tr>\n<td width=\"208\">Jant \u00e7ap\u0131 W-RIM (mm)<\/td>\n<td width=\"119\">70<\/td>\n<\/tr>\n<tr>\n<td width=\"208\">Mil \u00e7ap\u0131 AX1 (mm)<\/td>\n<td width=\"119\">65<\/td>\n<\/tr>\n<tr>\n<td width=\"208\">Strok uzunlu\u011fu HL (mm)<\/td>\n<td width=\"119\">83<\/td>\n<\/tr>\n<tr>\n<td width=\"208\">Tekerlek malzemesi (gruplanm\u0131\u015f)<\/td>\n<td width=\"119\">Polyurethane<\/td>\n<\/tr>\n<tr>\n<td width=\"208\">Tekerlek profili<\/td>\n<td width=\"119\">P\u00fcr\u00fczs\u00fcz<\/td>\n<\/tr>\n<tr>\n<td width=\"208\">Jant malzemesi<\/td>\n<td width=\"119\">Demird\u00f6k\u00fcm<\/td>\n<\/tr>\n<tr>\n<td width=\"208\">C\u0131vata deli\u011fi say\u0131s\u0131<\/td>\n<td width=\"119\">5<\/td>\n<\/tr>\n<tr>\n<td width=\"208\">En k\u00fc\u00e7\u00fck i\u00e7 kenar\u0131n \u00e7ap\u0131 D1 (mm)<\/td>\n<td width=\"119\">13<\/td>\n<\/tr>\n<tr>\n<td width=\"208\">Daire \u00e7ap\u0131 D-PITCH (mm)<\/td>\n<td width=\"119\">90<\/td>\n<\/tr>\n<tr>\n<td width=\"208\">Flan\u015f kal\u0131nl\u0131\u011f\u0131 TH-FL (mm)<\/td>\n<td width=\"119\">10<\/td>\n<\/tr>\n<\/tbody>\n<\/table>\n<p>[\/wpmem_logged_in]\n","protected":false},"featured_media":11169,"template":"","meta":[],"product_brand":[],"product_cat":[262,265,404,193],"product_tag":[],"class_list":{"0":"post-7706","1":"product","2":"type-product","3":"status-publish","4":"has-post-thumbnail","6":"product_cat-atlet","7":"product_cat-yuruyus-tekeri-atlet","8":"product_cat-yuruyus-tekeri-wicke","9":"product_cat-yuruyus-tekeri","11":"first","12":"instock","13":"taxable","14":"shipping-taxable","15":"purchasable","16":"product-type-simple"},"_links":{"self":[{"href":"https:\/\/ceoparts.com\/tr\/wp-json\/wp\/v2\/product\/7706","targetHints":{"allow":["GET"]}}],"collection":[{"href":"https:\/\/ceoparts.com\/tr\/wp-json\/wp\/v2\/product"}],"about":[{"href":"https:\/\/ceoparts.com\/tr\/wp-json\/wp\/v2\/types\/product"}],"wp:featuredmedia":[{"embeddable":true,"href":"https:\/\/ceoparts.com\/tr\/wp-json\/wp\/v2\/media\/11169"}],"wp:attachment":[{"href":"https:\/\/ceoparts.com\/tr\/wp-json\/wp\/v2\/media?parent=7706"}],"wp:term":[{"taxonomy":"product_brand","embeddable":true,"href":"https:\/\/ceoparts.com\/tr\/wp-json\/wp\/v2\/product_brand?post=7706"},{"taxonomy":"product_cat","embeddable":true,"href":"https:\/\/ceoparts.com\/tr\/wp-json\/wp\/v2\/product_cat?post=7706"},{"taxonomy":"product_tag","embeddable":true,"href":"https:\/\/ceoparts.com\/tr\/wp-json\/wp\/v2\/product_tag?post=7706"}],"curies":[{"name":"wp","href":"https:\/\/api.w.org\/{rel}","templated":true}]}}