{"id":7709,"date":"2020-10-25T09:42:31","date_gmt":"2020-10-25T06:42:31","guid":{"rendered":"http:\/\/ceoparts.com\/?post_type=product&#038;p=7709"},"modified":"2026-05-16T15:10:34","modified_gmt":"2026-05-16T12:10:34","slug":"85x75-6303-roller-vulkollan-bt-167607","status":"publish","type":"product","link":"https:\/\/ceoparts.com\/tr\/urun\/85x75-6303-roller-vulkollan-bt-167607\/","title":{"rendered":"85&#215;75\/77-17 BT \u00c7atal Tekeri &#8211; 167607"},"content":{"rendered":"<p>85&#215;75\/77-17 BT \u00c7atal Tekeri &#8211; 167607<\/p>","protected":false},"excerpt":{"rendered":"[wpmem_logged_in]<\/p>\n<table>\n<tbody>\n<tr>\n<td width=\"398\">Silindir \u00e7e\u015fidi<\/td>\n<td width=\"304\">Standart<\/td>\n<\/tr>\n<tr>\n<td>Silindir t\u00fcr\u00fc<\/td>\n<td>Rulmanl\u0131<\/td>\n<\/tr>\n<tr>\n<td>Tekerle\u011fin \u00e7ap\u0131 D (mm)<\/td>\n<td>83<\/td>\n<\/tr>\n<tr>\n<td>W (mm) tekerlek geni\u015fli\u011fi<\/td>\n<td>75<\/td>\n<\/tr>\n<tr>\n<td>Rulman haznesinin \u00e7ap\u0131 D-BC (mm)<\/td>\n<td>47<\/td>\n<\/tr>\n<tr>\n<td>Rulman tipi<\/td>\n<td>6303<\/td>\n<\/tr>\n<tr>\n<td>Tekerle\u011fin malzemesi (gruplanm\u0131\u015f)<\/td>\n<td>Polyurethane<\/td>\n<\/tr>\n<tr>\n<td>\u015eaft \u00e7ap\u0131 AX1 (mm)<\/td>\n<td>17<\/td>\n<\/tr>\n<tr>\n<td>Ba\u011flant\u0131 uzunlu\u011fu CL (mm)<\/td>\n<td>76,5<\/td>\n<\/tr>\n<\/tbody>\n<\/table>\n<p>[\/wpmem_logged_in]\n","protected":false},"featured_media":15444,"template":"","meta":[],"product_brand":[],"product_cat":[251,253,398,400],"product_tag":[],"class_list":{"0":"post-7709","1":"product","2":"type-product","3":"status-publish","4":"has-post-thumbnail","6":"product_cat-bt","7":"product_cat-catal-tekeri-bt","8":"product_cat-catal-tekeri-ceo","9":"product_cat-catal-tekeri","11":"first","12":"instock","13":"taxable","14":"shipping-taxable","15":"purchasable","16":"product-type-simple"},"_links":{"self":[{"href":"https:\/\/ceoparts.com\/tr\/wp-json\/wp\/v2\/product\/7709","targetHints":{"allow":["GET"]}}],"collection":[{"href":"https:\/\/ceoparts.com\/tr\/wp-json\/wp\/v2\/product"}],"about":[{"href":"https:\/\/ceoparts.com\/tr\/wp-json\/wp\/v2\/types\/product"}],"wp:featuredmedia":[{"embeddable":true,"href":"https:\/\/ceoparts.com\/tr\/wp-json\/wp\/v2\/media\/15444"}],"wp:attachment":[{"href":"https:\/\/ceoparts.com\/tr\/wp-json\/wp\/v2\/media?parent=7709"}],"wp:term":[{"taxonomy":"product_brand","embeddable":true,"href":"https:\/\/ceoparts.com\/tr\/wp-json\/wp\/v2\/product_brand?post=7709"},{"taxonomy":"product_cat","embeddable":true,"href":"https:\/\/ceoparts.com\/tr\/wp-json\/wp\/v2\/product_cat?post=7709"},{"taxonomy":"product_tag","embeddable":true,"href":"https:\/\/ceoparts.com\/tr\/wp-json\/wp\/v2\/product_tag?post=7709"}],"curies":[{"name":"wp","href":"https:\/\/api.w.org\/{rel}","templated":true}]}}