{"id":7719,"date":"2020-10-25T13:38:17","date_gmt":"2020-10-25T10:38:17","guid":{"rendered":"http:\/\/ceoparts.com\/?post_type=product&#038;p=7719"},"modified":"2026-05-16T12:11:06","modified_gmt":"2026-05-16T09:11:06","slug":"hyster-4021577-yuk-tekeri","status":"publish","type":"product","link":"https:\/\/ceoparts.com\/tr\/urun\/hyster-4021577-yuk-tekeri\/","title":{"rendered":"285x140x40 Wicke Hyster Y\u00fck Tekeri &#8211; 4021577"},"content":{"rendered":"<p>285x140x40 Wicke Hyster Y\u00fck Tekeri &#8211; 4021577<\/p>","protected":false},"excerpt":{"rendered":"[wpmem_logged_in]<\/p>\n<table>\n<tbody>\n<tr>\n<td width=\"210\">Y\u00fck tekerle\u011fi \u00e7e\u015fitleri<\/td>\n<td width=\"101\">\u00a0Standart<\/td>\n<\/tr>\n<tr>\n<td>Y\u00fck tekerle\u011fi t\u00fcr\u00fc<\/td>\n<td>Rulmanl\u0131<\/td>\n<\/tr>\n<tr>\n<td>Tekerle\u011fin \u00e7ap\u0131 D (mm)<\/td>\n<td>285<\/td>\n<\/tr>\n<tr>\n<td>W (mm) tekerlek geni\u015fli\u011fi<\/td>\n<td>140<\/td>\n<\/tr>\n<tr>\n<td>Rulman haznesinin \u00e7ap\u0131 1 D-BC1 (mm)<\/td>\n<td>68<\/td>\n<\/tr>\n<tr>\n<td>\u015eaft \u00e7ap\u0131 AX1 (mm)<\/td>\n<td>40<\/td>\n<\/tr>\n<tr>\n<td>Tekerle\u011fin malzemesi (gruplanm\u0131\u015f)<\/td>\n<td>Polyurethane<\/td>\n<\/tr>\n<tr>\n<td>Jant Malzemesi<\/td>\n<td>D\u00f6k\u00fcm Demir<\/td>\n<\/tr>\n<tr>\n<td>Jant D-RIM \u00e7ap\u0131 (mm)<\/td>\n<td>250<\/td>\n<\/tr>\n<tr>\n<td>W (mm) tekerlek geni\u015fli\u011fi<\/td>\n<td>140<\/td>\n<\/tr>\n<tr>\n<td>G\u00f6bek uzunlu\u011fu HL (mm)<\/td>\n<td>66<\/td>\n<\/tr>\n<\/tbody>\n<\/table>\n<p>[\/wpmem_logged_in]\n","protected":false},"featured_media":16472,"template":"","meta":[],"product_brand":[],"product_cat":[256,261,405,194],"product_tag":[],"class_list":{"0":"post-7719","1":"product","2":"type-product","3":"status-publish","4":"has-post-thumbnail","6":"product_cat-hyster","7":"product_cat-yuk-tekeri-hyster","8":"product_cat-yuk-tekeri-wicke","9":"product_cat-yuk-tekeri","11":"first","12":"instock","13":"taxable","14":"shipping-taxable","15":"purchasable","16":"product-type-simple"},"_links":{"self":[{"href":"https:\/\/ceoparts.com\/tr\/wp-json\/wp\/v2\/product\/7719","targetHints":{"allow":["GET"]}}],"collection":[{"href":"https:\/\/ceoparts.com\/tr\/wp-json\/wp\/v2\/product"}],"about":[{"href":"https:\/\/ceoparts.com\/tr\/wp-json\/wp\/v2\/types\/product"}],"wp:featuredmedia":[{"embeddable":true,"href":"https:\/\/ceoparts.com\/tr\/wp-json\/wp\/v2\/media\/16472"}],"wp:attachment":[{"href":"https:\/\/ceoparts.com\/tr\/wp-json\/wp\/v2\/media?parent=7719"}],"wp:term":[{"taxonomy":"product_brand","embeddable":true,"href":"https:\/\/ceoparts.com\/tr\/wp-json\/wp\/v2\/product_brand?post=7719"},{"taxonomy":"product_cat","embeddable":true,"href":"https:\/\/ceoparts.com\/tr\/wp-json\/wp\/v2\/product_cat?post=7719"},{"taxonomy":"product_tag","embeddable":true,"href":"https:\/\/ceoparts.com\/tr\/wp-json\/wp\/v2\/product_tag?post=7719"}],"curies":[{"name":"wp","href":"https:\/\/api.w.org\/{rel}","templated":true}]}}