{"id":7721,"date":"2020-10-25T14:13:08","date_gmt":"2020-10-25T11:13:08","guid":{"rendered":"http:\/\/ceoparts.com\/?post_type=product&#038;p=7721"},"modified":"2026-05-16T17:04:57","modified_gmt":"2026-05-16T14:04:57","slug":"180x65-70-25-jung-51056244","status":"publish","type":"product","link":"https:\/\/ceoparts.com\/tr\/urun\/180x65-70-25-jung-51056244\/","title":{"rendered":"180&#215;65\/70-25 Jungheinrich Denge Tekeri &#8211; 51056244"},"content":{"rendered":"<p>180&#215;65\/70-25 Jungheinrich Denge Tekeri &#8211; 51056244<\/p>","protected":false},"excerpt":{"rendered":"[wpmem_logged_in]<\/p>\n<table border=\"0\" frame=\"VOID\" rules=\"NONE\" cellspacing=\"0\">\n<colgroup>\n<col width=\"366\" \/>\n<col width=\"171\" \/><\/colgroup>\n<tbody>\n<tr>\n<td align=\"LEFT\" width=\"366\" height=\"19\">Tekerle\u011fin \u00e7e\u015fidi<\/td>\n<td align=\"LEFT\" width=\"171\"><span style=\"color: #000000; font-family: Calibri;\">\u00a0Standart<\/span><\/td>\n<\/tr>\n<tr>\n<td align=\"LEFT\" height=\"17\">Tekerle\u011fin t\u00fcr\u00fc<\/td>\n<td align=\"LEFT\">Rulmanl\u0131<\/td>\n<\/tr>\n<tr>\n<td align=\"LEFT\" height=\"17\">Tekerle\u011fin \u00e7ap\u0131 D (mm)<\/td>\n<td align=\"RIGHT\">180<\/td>\n<\/tr>\n<tr>\n<td align=\"LEFT\" height=\"17\">W (mm) tekerlek geni\u015fli\u011fi<\/td>\n<td align=\"RIGHT\">65<\/td>\n<\/tr>\n<tr>\n<td align=\"LEFT\" height=\"17\">Rulman haznesinin \u00e7ap\u0131 1 D-BC1 (mm)<\/td>\n<td align=\"RIGHT\">62<\/td>\n<\/tr>\n<tr>\n<td align=\"LEFT\" height=\"17\">Rulman haznesinin \u00e7ap\u0131 2 D-BC2 (mm)<\/td>\n<td align=\"RIGHT\">62<\/td>\n<\/tr>\n<tr>\n<td align=\"LEFT\" height=\"17\">Rulman tipi 1<\/td>\n<td align=\"RIGHT\">6305<\/td>\n<\/tr>\n<tr>\n<td align=\"LEFT\" height=\"17\">\u015eaft \u00e7ap\u0131 AX1 (mm)<\/td>\n<td align=\"RIGHT\">25<\/td>\n<\/tr>\n<tr>\n<td align=\"LEFT\" height=\"17\">G\u00f6bek uzunlu\u011fu HL (mm)<\/td>\n<td align=\"RIGHT\">75<\/td>\n<\/tr>\n<tr>\n<td align=\"LEFT\" height=\"17\">Ba\u011flama uzunlu\u011fu CL (mm)<\/td>\n<td align=\"RIGHT\">75<\/td>\n<\/tr>\n<tr>\n<td align=\"LEFT\" height=\"17\">Tekerle\u011fin malzemesi (gruplanm\u0131\u015f)<\/td>\n<td align=\"LEFT\">Polyurethane<\/td>\n<\/tr>\n<tr>\n<td align=\"LEFT\" height=\"17\">Jant Malzemesi<\/td>\n<td align=\"LEFT\">D\u00f6kme Demir<\/td>\n<\/tr>\n<tr>\n<td align=\"LEFT\" height=\"17\">Jant D-RIM \u00e7ap\u0131 (mm)<\/td>\n<td align=\"RIGHT\">135<\/td>\n<\/tr>\n<tr>\n<td align=\"LEFT\" height=\"17\">W (mm) tekerlek geni\u015fli\u011fi<\/td>\n<td align=\"RIGHT\">65<\/td>\n<\/tr>\n<\/tbody>\n<\/table>\n<p>[\/wpmem_logged_in]\n","protected":false},"featured_media":16467,"template":"","meta":[],"product_brand":[],"product_cat":[236,237,185],"product_tag":[],"class_list":{"0":"post-7721","1":"product","2":"type-product","3":"status-publish","4":"has-post-thumbnail","6":"product_cat-jungheinrich","7":"product_cat-denge-tekeri-jungheinrich","8":"product_cat-denge-tekeri","10":"first","11":"instock","12":"taxable","13":"shipping-taxable","14":"purchasable","15":"product-type-simple"},"_links":{"self":[{"href":"https:\/\/ceoparts.com\/tr\/wp-json\/wp\/v2\/product\/7721","targetHints":{"allow":["GET"]}}],"collection":[{"href":"https:\/\/ceoparts.com\/tr\/wp-json\/wp\/v2\/product"}],"about":[{"href":"https:\/\/ceoparts.com\/tr\/wp-json\/wp\/v2\/types\/product"}],"wp:featuredmedia":[{"embeddable":true,"href":"https:\/\/ceoparts.com\/tr\/wp-json\/wp\/v2\/media\/16467"}],"wp:attachment":[{"href":"https:\/\/ceoparts.com\/tr\/wp-json\/wp\/v2\/media?parent=7721"}],"wp:term":[{"taxonomy":"product_brand","embeddable":true,"href":"https:\/\/ceoparts.com\/tr\/wp-json\/wp\/v2\/product_brand?post=7721"},{"taxonomy":"product_cat","embeddable":true,"href":"https:\/\/ceoparts.com\/tr\/wp-json\/wp\/v2\/product_cat?post=7721"},{"taxonomy":"product_tag","embeddable":true,"href":"https:\/\/ceoparts.com\/tr\/wp-json\/wp\/v2\/product_tag?post=7721"}],"curies":[{"name":"wp","href":"https:\/\/api.w.org\/{rel}","templated":true}]}}