{"id":7731,"date":"2020-10-25T16:01:25","date_gmt":"2020-10-25T13:01:25","guid":{"rendered":"http:\/\/ceoparts.com\/?post_type=product&#038;p=7731"},"modified":"2026-05-16T17:05:31","modified_gmt":"2026-05-16T14:05:31","slug":"300x106-30-bt-137586","status":"publish","type":"product","link":"https:\/\/ceoparts.com\/tr\/urun\/300x106-30-bt-137586\/","title":{"rendered":"300&#215;100 BT 137586"},"content":{"rendered":"<p>300&#215;100 BT 137586<\/p>\n","protected":false},"excerpt":{"rendered":"[wpmem_logged_in]<\/p>\n<table>\n<tbody>\n<tr>\n<td width=\"210\">Y\u00fck tekerle\u011fi \u00e7e\u015fidi<\/td>\n<td width=\"101\">\u00a0Standart<\/td>\n<\/tr>\n<tr>\n<td>Y\u00fck tekerle\u011fi t\u00fcr\u00fc<\/td>\n<td>Rulmanl\u0131<\/td>\n<\/tr>\n<tr>\n<td>Tekerle\u011fin \u00e7ap\u0131 D (mm)<\/td>\n<td>300<\/td>\n<\/tr>\n<tr>\n<td>W (mm) tekerlek geni\u015fli\u011fi<\/td>\n<td>100<\/td>\n<\/tr>\n<tr>\n<td>Rulman haznesinin \u00e7ap\u0131 1 D-BC1 (mm)<\/td>\n<td>90<\/td>\n<\/tr>\n<tr>\n<td>Rulman haznesinin \u00e7ap\u0131 2 D-BC2 (mm)<\/td>\n<td>28<\/td>\n<\/tr>\n<tr>\n<td>Rulman tipi 1<\/td>\n<td><\/td>\n<\/tr>\n<tr>\n<td>\u015eaft \u00e7ap\u0131 AX1 (mm)<\/td>\n<td><\/td>\n<\/tr>\n<tr>\n<td>G\u00f6bek uzunlu\u011fu HL (mm)<\/td>\n<td>100<\/td>\n<\/tr>\n<tr>\n<td>Ba\u011flama uzunlu\u011fu CL (mm)<\/td>\n<td>28<\/td>\n<\/tr>\n<tr>\n<td>Tekerle\u011fin malzemesi (gruplanm\u0131\u015f)<\/td>\n<td>Polyurethane<\/td>\n<\/tr>\n<tr>\n<td>Jant Malzemesi<\/td>\n<td>D\u00f6kme Demir<\/td>\n<\/tr>\n<tr>\n<td>Jant D-RIM \u00e7ap\u0131 (mm)<\/td>\n<td><\/td>\n<\/tr>\n<tr>\n<td>W (mm) tekerlek geni\u015fli\u011fi<\/td>\n<td>100<\/td>\n<\/tr>\n<\/tbody>\n<\/table>\n<p>[\/wpmem_logged_in]\n","protected":false},"featured_media":17692,"template":"","meta":[],"product_brand":[],"product_cat":[251,255],"product_tag":[],"class_list":{"0":"post-7731","1":"product","2":"type-product","3":"status-publish","4":"has-post-thumbnail","6":"product_cat-bt","7":"product_cat-yuk-tekeri-bt","9":"first","10":"instock","11":"taxable","12":"shipping-taxable","13":"purchasable","14":"product-type-simple"},"_links":{"self":[{"href":"https:\/\/ceoparts.com\/tr\/wp-json\/wp\/v2\/product\/7731","targetHints":{"allow":["GET"]}}],"collection":[{"href":"https:\/\/ceoparts.com\/tr\/wp-json\/wp\/v2\/product"}],"about":[{"href":"https:\/\/ceoparts.com\/tr\/wp-json\/wp\/v2\/types\/product"}],"wp:featuredmedia":[{"embeddable":true,"href":"https:\/\/ceoparts.com\/tr\/wp-json\/wp\/v2\/media\/17692"}],"wp:attachment":[{"href":"https:\/\/ceoparts.com\/tr\/wp-json\/wp\/v2\/media?parent=7731"}],"wp:term":[{"taxonomy":"product_brand","embeddable":true,"href":"https:\/\/ceoparts.com\/tr\/wp-json\/wp\/v2\/product_brand?post=7731"},{"taxonomy":"product_cat","embeddable":true,"href":"https:\/\/ceoparts.com\/tr\/wp-json\/wp\/v2\/product_cat?post=7731"},{"taxonomy":"product_tag","embeddable":true,"href":"https:\/\/ceoparts.com\/tr\/wp-json\/wp\/v2\/product_tag?post=7731"}],"curies":[{"name":"wp","href":"https:\/\/api.w.org\/{rel}","templated":true}]}}