{"id":7737,"date":"2020-10-25T18:44:23","date_gmt":"2020-10-25T15:44:23","guid":{"rendered":"http:\/\/ceoparts.com\/?post_type=product&#038;p=7737"},"modified":"2026-05-03T01:10:10","modified_gmt":"2026-05-02T22:10:10","slug":"100x40-15-linde-0039903519","status":"publish","type":"product","link":"https:\/\/ceoparts.com\/tr\/urun\/100x40-15-linde-0039903519\/","title":{"rendered":"100&#215;40-15 Tellure Rota Denge Tekeri &#8211; 4413462 , 50303847 , 0009933800 , 51058754"},"content":{"rendered":"<p>100&#215;40-15 Tellure Rota Denge Tekeri &#8211; 4413462 , 50303847 , 0009933800 , 51058754<\/p>\n<p>EGU 1600\/710215\/01-97<br \/>\nEGU-710115\/710117\/710119\/710125<br \/>\nEGU-H-710201<br \/>\nEGU 14\/710114\/11-97<br \/>\nEGU 16\/710116\/02-97<br \/>\nEGU 18\/710118\/02-97<br \/>\nEGU 20-S\/710123\/11-97<br \/>\nEGU 20\/710122\/08-97<\/p>","protected":false},"excerpt":{"rendered":"<p data-start=\"153\" data-end=\"1068\"><br data-start=\"158\" data-end=\"161\" \/>100&#215;40-15 Tellure Rota Denge Tekeri, forklift ve depo i\u00e7i istif makineleri i\u00e7in \u00f6zel olarak tasarlanm\u0131\u015f y\u00fcksek kaliteli denge tekeridir. 100 mm \u00e7ap ve 40 mm geni\u015flik \u00f6l\u00e7\u00fcs\u00fc, makinenin dengede kalmas\u0131n\u0131 sa\u011flayarak y\u00fck ta\u015f\u0131ma ve manevra s\u0131ras\u0131nda g\u00fcvenli ve stabil hareket sunar. Tellure Rota&#8217;n\u0131n dayan\u0131kl\u0131 malzemesi ve \u00fcst\u00fcn i\u015f\u00e7ilikle \u00fcretilen bu denge tekeri, a\u015f\u0131nmaya kar\u015f\u0131 diren\u00e7li poli\u00fcretan kaplamaya sahiptir. Sessiz \u00e7al\u0131\u015fma \u00f6zelli\u011fi ile operat\u00f6r konforunu art\u0131r\u0131rken, uzun \u00f6m\u00fcrl\u00fc metal g\u00f6vdesi zorlu \u00e7al\u0131\u015fma ko\u015fullar\u0131na dayan\u0131r. Depo, lojistik ve end\u00fcstriyel alanlarda g\u00fcvenle kullan\u0131labilir.<br data-start=\"759\" data-end=\"762\" \/><strong data-start=\"762\" data-end=\"777\">\u00d6zellikler:<\/strong><br data-start=\"777\" data-end=\"780\" \/><strong data-start=\"780\" data-end=\"793\">\u00dcr\u00fcn Ad\u0131:<\/strong> 100&#215;40-15 Tellure Rota Denge Tekeri<br data-start=\"829\" data-end=\"832\" \/><strong data-start=\"832\" data-end=\"850\">Par\u00e7a Kodlar\u0131:<\/strong> 4413462, 50303847, 0009933800, 51058754<br data-start=\"890\" data-end=\"893\" \/><strong data-start=\"893\" data-end=\"905\">Malzeme:<\/strong> Poli\u00fcretan kaplama, metal g\u00f6vde<br data-start=\"937\" data-end=\"940\" \/><strong data-start=\"940\" data-end=\"959\">Kullan\u0131m Alan\u0131:<\/strong> Forklift ve istif makineleri<br data-start=\"988\" data-end=\"991\" \/><strong data-start=\"991\" data-end=\"1003\">Avantaj:<\/strong> Y\u00fcksek a\u015f\u0131nma direnci, stabil denge, sessiz \u00e7al\u0131\u015fma, uzun \u00f6m\u00fcr<\/p>\n<p data-start=\"1070\" data-end=\"2022\">\n","protected":false},"featured_media":16025,"template":"","meta":[],"product_brand":[],"product_cat":[412,413,185],"product_tag":[],"class_list":{"0":"post-7737","1":"product","2":"type-product","3":"status-publish","4":"has-post-thumbnail","6":"product_cat-tellure-rota","7":"product_cat-tellure-rota-denge-tekeri","8":"product_cat-denge-tekeri","10":"first","11":"instock","12":"taxable","13":"shipping-taxable","14":"purchasable","15":"product-type-simple"},"_links":{"self":[{"href":"https:\/\/ceoparts.com\/tr\/wp-json\/wp\/v2\/product\/7737","targetHints":{"allow":["GET"]}}],"collection":[{"href":"https:\/\/ceoparts.com\/tr\/wp-json\/wp\/v2\/product"}],"about":[{"href":"https:\/\/ceoparts.com\/tr\/wp-json\/wp\/v2\/types\/product"}],"wp:featuredmedia":[{"embeddable":true,"href":"https:\/\/ceoparts.com\/tr\/wp-json\/wp\/v2\/media\/16025"}],"wp:attachment":[{"href":"https:\/\/ceoparts.com\/tr\/wp-json\/wp\/v2\/media?parent=7737"}],"wp:term":[{"taxonomy":"product_brand","embeddable":true,"href":"https:\/\/ceoparts.com\/tr\/wp-json\/wp\/v2\/product_brand?post=7737"},{"taxonomy":"product_cat","embeddable":true,"href":"https:\/\/ceoparts.com\/tr\/wp-json\/wp\/v2\/product_cat?post=7737"},{"taxonomy":"product_tag","embeddable":true,"href":"https:\/\/ceoparts.com\/tr\/wp-json\/wp\/v2\/product_tag?post=7737"}],"curies":[{"name":"wp","href":"https:\/\/api.w.org\/{rel}","templated":true}]}}