{"id":7738,"date":"2020-10-25T19:04:48","date_gmt":"2020-10-25T16:04:48","guid":{"rendered":"http:\/\/ceoparts.com\/?post_type=product&#038;p=7738"},"modified":"2026-05-03T01:40:44","modified_gmt":"2026-05-02T22:40:44","slug":"125x40-45-15-linde-00039903563","status":"publish","type":"product","link":"https:\/\/ceoparts.com\/tr\/urun\/125x40-45-15-linde-00039903563\/","title":{"rendered":"125&#215;40\/45-15 Linde 00039903563"},"content":{"rendered":"<p>125&#215;40\/45-15 Linde 00039903563<\/p>\n","protected":false},"excerpt":{"rendered":"[wpmem_logged_in]<\/p>\n<table border=\"0\" rules=\"NONE\" cellspacing=\"0\">\n<colgroup>\n<col width=\"366\" \/>\n<col width=\"171\" \/><\/colgroup>\n<tbody>\n<tr>\n<td align=\"LEFT\" width=\"366\" height=\"19\">Y\u00fck tekerle\u011fi \u00e7e\u015fidi<\/td>\n<td align=\"LEFT\" width=\"171\"><span style=\"color: #000000;font-family: Calibri\">\u00a0Standart <\/span><\/td>\n<\/tr>\n<tr>\n<td align=\"LEFT\" height=\"17\">Y\u00fck tekerle\u011fi t\u00fcr\u00fc<\/td>\n<td align=\"LEFT\">Rulmanl\u0131<\/td>\n<\/tr>\n<tr>\n<td align=\"LEFT\" height=\"17\">Tekerle\u011fin \u00e7ap\u0131 D (mm)<\/td>\n<td align=\"RIGHT\">125<\/td>\n<\/tr>\n<tr>\n<td align=\"LEFT\" height=\"17\">W (mm) tekerlek geni\u015fli\u011fi<\/td>\n<td align=\"RIGHT\">40<\/td>\n<\/tr>\n<tr>\n<td align=\"LEFT\" height=\"17\">Rulman haznesinin \u00e7ap\u0131 1 D-BC1 (mm)<\/td>\n<td align=\"RIGHT\">35<\/td>\n<\/tr>\n<tr>\n<td align=\"LEFT\" height=\"17\">Rulman haznesinin \u00e7ap\u0131 2 D-BC2 (mm)<\/td>\n<td align=\"RIGHT\">35<\/td>\n<\/tr>\n<tr>\n<td align=\"LEFT\" height=\"17\">Rulman tipi 1<\/td>\n<td align=\"RIGHT\">6202<\/td>\n<\/tr>\n<tr>\n<td align=\"LEFT\" height=\"17\">\u015eaft \u00e7ap\u0131 AX1 (mm)<\/td>\n<td align=\"RIGHT\">15<\/td>\n<\/tr>\n<tr>\n<td align=\"LEFT\" height=\"17\">G\u00f6bek uzunlu\u011fu HL (mm)<\/td>\n<td align=\"RIGHT\">40<\/td>\n<\/tr>\n<tr>\n<td align=\"LEFT\" height=\"17\">Ba\u011flant\u0131 uzunlu\u011fu CL (mm)<\/td>\n<td align=\"RIGHT\">35<\/td>\n<\/tr>\n<tr>\n<td align=\"LEFT\" height=\"17\">Tekerle\u011fin malzemesi (gruplanm\u0131\u015f)<\/td>\n<td align=\"LEFT\">Polyurethane<\/td>\n<\/tr>\n<tr>\n<td align=\"LEFT\" height=\"17\">Jant Malzemesi<\/td>\n<td align=\"LEFT\">Al\u00fcminyum<\/td>\n<\/tr>\n<tr>\n<td align=\"LEFT\" height=\"17\">Jant D-RIM \u00e7ap\u0131 (mm)<\/td>\n<td align=\"RIGHT\">105<\/td>\n<\/tr>\n<tr>\n<td align=\"LEFT\" height=\"17\">W (mm) tekerlek geni\u015fli\u011fi<\/td>\n<td align=\"RIGHT\">40<\/td>\n<\/tr>\n<\/tbody>\n<\/table>\n<p>[\/wpmem_logged_in]\n","protected":false},"featured_media":17693,"template":"","meta":[],"product_brand":[],"product_cat":[246,247],"product_tag":[],"class_list":{"0":"post-7738","1":"product","2":"type-product","3":"status-publish","4":"has-post-thumbnail","6":"product_cat-linde","7":"product_cat-denge-tekeri-linde","9":"first","10":"instock","11":"taxable","12":"shipping-taxable","13":"purchasable","14":"product-type-simple"},"_links":{"self":[{"href":"https:\/\/ceoparts.com\/tr\/wp-json\/wp\/v2\/product\/7738","targetHints":{"allow":["GET"]}}],"collection":[{"href":"https:\/\/ceoparts.com\/tr\/wp-json\/wp\/v2\/product"}],"about":[{"href":"https:\/\/ceoparts.com\/tr\/wp-json\/wp\/v2\/types\/product"}],"wp:featuredmedia":[{"embeddable":true,"href":"https:\/\/ceoparts.com\/tr\/wp-json\/wp\/v2\/media\/17693"}],"wp:attachment":[{"href":"https:\/\/ceoparts.com\/tr\/wp-json\/wp\/v2\/media?parent=7738"}],"wp:term":[{"taxonomy":"product_brand","embeddable":true,"href":"https:\/\/ceoparts.com\/tr\/wp-json\/wp\/v2\/product_brand?post=7738"},{"taxonomy":"product_cat","embeddable":true,"href":"https:\/\/ceoparts.com\/tr\/wp-json\/wp\/v2\/product_cat?post=7738"},{"taxonomy":"product_tag","embeddable":true,"href":"https:\/\/ceoparts.com\/tr\/wp-json\/wp\/v2\/product_tag?post=7738"}],"curies":[{"name":"wp","href":"https:\/\/api.w.org\/{rel}","templated":true}]}}