{"id":7740,"date":"2020-10-25T19:15:50","date_gmt":"2020-10-25T16:15:50","guid":{"rendered":"http:\/\/ceoparts.com\/?post_type=product&#038;p=7740"},"modified":"2026-05-03T02:07:17","modified_gmt":"2026-05-02T23:07:17","slug":"150x50-60-20-wicke-4498976","status":"publish","type":"product","link":"https:\/\/ceoparts.com\/tr\/urun\/150x50-60-20-wicke-4498976\/","title":{"rendered":"150&#215;50\/60-20 Wicke Denge Tekeri &#8211; 4498976, 4414979, 4412343"},"content":{"rendered":"<p>150&#215;50\/60-20 Wicke Denge Tekeri &#8211; 4498976, 4414979, 4412343<\/p>\n<p>STILL 4498976, 412343<\/p>\n<p>CX 20 \/711044\/01-07<br \/>\nCXM 10 \/711045\/01-07<br \/>\nCXS 16 \/711046\/01-07<br \/>\nEGD 16 \/710219\/01-07<br \/>\nEGD-S 16\/710219\/06-06<br \/>\nEGU-S 20-24\/II N 710124010323-710126010306\/01-07<br \/>\nEGV 10-12\/710239-710241\/01-07<br \/>\nEGV 10-12\/710240-710242\/01-07<br \/>\nEGV 14\/16-710248\/710250<br \/>\nEGV-S 710210\/710211\/05-95<\/p>\n<p>Crown WE\/WS2300, WE\/WS 2000<\/p>","protected":false},"excerpt":{"rendered":"<p data-start=\"140\" data-end=\"924\"><br data-start=\"145\" data-end=\"148\" \/>150\u00d750\/60-20 Wicke Denge Tekeri, forklift ve istif makineleri i\u00e7in tasarlanm\u0131\u015f y\u00fcksek kaliteli denge tekeridir. 150 mm \u00e7ap ve 50\/60 mm geni\u015flik \u00f6l\u00e7\u00fcs\u00fc ile makinenin stabilitesini art\u0131r\u0131r, \u00f6zellikle y\u00fck ta\u015f\u0131ma ve manevra s\u0131ras\u0131nda denge kay\u0131plar\u0131n\u0131 \u00f6nler. Wicke\u2019nin dayan\u0131kl\u0131 malzemesi sayesinde uzun \u00f6m\u00fcrl\u00fc kullan\u0131m sa\u011flar. Poli\u00fcretan kaplama, a\u015f\u0131nmaya ve kimyasal etkilere kar\u015f\u0131 diren\u00e7 sunar. Depo, lojistik ve end\u00fcstriyel alanlarda sessiz ve g\u00fcvenli \u00e7al\u0131\u015fma i\u00e7in ideal \u00e7\u00f6z\u00fcmd\u00fcr.<br data-start=\"628\" data-end=\"631\" \/><strong data-start=\"631\" data-end=\"646\">\u00d6zellikler:<\/strong><br data-start=\"646\" data-end=\"649\" \/><strong data-start=\"649\" data-end=\"662\">\u00dcr\u00fcn Ad\u0131:<\/strong> 150\u00d750\/60-20 Wicke Denge Tekeri<br data-start=\"694\" data-end=\"697\" \/><strong data-start=\"697\" data-end=\"715\">Par\u00e7a Kodlar\u0131:<\/strong> 4498976, 4414979, 4412343<br data-start=\"741\" data-end=\"744\" \/><strong data-start=\"744\" data-end=\"756\">Malzeme:<\/strong> Poli\u00fcretan kaplama, metal g\u00f6vde<br data-start=\"788\" data-end=\"791\" \/><strong data-start=\"791\" data-end=\"810\">Kullan\u0131m Alan\u0131:<\/strong> Forklift ve istif makineleri<br data-start=\"839\" data-end=\"842\" \/><strong data-start=\"842\" data-end=\"854\">Avantaj:<\/strong> Y\u00fcksek a\u015f\u0131nma direnci, stabilite art\u0131rma, sessiz \u00e7al\u0131\u015fma, uzun \u00f6m\u00fcr<\/p>\n<p data-start=\"926\" data-end=\"1714\">\n","protected":false},"featured_media":11570,"template":"","meta":[],"product_brand":[],"product_cat":[242,272,273,401,403,241,185],"product_tag":[],"class_list":{"0":"post-7740","1":"product","2":"type-product","3":"status-publish","4":"has-post-thumbnail","6":"product_cat-denge-tekeri-still","7":"product_cat-crown","8":"product_cat-denge-tekeri-crown","9":"product_cat-wicke","10":"product_cat-denge-tekeri-wicke","11":"product_cat-still","12":"product_cat-denge-tekeri","14":"first","15":"instock","16":"taxable","17":"shipping-taxable","18":"purchasable","19":"product-type-simple"},"_links":{"self":[{"href":"https:\/\/ceoparts.com\/tr\/wp-json\/wp\/v2\/product\/7740","targetHints":{"allow":["GET"]}}],"collection":[{"href":"https:\/\/ceoparts.com\/tr\/wp-json\/wp\/v2\/product"}],"about":[{"href":"https:\/\/ceoparts.com\/tr\/wp-json\/wp\/v2\/types\/product"}],"wp:featuredmedia":[{"embeddable":true,"href":"https:\/\/ceoparts.com\/tr\/wp-json\/wp\/v2\/media\/11570"}],"wp:attachment":[{"href":"https:\/\/ceoparts.com\/tr\/wp-json\/wp\/v2\/media?parent=7740"}],"wp:term":[{"taxonomy":"product_brand","embeddable":true,"href":"https:\/\/ceoparts.com\/tr\/wp-json\/wp\/v2\/product_brand?post=7740"},{"taxonomy":"product_cat","embeddable":true,"href":"https:\/\/ceoparts.com\/tr\/wp-json\/wp\/v2\/product_cat?post=7740"},{"taxonomy":"product_tag","embeddable":true,"href":"https:\/\/ceoparts.com\/tr\/wp-json\/wp\/v2\/product_tag?post=7740"}],"curies":[{"name":"wp","href":"https:\/\/api.w.org\/{rel}","templated":true}]}}