{"id":7843,"date":"2020-10-26T12:11:43","date_gmt":"2020-10-26T09:11:43","guid":{"rendered":"https:\/\/ceoparts.com\/?post_type=product&#038;p=7843"},"modified":"2026-05-16T14:39:27","modified_gmt":"2026-05-16T11:39:27","slug":"400x160-110-155-24-12b-52041025","status":"publish","type":"product","link":"https:\/\/ceoparts.com\/tr\/urun\/400x160-110-155-24-12b-52041025\/","title":{"rendered":"400&#215;160-110 12B Wicke Vulkollan Y\u00fcr\u00fcy\u00fc\u015f Tekeri &#8211; 52041025"},"content":{"rendered":"<p>400&#215;160-110 12B Wicke Vulkollan Y\u00fcr\u00fcy\u00fc\u015f Tekeri &#8211; 52041025<\/p>\n<p>Jungheinrich 52041025<\/p>\n<p>EKX 513\/515 (2007)5.07 &#8211;<br \/>\nEKS 515k Z\/P S\/F (2007)1.08 &#8211;<br \/>\nETX 513 S\/F 1.11 &#8211;<\/p>","protected":false},"excerpt":{"rendered":"<p data-start=\"138\" data-end=\"1163\"><br data-start=\"143\" data-end=\"146\" \/>400\u00d7160-110 12B Wicke Vulkollan Y\u00fcr\u00fcy\u00fc\u015f Tekeri, a\u011f\u0131r y\u00fck ta\u015f\u0131ma kapasitesine sahip forklift ve end\u00fcstriyel ta\u015f\u0131ma ekipmanlar\u0131 i\u00e7in tasarlanm\u0131\u015f dayan\u0131kl\u0131 ve y\u00fcksek performansl\u0131 bir y\u00fcr\u00fcy\u00fc\u015f tekeridir. Vulkollan kaplama, y\u00fcksek a\u015f\u0131nma direnci ve m\u00fckemmel kimyasal dayan\u0131kl\u0131l\u0131k sunar. 400 mm \u00e7ap ve 160 mm geni\u015flik \u00f6l\u00e7\u00fcs\u00fc, geni\u015f temas alan\u0131 sa\u011flayarak ekipman\u0131n stabilitesini art\u0131r\u0131r ve titre\u015fimleri minimuma indirir. 110 mm geni\u015flik, ekstra y\u00fck ta\u015f\u0131ma kapasitesi ve denge sa\u011flar. Sessiz \u00e7al\u0131\u015fma \u00f6zelli\u011fi operat\u00f6r konforunu art\u0131r\u0131rken, uzun \u00f6m\u00fcrl\u00fc metal g\u00f6vdesi zorlu \u00e7al\u0131\u015fma ko\u015fullar\u0131na dayan\u0131kl\u0131l\u0131k sa\u011flar. Depo, lojistik ve end\u00fcstriyel kullan\u0131m i\u00e7in ideal tercihtir.<br data-start=\"811\" data-end=\"814\" \/><strong data-start=\"814\" data-end=\"829\">\u00d6zellikler:<\/strong><br data-start=\"829\" data-end=\"832\" \/><strong data-start=\"832\" data-end=\"845\">\u00dcr\u00fcn Ad\u0131:<\/strong> 400\u00d7160-110 12B Wicke Vulkollan Y\u00fcr\u00fcy\u00fc\u015f Tekeri<br data-start=\"892\" data-end=\"895\" \/><strong data-start=\"895\" data-end=\"910\">Par\u00e7a Kodu:<\/strong> 52041025<br data-start=\"919\" data-end=\"922\" \/><strong data-start=\"922\" data-end=\"934\">Malzeme:<\/strong> Vulkollan kaplama, metal g\u00f6vde<br data-start=\"965\" data-end=\"968\" \/><strong data-start=\"968\" data-end=\"987\">Kullan\u0131m Alan\u0131:<\/strong> Forklift ve end\u00fcstriyel ta\u015f\u0131ma ekipmanlar\u0131<br data-start=\"1030\" data-end=\"1033\" \/><strong data-start=\"1033\" data-end=\"1045\">Avantaj:<\/strong> Y\u00fcksek a\u015f\u0131nma ve kimyasal diren\u00e7, geni\u015f temas alan\u0131, ekstra geni\u015flik ile \u00fcst\u00fcn stabilite, sessiz \u00e7al\u0131\u015fma, uzun \u00f6m\u00fcr<\/p>\n<p data-start=\"1165\" data-end=\"2146\">\n","protected":false},"featured_media":11365,"template":"","meta":[],"product_brand":[],"product_cat":[236,239,401,404,193],"product_tag":[],"class_list":{"0":"post-7843","1":"product","2":"type-product","3":"status-publish","4":"has-post-thumbnail","6":"product_cat-jungheinrich","7":"product_cat-yuruyus-tekeri-jungheinrich","8":"product_cat-wicke","9":"product_cat-yuruyus-tekeri-wicke","10":"product_cat-yuruyus-tekeri","12":"first","13":"instock","14":"taxable","15":"shipping-taxable","16":"purchasable","17":"product-type-simple"},"_links":{"self":[{"href":"https:\/\/ceoparts.com\/tr\/wp-json\/wp\/v2\/product\/7843","targetHints":{"allow":["GET"]}}],"collection":[{"href":"https:\/\/ceoparts.com\/tr\/wp-json\/wp\/v2\/product"}],"about":[{"href":"https:\/\/ceoparts.com\/tr\/wp-json\/wp\/v2\/types\/product"}],"wp:featuredmedia":[{"embeddable":true,"href":"https:\/\/ceoparts.com\/tr\/wp-json\/wp\/v2\/media\/11365"}],"wp:attachment":[{"href":"https:\/\/ceoparts.com\/tr\/wp-json\/wp\/v2\/media?parent=7843"}],"wp:term":[{"taxonomy":"product_brand","embeddable":true,"href":"https:\/\/ceoparts.com\/tr\/wp-json\/wp\/v2\/product_brand?post=7843"},{"taxonomy":"product_cat","embeddable":true,"href":"https:\/\/ceoparts.com\/tr\/wp-json\/wp\/v2\/product_cat?post=7843"},{"taxonomy":"product_tag","embeddable":true,"href":"https:\/\/ceoparts.com\/tr\/wp-json\/wp\/v2\/product_tag?post=7843"}],"curies":[{"name":"wp","href":"https:\/\/api.w.org\/{rel}","templated":true}]}}