{"id":7848,"date":"2020-10-26T19:28:30","date_gmt":"2020-10-26T16:28:30","guid":{"rendered":"https:\/\/ceoparts.com\/?post_type=product&#038;p=7848"},"modified":"2026-05-16T14:33:51","modified_gmt":"2026-05-16T11:33:51","slug":"250x65-75-80-5b-bt-138457","status":"publish","type":"product","link":"https:\/\/ceoparts.com\/tr\/urun\/250x65-75-80-5b-bt-138457\/","title":{"rendered":"250&#215;65\/75-80 5B BT 138457"},"content":{"rendered":"<p>250&#215;65\/75-80 5B BT 138457<\/p>\n","protected":false},"excerpt":{"rendered":"<p data-start=\"106\" data-end=\"904\"><br data-start=\"111\" data-end=\"114\" \/>250\u00d765\/75-80 5B BT Y\u00fcr\u00fcy\u00fc\u015f Tekeri, forklift ve depo i\u00e7i ta\u015f\u0131ma ekipmanlar\u0131 i\u00e7in \u00f6zel olarak tasarlanm\u0131\u015f dayan\u0131kl\u0131 ve y\u00fcksek performansl\u0131 bir y\u00fcr\u00fcy\u00fc\u015f tekeridir. 250 mm \u00e7ap ve 65\/75 mm geni\u015flik \u00f6l\u00e7\u00fcs\u00fc ile a\u011f\u0131r y\u00fckler alt\u0131nda stabilite sa\u011flar. Poli\u00fcretan kaplama, a\u015f\u0131nmaya ve kimyasal etkilere kar\u015f\u0131 diren\u00e7li olup, sessiz ve uzun \u00f6m\u00fcrl\u00fc kullan\u0131m sunar. Bu y\u00fcr\u00fcy\u00fc\u015f tekeri, BT marka forkliftler i\u00e7in uyumlu olup, depo, lojistik ve end\u00fcstriyel alanlarda \u00fcst\u00fcn performans ve g\u00fcvenilirlik sa\u011flar.<br data-start=\"602\" data-end=\"605\" \/><strong data-start=\"605\" data-end=\"620\">\u00d6zellikler:<\/strong><br data-start=\"620\" data-end=\"623\" \/><strong data-start=\"623\" data-end=\"636\">\u00dcr\u00fcn Ad\u0131:<\/strong> 250\u00d765\/75-80 5B BT Y\u00fcr\u00fcy\u00fc\u015f Tekeri<br data-start=\"670\" data-end=\"673\" \/><strong data-start=\"673\" data-end=\"688\">Par\u00e7a Kodu:<\/strong> 138457<br data-start=\"695\" data-end=\"698\" \/><strong data-start=\"698\" data-end=\"710\">Malzeme:<\/strong> Poli\u00fcretan kaplama, metal g\u00f6vde<br data-start=\"742\" data-end=\"745\" \/><strong data-start=\"745\" data-end=\"764\">Kullan\u0131m Alan\u0131:<\/strong> BT forkliftler ve depo i\u00e7i ta\u015f\u0131ma ekipmanlar\u0131<br data-start=\"810\" data-end=\"813\" \/><strong data-start=\"813\" data-end=\"825\">Avantaj:<\/strong> Y\u00fcksek a\u015f\u0131nma ve kimyasal diren\u00e7, sessiz \u00e7al\u0131\u015fma, uzun \u00f6m\u00fcr, \u00fcst\u00fcn stabilite<\/p>\n<p data-start=\"906\" data-end=\"1706\">\n","protected":false},"featured_media":17691,"template":"","meta":[],"product_brand":[],"product_cat":[251,254],"product_tag":[],"class_list":{"0":"post-7848","1":"product","2":"type-product","3":"status-publish","4":"has-post-thumbnail","6":"product_cat-bt","7":"product_cat-yuruyus-tekeri-bt","9":"first","10":"instock","11":"taxable","12":"shipping-taxable","13":"purchasable","14":"product-type-simple"},"_links":{"self":[{"href":"https:\/\/ceoparts.com\/tr\/wp-json\/wp\/v2\/product\/7848","targetHints":{"allow":["GET"]}}],"collection":[{"href":"https:\/\/ceoparts.com\/tr\/wp-json\/wp\/v2\/product"}],"about":[{"href":"https:\/\/ceoparts.com\/tr\/wp-json\/wp\/v2\/types\/product"}],"wp:featuredmedia":[{"embeddable":true,"href":"https:\/\/ceoparts.com\/tr\/wp-json\/wp\/v2\/media\/17691"}],"wp:attachment":[{"href":"https:\/\/ceoparts.com\/tr\/wp-json\/wp\/v2\/media?parent=7848"}],"wp:term":[{"taxonomy":"product_brand","embeddable":true,"href":"https:\/\/ceoparts.com\/tr\/wp-json\/wp\/v2\/product_brand?post=7848"},{"taxonomy":"product_cat","embeddable":true,"href":"https:\/\/ceoparts.com\/tr\/wp-json\/wp\/v2\/product_cat?post=7848"},{"taxonomy":"product_tag","embeddable":true,"href":"https:\/\/ceoparts.com\/tr\/wp-json\/wp\/v2\/product_tag?post=7848"}],"curies":[{"name":"wp","href":"https:\/\/api.w.org\/{rel}","templated":true}]}}