{"id":7850,"date":"2020-10-26T19:54:56","date_gmt":"2020-10-26T16:54:56","guid":{"rendered":"https:\/\/ceoparts.com\/?post_type=product&#038;p=7850"},"modified":"2026-05-16T17:34:11","modified_gmt":"2026-05-16T14:34:11","slug":"400x160-80-16-24-7b-bt-238970","status":"publish","type":"product","link":"https:\/\/ceoparts.com\/tr\/urun\/400x160-80-16-24-7b-bt-238970\/","title":{"rendered":"400&#215;160-80 7B Vulkoprin Vulkollan Y\u00fcr\u00fcy\u00fc\u015f Tekeri &#8211; 238970"},"content":{"rendered":"<p>400&#215;160-80 7B Vulkoprin Vulkollan Y\u00fcr\u00fcy\u00fc\u015f Tekeri &#8211; 238970<\/p>\n<p>BT, Toyota BT 238970\u00a0\u00a0 410&#215;150\/160&#215;80<\/p>\n<p>RRE180 (816)<\/p>\n<p>RRE180 C\/E\u00a0(816)<\/p>\n<p>RRE200 (816)<\/p>\n<p>RRE200 C\/E\u00a0(816)<\/p>\n<p>RRE250 (816)<\/p>\n<p>RRE250 C\/E(816)<\/p>","protected":false},"excerpt":{"rendered":"<p data-start=\"138\" data-end=\"1037\"><br data-start=\"143\" data-end=\"146\" \/>400\u00d7160-80 7B Vulkoprin Vulkollan Y\u00fcr\u00fcy\u00fc\u015f Tekeri, a\u011f\u0131r y\u00fck ta\u015f\u0131ma kapasitesine sahip forklift ve end\u00fcstriyel ekipmanlar i\u00e7in tasarlanm\u0131\u015f dayan\u0131kl\u0131 bir y\u00fcr\u00fcy\u00fc\u015f tekeridir. Vulkollan kaplama, y\u00fcksek a\u015f\u0131nma direnci, m\u00fckemmel y\u00fck ta\u015f\u0131ma kapasitesi ve kaymaz y\u00fczeyi ile zorlu \u00e7al\u0131\u015fma ko\u015fullar\u0131nda \u00fcst\u00fcn performans sunar. 400 mm \u00e7ap ve 160 mm geni\u015fli\u011fiyle geni\u015f temas alan\u0131 sa\u011flayarak ekipman\u0131n stabilitesini art\u0131r\u0131r. Sessiz \u00e7al\u0131\u015fma ve titre\u015fim emilimi \u00f6zellikleri, operat\u00f6r konforunu y\u00fckseltir. End\u00fcstri, depo ve lojistik sekt\u00f6rlerinde uzun \u00f6m\u00fcrl\u00fc ve g\u00fcvenilir kullan\u0131m i\u00e7in idealdir.<br data-start=\"724\" data-end=\"727\" \/><strong data-start=\"727\" data-end=\"742\">\u00d6zellikler:<\/strong><br data-start=\"742\" data-end=\"745\" \/><strong data-start=\"745\" data-end=\"758\">\u00dcr\u00fcn Ad\u0131:<\/strong> 400\u00d7160-80 7B Vulkoprin Vulkollan Y\u00fcr\u00fcy\u00fc\u015f Tekeri<br data-start=\"807\" data-end=\"810\" \/><strong data-start=\"810\" data-end=\"825\">Par\u00e7a Kodu:<\/strong> 238970<br data-start=\"832\" data-end=\"835\" \/><strong data-start=\"835\" data-end=\"847\">Malzeme:<\/strong> Vulkollan kaplama, metal g\u00f6vde<br data-start=\"878\" data-end=\"881\" \/><strong data-start=\"881\" data-end=\"900\">Kullan\u0131m Alan\u0131:<\/strong> Forklift ve end\u00fcstriyel ta\u015f\u0131ma ekipmanlar\u0131<br data-start=\"943\" data-end=\"946\" \/><strong data-start=\"946\" data-end=\"958\">Avantaj:<\/strong> Y\u00fcksek a\u015f\u0131nma ve darbe direnci, geni\u015f temas alan\u0131, sessiz \u00e7al\u0131\u015fma, uzun \u00f6m\u00fcr<\/p>\n<p data-start=\"1039\" data-end=\"1935\">\n","protected":false},"featured_media":11355,"template":"","meta":[],"product_brand":[],"product_cat":[251,254,427,429,521,529,193],"product_tag":[],"class_list":{"0":"post-7850","1":"product","2":"type-product","3":"status-publish","4":"has-post-thumbnail","6":"product_cat-bt","7":"product_cat-yuruyus-tekeri-bt","8":"product_cat-vulkoprin","9":"product_cat-yuruyus-tekeri-vulkoprin","10":"product_cat-toyota","11":"product_cat-yuruyus-tekeri-toyota","12":"product_cat-yuruyus-tekeri","14":"first","15":"instock","16":"taxable","17":"shipping-taxable","18":"purchasable","19":"product-type-simple"},"_links":{"self":[{"href":"https:\/\/ceoparts.com\/tr\/wp-json\/wp\/v2\/product\/7850","targetHints":{"allow":["GET"]}}],"collection":[{"href":"https:\/\/ceoparts.com\/tr\/wp-json\/wp\/v2\/product"}],"about":[{"href":"https:\/\/ceoparts.com\/tr\/wp-json\/wp\/v2\/types\/product"}],"wp:featuredmedia":[{"embeddable":true,"href":"https:\/\/ceoparts.com\/tr\/wp-json\/wp\/v2\/media\/11355"}],"wp:attachment":[{"href":"https:\/\/ceoparts.com\/tr\/wp-json\/wp\/v2\/media?parent=7850"}],"wp:term":[{"taxonomy":"product_brand","embeddable":true,"href":"https:\/\/ceoparts.com\/tr\/wp-json\/wp\/v2\/product_brand?post=7850"},{"taxonomy":"product_cat","embeddable":true,"href":"https:\/\/ceoparts.com\/tr\/wp-json\/wp\/v2\/product_cat?post=7850"},{"taxonomy":"product_tag","embeddable":true,"href":"https:\/\/ceoparts.com\/tr\/wp-json\/wp\/v2\/product_tag?post=7850"}],"curies":[{"name":"wp","href":"https:\/\/api.w.org\/{rel}","templated":true}]}}