{"id":7854,"date":"2020-10-26T20:41:38","date_gmt":"2020-10-26T17:41:38","guid":{"rendered":"https:\/\/ceoparts.com\/?post_type=product&#038;p=7854"},"modified":"2026-05-16T15:18:33","modified_gmt":"2026-05-16T12:18:33","slug":"343x114-90-185-24-7b-jung-50429920","status":"publish","type":"product","link":"https:\/\/ceoparts.com\/tr\/urun\/343x114-90-185-24-7b-jung-50429920\/","title":{"rendered":"343&#215;140-90 Vulkoprin Vulkollan Hav\u015fas\u0131z Y\u00fcr\u00fcy\u00fc\u015f Tekeri &#8211; 50429920 \/51331334"},"content":{"rendered":"<p>343&#215;140-90 Vulkoprin Vulkollan Hav\u015fas\u0131z Y\u00fcr\u00fcy\u00fc\u015f Tekeri &#8211; 50429920 \/51331334<\/p>\n<p><\/p>\n<table border=\"0\" frame=\"void\" rules=\"none\" cellspacing=\"0\">\n<colgroup>\n<col width=\"226\" \/>\n<col width=\"86\" \/><\/colgroup>\n<tbody>\n<tr>\n<td align=\"left\" width=\"226\" height=\"17\">ETM\/V 214\/216<\/td>\n<td align=\"left\" width=\"86\">12.03 &#8211;<\/td>\n<\/tr>\n<tr>\n<td align=\"left\" height=\"17\">ETM\/V 320\/325<\/td>\n<td align=\"left\">12.04 &#8211;<\/td>\n<\/tr>\n<tr>\n<td align=\"left\" height=\"17\">ETVQ 20\/25<\/td>\n<td align=\"left\">9.10 &#8211;<\/td>\n<\/tr>\n<tr>\n<td align=\"left\" height=\"17\">ESE 533<\/td>\n<td align=\"left\">3.10 &#8211;<\/td>\n<\/tr>\n<tr>\n<td align=\"left\" height=\"17\">ETM\/V 214\/216 (US)<\/td>\n<td align=\"left\">1.11 &#8211;<\/td>\n<\/tr>\n<tr>\n<td align=\"left\" height=\"17\">ETM\/V 320\/325 (US)<\/td>\n<td align=\"left\">1.11 &#8211;<\/td>\n<\/tr>\n<tr>\n<td align=\"left\" height=\"17\">ETVQ 20\/25 (US)<\/td>\n<td align=\"left\">1.11 &#8211;<\/td>\n<\/tr>\n<\/tbody>\n<\/table>\n<p><\/p>","protected":false},"excerpt":{"rendered":"[wpmem_logged_in]<\/p>\n<table border=\"0\" frame=\"VOID\" rules=\"NONE\" cellspacing=\"0\">\n<colgroup>\n<col width=\"213\" \/>\n<col width=\"138\" \/><\/colgroup>\n<tbody>\n<tr>\n<td align=\"LEFT\" width=\"213\" height=\"20\">Tekerlek tipi<\/td>\n<td align=\"LEFT\" valign=\"MIDDLE\" width=\"138\"><span style=\"color: #000000; font-family: Calibri;\">\u00a0Standart<\/span><\/td>\n<\/tr>\n<tr>\n<td align=\"LEFT\" height=\"20\">Tekerlek \u00e7ap\u0131 D (mm)<\/td>\n<td align=\"RIGHT\" valign=\"MIDDLE\"><span style=\"color: #000000; font-family: Calibri;\">343<\/span><\/td>\n<\/tr>\n<tr>\n<td align=\"LEFT\" height=\"20\">Tekerle\u011fin geni\u015fli\u011fi W (mm)<\/td>\n<td align=\"RIGHT\" valign=\"MIDDLE\"><span style=\"color: #000000; font-family: Calibri;\">140<\/span><\/td>\n<\/tr>\n<tr>\n<td align=\"LEFT\" height=\"20\">Jant \u00e7ap\u0131 D-RIM (mm)<\/td>\n<td align=\"RIGHT\" valign=\"MIDDLE\"><span style=\"color: #000000; font-family: Calibri;\">278<\/span><\/td>\n<\/tr>\n<tr>\n<td align=\"LEFT\" height=\"20\">Jant \u00e7ap\u0131 W-RIM (mm)<\/td>\n<td align=\"RIGHT\" valign=\"MIDDLE\"><span style=\"color: #000000; font-family: Calibri;\">140<\/span><\/td>\n<\/tr>\n<tr>\n<td align=\"LEFT\" height=\"20\">Mil \u00e7ap\u0131 AX1 (mm)<\/td>\n<td align=\"RIGHT\" valign=\"MIDDLE\"><span style=\"color: #000000; font-family: Calibri;\">90<\/span><\/td>\n<\/tr>\n<tr>\n<td align=\"LEFT\" height=\"20\">Strok uzunlu\u011fu HL (mm)<\/td>\n<td align=\"LEFT\" valign=\"MIDDLE\"><span style=\"color: #000000; font-family: Calibri;\">\u00a0<\/span><\/td>\n<\/tr>\n<tr>\n<td align=\"LEFT\" height=\"38\">Tekerlek malzemesi (gruplanm\u0131\u015f)<\/td>\n<td align=\"LEFT\" valign=\"MIDDLE\"><span style=\"color: #000000; font-family: Calibri;\">Polyurethane<\/span><\/td>\n<\/tr>\n<tr>\n<td align=\"LEFT\" height=\"20\">Tekerlek profili<\/td>\n<td align=\"LEFT\" valign=\"MIDDLE\"><span style=\"color: #000000; font-family: Calibri;\">P\u00fcr\u00fczs\u00fcz<\/span><\/td>\n<\/tr>\n<tr>\n<td align=\"LEFT\" height=\"20\">Jant malzemesi<\/td>\n<td align=\"LEFT\" valign=\"MIDDLE\"><span style=\"color: #000000; font-family: Calibri;\">Demird\u00f6k\u00fcm<\/span><\/td>\n<\/tr>\n<tr>\n<td align=\"LEFT\" height=\"20\">C\u0131vata deli\u011fi say\u0131s\u0131<\/td>\n<td align=\"RIGHT\" valign=\"MIDDLE\"><span style=\"color: #000000; font-family: Calibri;\">7<\/span><\/td>\n<\/tr>\n<tr>\n<td align=\"LEFT\" height=\"20\">En k\u00fc\u00e7\u00fck i\u00e7 kenar\u0131n \u00e7ap\u0131 D1 (mm)<\/td>\n<td align=\"RIGHT\" valign=\"MIDDLE\"><span style=\"color: #000000; font-family: Calibri;\">18,5<\/span><\/td>\n<\/tr>\n<tr>\n<td align=\"LEFT\" height=\"20\">Daire \u00e7ap\u0131 D-PITCH (mm)<\/td>\n<td align=\"RIGHT\" valign=\"MIDDLE\"><span style=\"color: #000000; font-family: Calibri;\">125<\/span><\/td>\n<\/tr>\n<tr>\n<td align=\"LEFT\" height=\"20\">Flan\u015f kal\u0131nl\u0131\u011f\u0131 TH-FL (mm)<\/td>\n<td align=\"RIGHT\" valign=\"MIDDLE\"><span style=\"color: #000000; font-family: Calibri;\">12<\/span><\/td>\n<\/tr>\n<\/tbody>\n<\/table>\n<p>[\/wpmem_logged_in]\n","protected":false},"featured_media":11322,"template":"","meta":[],"product_brand":[],"product_cat":[427,429,193],"product_tag":[],"class_list":{"0":"post-7854","1":"product","2":"type-product","3":"status-publish","4":"has-post-thumbnail","6":"product_cat-vulkoprin","7":"product_cat-yuruyus-tekeri-vulkoprin","8":"product_cat-yuruyus-tekeri","10":"first","11":"instock","12":"taxable","13":"shipping-taxable","14":"purchasable","15":"product-type-simple"},"_links":{"self":[{"href":"https:\/\/ceoparts.com\/tr\/wp-json\/wp\/v2\/product\/7854","targetHints":{"allow":["GET"]}}],"collection":[{"href":"https:\/\/ceoparts.com\/tr\/wp-json\/wp\/v2\/product"}],"about":[{"href":"https:\/\/ceoparts.com\/tr\/wp-json\/wp\/v2\/types\/product"}],"wp:featuredmedia":[{"embeddable":true,"href":"https:\/\/ceoparts.com\/tr\/wp-json\/wp\/v2\/media\/11322"}],"wp:attachment":[{"href":"https:\/\/ceoparts.com\/tr\/wp-json\/wp\/v2\/media?parent=7854"}],"wp:term":[{"taxonomy":"product_brand","embeddable":true,"href":"https:\/\/ceoparts.com\/tr\/wp-json\/wp\/v2\/product_brand?post=7854"},{"taxonomy":"product_cat","embeddable":true,"href":"https:\/\/ceoparts.com\/tr\/wp-json\/wp\/v2\/product_cat?post=7854"},{"taxonomy":"product_tag","embeddable":true,"href":"https:\/\/ceoparts.com\/tr\/wp-json\/wp\/v2\/product_tag?post=7854"}],"curies":[{"name":"wp","href":"https:\/\/api.w.org\/{rel}","templated":true}]}}