{"id":7860,"date":"2020-10-26T22:00:48","date_gmt":"2020-10-26T19:00:48","guid":{"rendered":"https:\/\/ceoparts.com\/?post_type=product&#038;p=7860"},"modified":"2026-05-16T14:33:23","modified_gmt":"2026-05-16T11:33:23","slug":"250x100-80-still-4493241","status":"publish","type":"product","link":"https:\/\/ceoparts.com\/tr\/urun\/250x100-80-still-4493241\/","title":{"rendered":"250&#215;100-80 Ceoparts Y\u00fcr\u00fcy\u00fc\u015f Tekeri &#8211; 4493241, 0009903813"},"content":{"rendered":"<p>250&#215;100-80 Ceoparts Y\u00fcr\u00fcy\u00fc\u015f Tekeri &#8211; 4493241, 0009903813<\/p>\n<p>CS 10M\/711041\/06-06<br \/>\nCS 16S\/711042\/06-06<br \/>\nCS 20\/711040\/06-06<br \/>\nCS 30Z\/711043\/06-06<br \/>\nCX-T\/711050\/01-08<br \/>\nCX20\/711044\/01-07<br \/>\nCXM 10\/711045\/01-07<br \/>\nCXS 16\/711046\/01-07<br \/>\nCXZ 30\/711047\/01-07<br \/>\nEXD S20\/710249\/01-07<br \/>\nEXU-S\/710148-710149\/01-07<\/p>","protected":false},"excerpt":{"rendered":"[wpmem_logged_in]<\/p>\n<table border=\"0\" frame=\"VOID\" rules=\"NONE\" cellspacing=\"0\">\n<colgroup>\n<col width=\"213\" \/>\n<col width=\"138\" \/><\/colgroup>\n<tbody>\n<tr>\n<td align=\"LEFT\" width=\"213\" height=\"20\">Tekerlek tipi<\/td>\n<td align=\"LEFT\" valign=\"MIDDLE\" width=\"138\"><span style=\"color: #000000; font-family: Calibri;\">\u00a0Standart<\/span><\/td>\n<\/tr>\n<tr>\n<td align=\"LEFT\" height=\"20\">Tekerlek \u00e7ap\u0131 D (mm)<\/td>\n<td align=\"RIGHT\" valign=\"MIDDLE\"><span style=\"color: #000000; font-family: Calibri;\">250<\/span><\/td>\n<\/tr>\n<tr>\n<td align=\"LEFT\" height=\"20\">Tekerle\u011fin geni\u015fli\u011fi W (mm)<\/td>\n<td align=\"RIGHT\" valign=\"MIDDLE\"><span style=\"color: #000000; font-family: Calibri;\">100<\/span><\/td>\n<\/tr>\n<tr>\n<td align=\"LEFT\" height=\"20\">Jant \u00e7ap\u0131 D-RIM (mm)<\/td>\n<td align=\"RIGHT\" valign=\"MIDDLE\"><span style=\"color: #000000; font-family: Calibri;\">200<\/span><\/td>\n<\/tr>\n<tr>\n<td align=\"LEFT\" height=\"20\">Jant \u00e7ap\u0131 W-RIM (mm)<\/td>\n<td align=\"RIGHT\" valign=\"MIDDLE\"><span style=\"color: #000000; font-family: Calibri;\">100<\/span><\/td>\n<\/tr>\n<tr>\n<td align=\"LEFT\" height=\"20\">Mil \u00e7ap\u0131 AX1 (mm)<\/td>\n<td align=\"RIGHT\" valign=\"MIDDLE\"><span style=\"color: #000000; font-family: Calibri;\">80,2<\/span><\/td>\n<\/tr>\n<tr>\n<td align=\"LEFT\" height=\"20\">Strok uzunlu\u011fu HL (mm)<\/td>\n<td align=\"LEFT\" valign=\"MIDDLE\"><span style=\"color: #000000; font-family: Calibri;\">\u00a0<\/span><\/td>\n<\/tr>\n<tr>\n<td align=\"LEFT\" height=\"38\">Tekerlek malzemesi (gruplanm\u0131\u015f)<\/td>\n<td align=\"LEFT\" valign=\"MIDDLE\"><span style=\"color: #000000; font-family: Calibri;\">Polyurethane<\/span><\/td>\n<\/tr>\n<tr>\n<td align=\"LEFT\" height=\"20\">Tekerlek profili<\/td>\n<td align=\"LEFT\" valign=\"MIDDLE\"><span style=\"color: #000000; font-family: Calibri;\">P\u00fcr\u00fczs\u00fcz<\/span><\/td>\n<\/tr>\n<tr>\n<td align=\"LEFT\" height=\"20\">Jant malzemesi<\/td>\n<td align=\"LEFT\" valign=\"MIDDLE\"><span style=\"color: #000000; font-family: Calibri;\">Demird\u00f6k\u00fcm<\/span><\/td>\n<\/tr>\n<tr>\n<td align=\"LEFT\" height=\"20\">C\u0131vata deli\u011fi say\u0131s\u0131<\/td>\n<td align=\"RIGHT\" valign=\"MIDDLE\"><span style=\"color: #000000; font-family: Calibri;\">5<\/span><\/td>\n<\/tr>\n<tr>\n<td align=\"LEFT\" height=\"20\">En k\u00fc\u00e7\u00fck i\u00e7 kenar\u0131n \u00e7ap\u0131 D1 (mm)<\/td>\n<td align=\"RIGHT\" valign=\"MIDDLE\"><span style=\"color: #000000; font-family: Calibri;\">180<\/span><\/td>\n<\/tr>\n<tr>\n<td align=\"LEFT\" height=\"20\">Daire \u00e7ap\u0131 D-PITCH (mm)<\/td>\n<td align=\"RIGHT\" valign=\"MIDDLE\"><span style=\"color: #000000; font-family: Calibri;\">112<\/span><\/td>\n<\/tr>\n<tr>\n<td align=\"LEFT\" height=\"20\">Flan\u015f kal\u0131nl\u0131\u011f\u0131 TH-FL (mm)<\/td>\n<td align=\"RIGHT\" valign=\"MIDDLE\"><span style=\"color: #000000; font-family: Calibri;\">12<\/span><\/td>\n<\/tr>\n<\/tbody>\n<\/table>\n<p>[\/wpmem_logged_in]\n","protected":false},"featured_media":11496,"template":"","meta":[],"product_brand":[],"product_cat":[395,397,193],"product_tag":[],"class_list":{"0":"post-7860","1":"product","2":"type-product","3":"status-publish","4":"has-post-thumbnail","6":"product_cat-ceoparts","7":"product_cat-yuruyus-tekeri-ceo","8":"product_cat-yuruyus-tekeri","10":"first","11":"instock","12":"taxable","13":"shipping-taxable","14":"purchasable","15":"product-type-simple"},"_links":{"self":[{"href":"https:\/\/ceoparts.com\/tr\/wp-json\/wp\/v2\/product\/7860","targetHints":{"allow":["GET"]}}],"collection":[{"href":"https:\/\/ceoparts.com\/tr\/wp-json\/wp\/v2\/product"}],"about":[{"href":"https:\/\/ceoparts.com\/tr\/wp-json\/wp\/v2\/types\/product"}],"wp:featuredmedia":[{"embeddable":true,"href":"https:\/\/ceoparts.com\/tr\/wp-json\/wp\/v2\/media\/11496"}],"wp:attachment":[{"href":"https:\/\/ceoparts.com\/tr\/wp-json\/wp\/v2\/media?parent=7860"}],"wp:term":[{"taxonomy":"product_brand","embeddable":true,"href":"https:\/\/ceoparts.com\/tr\/wp-json\/wp\/v2\/product_brand?post=7860"},{"taxonomy":"product_cat","embeddable":true,"href":"https:\/\/ceoparts.com\/tr\/wp-json\/wp\/v2\/product_cat?post=7860"},{"taxonomy":"product_tag","embeddable":true,"href":"https:\/\/ceoparts.com\/tr\/wp-json\/wp\/v2\/product_tag?post=7860"}],"curies":[{"name":"wp","href":"https:\/\/api.w.org\/{rel}","templated":true}]}}