{"id":7861,"date":"2020-10-26T22:09:57","date_gmt":"2020-10-26T19:09:57","guid":{"rendered":"https:\/\/ceoparts.com\/?post_type=product&#038;p=7861"},"modified":"2026-05-16T21:18:55","modified_gmt":"2026-05-16T18:18:55","slug":"360x140-90-185-7b-still-50983508933","status":"publish","type":"product","link":"https:\/\/ceoparts.com\/tr\/urun\/360x140-90-185-7b-still-50983508933\/","title":{"rendered":"360&#215;140-90 18,5 Still 50983508933"},"content":{"rendered":"<p>360&#215;140-90 18,5 Still 50983508933<\/p>\n","protected":false},"excerpt":{"rendered":"[wpmem_logged_in]<\/p>\n<table border=\"0\" rules=\"NONE\" cellspacing=\"0\">\n<colgroup>\n<col width=\"213\" \/>\n<col width=\"138\" \/><\/colgroup>\n<tbody>\n<tr>\n<td align=\"LEFT\" width=\"213\" height=\"20\">Tekerlek tipi<\/td>\n<td align=\"LEFT\" valign=\"MIDDLE\" width=\"138\"><span style=\"color: #000000;font-family: Calibri\">\u00a0Standart<\/span><\/td>\n<\/tr>\n<tr>\n<td align=\"LEFT\" height=\"20\">Tekerlek \u00e7ap\u0131 D (mm)<\/td>\n<td align=\"RIGHT\" valign=\"MIDDLE\"><span style=\"color: #000000;font-family: Calibri\">360<\/span><\/td>\n<\/tr>\n<tr>\n<td align=\"LEFT\" height=\"20\">Tekerle\u011fin geni\u015fli\u011fi W (mm)<\/td>\n<td align=\"RIGHT\" valign=\"MIDDLE\"><span style=\"color: #000000;font-family: Calibri\">140<\/span><\/td>\n<\/tr>\n<tr>\n<td align=\"LEFT\" height=\"20\">Jant \u00e7ap\u0131 D-RIM (mm)<\/td>\n<td align=\"RIGHT\" valign=\"MIDDLE\"><span style=\"color: #000000;font-family: Calibri\">300<\/span><\/td>\n<\/tr>\n<tr>\n<td align=\"LEFT\" height=\"20\">Jant \u00e7ap\u0131 W-RIM (mm)<\/td>\n<td align=\"RIGHT\" valign=\"MIDDLE\"><span style=\"color: #000000;font-family: Calibri\">140<\/span><\/td>\n<\/tr>\n<tr>\n<td align=\"LEFT\" height=\"20\">Mil \u00e7ap\u0131 AX1 (mm)<\/td>\n<td align=\"RIGHT\" valign=\"MIDDLE\"><span style=\"color: #000000;font-family: Calibri\">90<\/span><\/td>\n<\/tr>\n<tr>\n<td align=\"LEFT\" height=\"20\">Strok uzunlu\u011fu HL (mm)<\/td>\n<td align=\"LEFT\" valign=\"MIDDLE\"><span style=\"color: #000000;font-family: Calibri\">\u00a0<\/span><\/td>\n<\/tr>\n<tr>\n<td align=\"LEFT\" height=\"38\">Tekerlek malzemesi (gruplanm\u0131\u015f)<\/td>\n<td align=\"LEFT\" valign=\"MIDDLE\"><span style=\"color: #000000;font-family: Calibri\">Polyurethane<\/span><\/td>\n<\/tr>\n<tr>\n<td align=\"LEFT\" height=\"20\">Tekerlek profili<\/td>\n<td align=\"LEFT\" valign=\"MIDDLE\"><span style=\"color: #000000;font-family: Calibri\">P\u00fcr\u00fczs\u00fcz<\/span><\/td>\n<\/tr>\n<tr>\n<td align=\"LEFT\" height=\"20\">Jant malzemesi<\/td>\n<td align=\"LEFT\" valign=\"MIDDLE\"><span style=\"color: #000000;font-family: Calibri\">Demird\u00f6k\u00fcm<\/span><\/td>\n<\/tr>\n<tr>\n<td align=\"LEFT\" height=\"20\">C\u0131vata deli\u011fi say\u0131s\u0131<\/td>\n<td align=\"RIGHT\" valign=\"MIDDLE\"><span style=\"color: #000000;font-family: Calibri\">7<\/span><\/td>\n<\/tr>\n<tr>\n<td align=\"LEFT\" height=\"20\">En k\u00fc\u00e7\u00fck i\u00e7 kenar\u0131n \u00e7ap\u0131 D1 (mm)<\/td>\n<td align=\"RIGHT\" valign=\"MIDDLE\"><span style=\"color: #000000;font-family: Calibri\">18,5<\/span><\/td>\n<\/tr>\n<tr>\n<td align=\"LEFT\" height=\"20\">Daire \u00e7ap\u0131 D-PITCH (mm)<\/td>\n<td align=\"RIGHT\" valign=\"MIDDLE\"><span style=\"color: #000000;font-family: Calibri\">125<\/span><\/td>\n<\/tr>\n<tr>\n<td align=\"LEFT\" height=\"20\">Flan\u015f kal\u0131nl\u0131\u011f\u0131 TH-FL (mm)<\/td>\n<td align=\"RIGHT\" valign=\"MIDDLE\"><span style=\"color: #000000;font-family: Calibri\">16<\/span><\/td>\n<\/tr>\n<\/tbody>\n<\/table>\n<p>[\/wpmem_logged_in]\n","protected":false},"featured_media":17686,"template":"","meta":[],"product_brand":[],"product_cat":[241,244],"product_tag":[],"class_list":{"0":"post-7861","1":"product","2":"type-product","3":"status-publish","4":"has-post-thumbnail","6":"product_cat-still","7":"product_cat-yuruyus-tekeri-still","9":"first","10":"instock","11":"taxable","12":"shipping-taxable","13":"purchasable","14":"product-type-simple"},"_links":{"self":[{"href":"https:\/\/ceoparts.com\/tr\/wp-json\/wp\/v2\/product\/7861","targetHints":{"allow":["GET"]}}],"collection":[{"href":"https:\/\/ceoparts.com\/tr\/wp-json\/wp\/v2\/product"}],"about":[{"href":"https:\/\/ceoparts.com\/tr\/wp-json\/wp\/v2\/types\/product"}],"wp:featuredmedia":[{"embeddable":true,"href":"https:\/\/ceoparts.com\/tr\/wp-json\/wp\/v2\/media\/17686"}],"wp:attachment":[{"href":"https:\/\/ceoparts.com\/tr\/wp-json\/wp\/v2\/media?parent=7861"}],"wp:term":[{"taxonomy":"product_brand","embeddable":true,"href":"https:\/\/ceoparts.com\/tr\/wp-json\/wp\/v2\/product_brand?post=7861"},{"taxonomy":"product_cat","embeddable":true,"href":"https:\/\/ceoparts.com\/tr\/wp-json\/wp\/v2\/product_cat?post=7861"},{"taxonomy":"product_tag","embeddable":true,"href":"https:\/\/ceoparts.com\/tr\/wp-json\/wp\/v2\/product_tag?post=7861"}],"curies":[{"name":"wp","href":"https:\/\/api.w.org\/{rel}","templated":true}]}}