{"id":8133,"date":"2021-01-19T16:14:15","date_gmt":"2021-01-19T13:14:15","guid":{"rendered":"https:\/\/ceoparts.com\/?post_type=product&#038;p=8133"},"modified":"2026-05-06T17:26:30","modified_gmt":"2026-05-06T14:26:30","slug":"160x45-30-bt-209407","status":"publish","type":"product","link":"https:\/\/ceoparts.com\/tr\/urun\/160x45-30-bt-209407\/","title":{"rendered":"160&#215;45\/45-30 BT 209407"},"content":{"rendered":"<p>160&#215;45\/45-30 BT 209407<\/p>\n","protected":false},"excerpt":{"rendered":"<table>\n<tbody>\n<tr>\n<td width=\"132\">Tekerle\u011fin \u00e7e\u015fidi<\/td>\n<td width=\"86\">\u00a0Standart<\/td>\n<\/tr>\n<tr>\n<td>Tekerle\u011fin t\u00fcr\u00fc<\/td>\n<td>Rulmanl\u0131<\/td>\n<\/tr>\n<tr>\n<td>Tekerle\u011fin \u00e7ap\u0131 D (mm)<\/td>\n<td>160<\/td>\n<\/tr>\n<tr>\n<td>W (mm) tekerlek geni\u015fli\u011fi<\/td>\n<td>45<\/td>\n<\/tr>\n<tr>\n<td>Rulman haznesinin \u00e7ap\u0131 1 D-BC1 (mm)<\/td>\n<td>55<\/td>\n<\/tr>\n<tr>\n<td>Rulman haznesinin \u00e7ap\u0131 2 D-BC2 (mm)<\/td>\n<td>25<\/td>\n<\/tr>\n<tr>\n<td>Rulman tipi 1<\/td>\n<td>6006<\/td>\n<\/tr>\n<tr>\n<td>\u015eaft \u00e7ap\u0131 AX1 (mm)<\/td>\n<td>30<\/td>\n<\/tr>\n<tr>\n<td>G\u00f6bek uzunlu\u011fu HL (mm)<\/td>\n<td>45<\/td>\n<\/tr>\n<tr>\n<td>Tekerle\u011fin malzemesi (gruplanm\u0131\u015f)<\/td>\n<td>Polyurethane<\/td>\n<\/tr>\n<tr>\n<td>Jant Malzemesi<\/td>\n<td>D\u00f6kme Demir<\/td>\n<\/tr>\n<tr>\n<td>Jant D-RIM \u00e7ap\u0131 (mm)<\/td>\n<td>124<\/td>\n<\/tr>\n<tr>\n<td>W (mm) tekerlek geni\u015fli\u011fi<\/td>\n<td>45<\/td>\n<\/tr>\n<\/tbody>\n<\/table>\n","protected":false},"featured_media":17690,"template":"","meta":[],"product_brand":[],"product_cat":[251,252],"product_tag":[],"class_list":{"0":"post-8133","1":"product","2":"type-product","3":"status-publish","4":"has-post-thumbnail","6":"product_cat-bt","7":"product_cat-denge-tekeri-bt","9":"first","10":"instock","11":"taxable","12":"shipping-taxable","13":"purchasable","14":"product-type-simple"},"_links":{"self":[{"href":"https:\/\/ceoparts.com\/tr\/wp-json\/wp\/v2\/product\/8133","targetHints":{"allow":["GET"]}}],"collection":[{"href":"https:\/\/ceoparts.com\/tr\/wp-json\/wp\/v2\/product"}],"about":[{"href":"https:\/\/ceoparts.com\/tr\/wp-json\/wp\/v2\/types\/product"}],"wp:featuredmedia":[{"embeddable":true,"href":"https:\/\/ceoparts.com\/tr\/wp-json\/wp\/v2\/media\/17690"}],"wp:attachment":[{"href":"https:\/\/ceoparts.com\/tr\/wp-json\/wp\/v2\/media?parent=8133"}],"wp:term":[{"taxonomy":"product_brand","embeddable":true,"href":"https:\/\/ceoparts.com\/tr\/wp-json\/wp\/v2\/product_brand?post=8133"},{"taxonomy":"product_cat","embeddable":true,"href":"https:\/\/ceoparts.com\/tr\/wp-json\/wp\/v2\/product_cat?post=8133"},{"taxonomy":"product_tag","embeddable":true,"href":"https:\/\/ceoparts.com\/tr\/wp-json\/wp\/v2\/product_tag?post=8133"}],"curies":[{"name":"wp","href":"https:\/\/api.w.org\/{rel}","templated":true}]}}