{"id":8171,"date":"2021-01-21T00:07:57","date_gmt":"2021-01-20T21:07:57","guid":{"rendered":"https:\/\/ceoparts.com\/?post_type=product&#038;p=8171"},"modified":"2026-05-16T17:29:39","modified_gmt":"2026-05-16T14:29:39","slug":"343x114-90-150-7b-jungheinrich-51331328","status":"publish","type":"product","link":"https:\/\/ceoparts.com\/tr\/urun\/343x114-90-150-7b-jungheinrich-51331328\/","title":{"rendered":"343&#215;114-90 Wicke Vulkollan Y\u00fcr\u00fcy\u00fc\u015f Tekeri &#8211; 51331328, 50262633"},"content":{"rendered":"<p>343&#215;114-90 Wicke Vulkollan Y\u00fcr\u00fcy\u00fc\u015f Tekeri &#8211; 51331328, 50262633<\/p>\n<table border=\"0\" width=\"246\" cellspacing=\"0\" cellpadding=\"0\">\n<colgroup><\/colgroup>\n<colgroup>\n<col width=\"124\" \/>\n<col width=\"122\" \/><\/colgroup>\n<tbody>\n<tr>\n<td width=\"124\" height=\"20\"><span style=\"font-family: tim;\">ETM\/V 214\/216<\/span><\/td>\n<td width=\"122\"><span style=\"font-family: tim;\">12.03 &#8211;\u00a0<\/span><\/td>\n<\/tr>\n<tr>\n<td height=\"20\"><span style=\"font-family: tim;\">ETM\/V 320\/325<\/span><\/td>\n<td><span style=\"font-family: tim;\">12.04 &#8211;\u00a0<\/span><\/td>\n<\/tr>\n<tr>\n<td height=\"20\"><span style=\"font-family: tim;\">ETV 110\/112<\/span><\/td>\n<td><span style=\"font-family: tim;\">11.05 &#8211;\u00a0<\/span><\/td>\n<\/tr>\n<tr>\n<td height=\"20\"><span style=\"font-family: tim;\">ETV 114\/116<\/span><\/td>\n<td><span style=\"font-family: tim;\">11.05 &#8211; 11.11<\/span><\/td>\n<\/tr>\n<tr>\n<td height=\"20\"><span style=\"font-family: tim;\">ETM\/V 214\/216<\/span><\/td>\n<td><span style=\"font-family: tim;\">9.11 &#8211;\u00a0<\/span><\/td>\n<\/tr>\n<\/tbody>\n<\/table>","protected":false},"excerpt":{"rendered":"[wpmem_logged_in]<\/p>\n<table width=\"320\">\n<tbody>\n<tr>\n<td width=\"153\">Tekerlek tipi<\/td>\n<td width=\"167\">\u00a0Standart<\/td>\n<\/tr>\n<tr>\n<td width=\"153\">Tekerlek \u00e7ap\u0131 D (mm)<\/td>\n<td width=\"167\">343<\/td>\n<\/tr>\n<tr>\n<td width=\"153\">Tekerle\u011fin geni\u015fli\u011fi W (mm)<\/td>\n<td width=\"167\">114<\/td>\n<\/tr>\n<tr>\n<td width=\"153\">Jant \u00e7ap\u0131 D-RIM (mm)<\/td>\n<td width=\"167\">275<\/td>\n<\/tr>\n<tr>\n<td width=\"153\">Jant \u00e7ap\u0131 W-RIM (mm)<\/td>\n<td width=\"167\">114<\/td>\n<\/tr>\n<tr>\n<td width=\"153\">Mil \u00e7ap\u0131 AX1 (mm)<\/td>\n<td width=\"167\">90<\/td>\n<\/tr>\n<tr>\n<td width=\"153\">Strok uzunlu\u011fu HL (mm)<\/td>\n<td width=\"167\"><\/td>\n<\/tr>\n<tr>\n<td width=\"153\">Tekerlek malzemesi (gruplanm\u0131\u015f)<\/td>\n<td width=\"167\">Polyurethane<\/td>\n<\/tr>\n<tr>\n<td width=\"153\">Tekerlek profili<\/td>\n<td width=\"167\">P\u00fcr\u00fczs\u00fcz<\/td>\n<\/tr>\n<tr>\n<td width=\"153\">Jant malzemesi<\/td>\n<td width=\"167\">Demird\u00f6k\u00fcm<\/td>\n<\/tr>\n<tr>\n<td width=\"153\">C\u0131vata deli\u011fi say\u0131s\u0131<\/td>\n<td width=\"167\">7<\/td>\n<\/tr>\n<tr>\n<td width=\"153\">En k\u00fc\u00e7\u00fck i\u00e7 kenar\u0131n \u00e7ap\u0131 D1 (mm)<\/td>\n<td width=\"167\">18,5<\/td>\n<\/tr>\n<tr>\n<td width=\"153\">Daire \u00e7ap\u0131 D-PITCH (mm)<\/td>\n<td width=\"167\">125<\/td>\n<\/tr>\n<tr>\n<td width=\"153\">Flan\u015f kal\u0131nl\u0131\u011f\u0131 TH-FL (mm)<\/td>\n<td width=\"167\">12,5<\/td>\n<\/tr>\n<\/tbody>\n<\/table>\n<p>[\/wpmem_logged_in]\n","protected":false},"featured_media":11343,"template":"","meta":[],"product_brand":[],"product_cat":[401,404,193],"product_tag":[],"class_list":{"0":"post-8171","1":"product","2":"type-product","3":"status-publish","4":"has-post-thumbnail","6":"product_cat-wicke","7":"product_cat-yuruyus-tekeri-wicke","8":"product_cat-yuruyus-tekeri","10":"first","11":"instock","12":"taxable","13":"shipping-taxable","14":"purchasable","15":"product-type-simple"},"_links":{"self":[{"href":"https:\/\/ceoparts.com\/tr\/wp-json\/wp\/v2\/product\/8171","targetHints":{"allow":["GET"]}}],"collection":[{"href":"https:\/\/ceoparts.com\/tr\/wp-json\/wp\/v2\/product"}],"about":[{"href":"https:\/\/ceoparts.com\/tr\/wp-json\/wp\/v2\/types\/product"}],"wp:featuredmedia":[{"embeddable":true,"href":"https:\/\/ceoparts.com\/tr\/wp-json\/wp\/v2\/media\/11343"}],"wp:attachment":[{"href":"https:\/\/ceoparts.com\/tr\/wp-json\/wp\/v2\/media?parent=8171"}],"wp:term":[{"taxonomy":"product_brand","embeddable":true,"href":"https:\/\/ceoparts.com\/tr\/wp-json\/wp\/v2\/product_brand?post=8171"},{"taxonomy":"product_cat","embeddable":true,"href":"https:\/\/ceoparts.com\/tr\/wp-json\/wp\/v2\/product_cat?post=8171"},{"taxonomy":"product_tag","embeddable":true,"href":"https:\/\/ceoparts.com\/tr\/wp-json\/wp\/v2\/product_tag?post=8171"}],"curies":[{"name":"wp","href":"https:\/\/api.w.org\/{rel}","templated":true}]}}