{"id":8172,"date":"2021-01-21T00:59:48","date_gmt":"2021-01-20T21:59:48","guid":{"rendered":"https:\/\/ceoparts.com\/?post_type=product&#038;p=8172"},"modified":"2026-05-16T21:00:14","modified_gmt":"2026-05-16T18:00:14","slug":"343x140-80-7b-185-24-112-yale-582029863","status":"publish","type":"product","link":"https:\/\/ceoparts.com\/tr\/urun\/343x140-80-7b-185-24-112-yale-582029863\/","title":{"rendered":"343&#215;140-80 7B Vulkoprin Vulkollan Y\u00fcr\u00fcy\u00fc\u015f Tekeri &#8211; 582029863"},"content":{"rendered":"<p>343&#215;140-80 7B Vulkoprin Vulkollan Y\u00fcr\u00fcy\u00fc\u015f Tekeri &#8211; 582029863<\/p>\n<p>1643642 HYSTER Yale 582029863<\/p>\n<p>Yale : MR14 &#8211; MR16 &#8211; MR16HD &#8211; MR16N &#8211; MR20<br \/>\nMR20HD &#8211; MR25<br \/>\n(D849)<\/p>","protected":false},"excerpt":{"rendered":"<p data-start=\"119\" data-end=\"633\"><br data-start=\"124\" data-end=\"127\" \/><strong data-start=\"127\" data-end=\"179\">343\u00d7140-80 7B Vulkoprin Vulkollan Y\u00fcr\u00fcy\u00fc\u015f Tekeri<\/strong>, forklift ve end\u00fcstriyel ta\u015f\u0131ma ara\u00e7lar\u0131n\u0131n y\u00fcr\u00fcy\u00fc\u015f mekanizmalar\u0131nda kullan\u0131lan y\u00fcksek dayan\u0131kl\u0131l\u0131\u011fa sahip bir tekerlektir. Vulkollan malzemeden \u00fcretilmi\u015f olan bu tekerlek, a\u015f\u0131nmaya ve kimyasallara kar\u015f\u0131 y\u00fcksek diren\u00e7 sunar. Geni\u015f y\u00fczeyi sayesinde y\u00fck\u00fcn dengeli ta\u015f\u0131nmas\u0131n\u0131 sa\u011flar, titre\u015fimleri ve g\u00fcr\u00fclt\u00fcy\u00fc minimize ederek \u00e7al\u0131\u015fma konforunu art\u0131r\u0131r. Uzun \u00f6m\u00fcrl\u00fc yap\u0131s\u0131 ve kaliteli i\u015f\u00e7ili\u011fi ile zorlu \u00e7al\u0131\u015fma ko\u015fullar\u0131nda bile \u00fcst\u00fcn performans g\u00f6sterir.<\/p>\n<p data-start=\"635\" data-end=\"1013\"><strong data-start=\"635\" data-end=\"649\">\u00d6zellikler<\/strong><br data-start=\"649\" data-end=\"652\" \/><strong data-start=\"652\" data-end=\"665\">\u00dcr\u00fcn Ad\u0131:<\/strong> 343\u00d7140-80 7B Vulkoprin Vulkollan Y\u00fcr\u00fcy\u00fc\u015f Tekeri<br data-start=\"714\" data-end=\"717\" \/><strong data-start=\"717\" data-end=\"732\">Par\u00e7a Kodu:<\/strong> 582029863<br data-start=\"742\" data-end=\"745\" \/><strong data-start=\"745\" data-end=\"757\">Malzeme:<\/strong> Vulkollan kaplama, dayan\u0131kl\u0131 metal g\u00f6vde<br data-start=\"798\" data-end=\"801\" \/><strong data-start=\"801\" data-end=\"820\">Kullan\u0131m Alan\u0131:<\/strong> Forklift ve end\u00fcstriyel ta\u015f\u0131ma ara\u00e7lar\u0131n\u0131n y\u00fcr\u00fcy\u00fc\u015f mekanizmalar\u0131<br data-start=\"885\" data-end=\"888\" \/><strong data-start=\"888\" data-end=\"900\">Avantaj:<\/strong> Y\u00fcksek a\u015f\u0131nma direnci, titre\u015fim ve g\u00fcr\u00fclt\u00fc azaltma, uzun \u00f6m\u00fcr, dengeli y\u00fck da\u011f\u0131l\u0131m\u0131, zorlu ko\u015fullara dayan\u0131kl\u0131<\/p>\n<hr data-start=\"1015\" data-end=\"1018\" \/>\n<p data-start=\"1020\" data-end=\"1517\">\n","protected":false},"featured_media":11344,"template":"","meta":[],"product_brand":[],"product_cat":[429,256,260,427,193],"product_tag":[],"class_list":{"0":"post-8172","1":"product","2":"type-product","3":"status-publish","4":"has-post-thumbnail","6":"product_cat-yuruyus-tekeri-vulkoprin","7":"product_cat-hyster","8":"product_cat-yuruyus-tekeri-hyster","9":"product_cat-vulkoprin","10":"product_cat-yuruyus-tekeri","12":"first","13":"instock","14":"taxable","15":"shipping-taxable","16":"purchasable","17":"product-type-simple"},"_links":{"self":[{"href":"https:\/\/ceoparts.com\/tr\/wp-json\/wp\/v2\/product\/8172","targetHints":{"allow":["GET"]}}],"collection":[{"href":"https:\/\/ceoparts.com\/tr\/wp-json\/wp\/v2\/product"}],"about":[{"href":"https:\/\/ceoparts.com\/tr\/wp-json\/wp\/v2\/types\/product"}],"wp:featuredmedia":[{"embeddable":true,"href":"https:\/\/ceoparts.com\/tr\/wp-json\/wp\/v2\/media\/11344"}],"wp:attachment":[{"href":"https:\/\/ceoparts.com\/tr\/wp-json\/wp\/v2\/media?parent=8172"}],"wp:term":[{"taxonomy":"product_brand","embeddable":true,"href":"https:\/\/ceoparts.com\/tr\/wp-json\/wp\/v2\/product_brand?post=8172"},{"taxonomy":"product_cat","embeddable":true,"href":"https:\/\/ceoparts.com\/tr\/wp-json\/wp\/v2\/product_cat?post=8172"},{"taxonomy":"product_tag","embeddable":true,"href":"https:\/\/ceoparts.com\/tr\/wp-json\/wp\/v2\/product_tag?post=8172"}],"curies":[{"name":"wp","href":"https:\/\/api.w.org\/{rel}","templated":true}]}}