{"id":8175,"date":"2021-01-21T01:45:53","date_gmt":"2021-01-20T22:45:53","guid":{"rendered":"https:\/\/ceoparts.com\/?post_type=product&#038;p=8175"},"modified":"2026-05-16T17:22:29","modified_gmt":"2026-05-16T14:22:29","slug":"343x140-90-150-7b-jungheinrich-51331334","status":"publish","type":"product","link":"https:\/\/ceoparts.com\/tr\/urun\/343x140-90-150-7b-jungheinrich-51331334\/","title":{"rendered":"343&#215;140-90 7B MSL Y\u00fcr\u00fcy\u00fc\u015f Tekeri &#8211; 51331334"},"content":{"rendered":"<p>343&#215;140-90 7B MSL Y\u00fcr\u00fcy\u00fc\u015f Tekeri &#8211; 51331334<\/p>","protected":false},"excerpt":{"rendered":"[wpmem_logged_in]<\/p>\n<table width=\"320\">\n<tbody>\n<tr>\n<td width=\"153\">Tekerlek tipi<\/td>\n<td width=\"167\">\u00a0Standart<\/td>\n<\/tr>\n<tr>\n<td width=\"153\">Tekerlek \u00e7ap\u0131 D (mm)<\/td>\n<td width=\"167\">343<\/td>\n<\/tr>\n<tr>\n<td width=\"153\">Tekerle\u011fin geni\u015fli\u011fi W (mm)<\/td>\n<td width=\"167\">140<\/td>\n<\/tr>\n<tr>\n<td width=\"153\">Jant \u00e7ap\u0131 D-RIM (mm)<\/td>\n<td width=\"167\">278<\/td>\n<\/tr>\n<tr>\n<td width=\"153\">Jant \u00e7ap\u0131 W-RIM (mm)<\/td>\n<td width=\"167\">140<\/td>\n<\/tr>\n<tr>\n<td width=\"153\">Mil \u00e7ap\u0131 AX1 (mm)<\/td>\n<td width=\"167\">90<\/td>\n<\/tr>\n<tr>\n<td width=\"153\">Strok uzunlu\u011fu HL (mm)<\/td>\n<td width=\"167\"><\/td>\n<\/tr>\n<tr>\n<td width=\"153\">Tekerlek malzemesi (gruplanm\u0131\u015f)<\/td>\n<td width=\"167\">Polyurethane<\/td>\n<\/tr>\n<tr>\n<td width=\"153\">Tekerlek profili<\/td>\n<td width=\"167\">P\u00fcr\u00fczs\u00fcz<\/td>\n<\/tr>\n<tr>\n<td width=\"153\">Jant malzemesi<\/td>\n<td width=\"167\">Demird\u00f6k\u00fcm<\/td>\n<\/tr>\n<tr>\n<td width=\"153\">C\u0131vata deli\u011fi say\u0131s\u0131<\/td>\n<td width=\"167\">7<\/td>\n<\/tr>\n<tr>\n<td width=\"153\">En k\u00fc\u00e7\u00fck i\u00e7 kenar\u0131n \u00e7ap\u0131 D1 (mm)<\/td>\n<td width=\"167\">15<\/td>\n<\/tr>\n<tr>\n<td width=\"153\">Daire \u00e7ap\u0131 D-PITCH (mm)<\/td>\n<td width=\"167\">125<\/td>\n<\/tr>\n<tr>\n<td width=\"153\">Flan\u015f kal\u0131nl\u0131\u011f\u0131 TH-FL (mm)<\/td>\n<td width=\"167\">11<\/td>\n<\/tr>\n<\/tbody>\n<\/table>\n<p>[\/wpmem_logged_in]\n","protected":false},"featured_media":12003,"template":"","meta":[],"product_brand":[],"product_cat":[395,397],"product_tag":[],"class_list":{"0":"post-8175","1":"product","2":"type-product","3":"status-publish","4":"has-post-thumbnail","6":"product_cat-ceoparts","7":"product_cat-yuruyus-tekeri-ceo","9":"first","10":"instock","11":"taxable","12":"shipping-taxable","13":"purchasable","14":"product-type-simple"},"_links":{"self":[{"href":"https:\/\/ceoparts.com\/tr\/wp-json\/wp\/v2\/product\/8175","targetHints":{"allow":["GET"]}}],"collection":[{"href":"https:\/\/ceoparts.com\/tr\/wp-json\/wp\/v2\/product"}],"about":[{"href":"https:\/\/ceoparts.com\/tr\/wp-json\/wp\/v2\/types\/product"}],"wp:featuredmedia":[{"embeddable":true,"href":"https:\/\/ceoparts.com\/tr\/wp-json\/wp\/v2\/media\/12003"}],"wp:attachment":[{"href":"https:\/\/ceoparts.com\/tr\/wp-json\/wp\/v2\/media?parent=8175"}],"wp:term":[{"taxonomy":"product_brand","embeddable":true,"href":"https:\/\/ceoparts.com\/tr\/wp-json\/wp\/v2\/product_brand?post=8175"},{"taxonomy":"product_cat","embeddable":true,"href":"https:\/\/ceoparts.com\/tr\/wp-json\/wp\/v2\/product_cat?post=8175"},{"taxonomy":"product_tag","embeddable":true,"href":"https:\/\/ceoparts.com\/tr\/wp-json\/wp\/v2\/product_tag?post=8175"}],"curies":[{"name":"wp","href":"https:\/\/api.w.org\/{rel}","templated":true}]}}