{"id":8250,"date":"2021-01-31T21:54:29","date_gmt":"2021-01-31T18:54:29","guid":{"rendered":"https:\/\/ceoparts.com\/?post_type=product&#038;p=8250"},"modified":"2026-05-16T22:11:05","modified_gmt":"2026-05-16T19:11:05","slug":"125x40-45-15-still-0009933864","status":"publish","type":"product","link":"https:\/\/ceoparts.com\/tr\/urun\/125x40-45-15-still-0009933864\/","title":{"rendered":"125&#215;40\/45-15 Still 0009933864"},"content":{"rendered":"<p>125&#215;40\/45-15 Still 0009933864<\/p>\n","protected":false},"excerpt":{"rendered":"[wpmem_logged_in]<\/p>\n<table width=\"244\">\n<tbody>\n<tr>\n<td width=\"115\">Denge tekeri \u00e7e\u015fidi<\/td>\n<td width=\"129\">\u00a0Standart<\/td>\n<\/tr>\n<tr>\n<td width=\"115\">Denge tekeri\u00a0t\u00fcr\u00fc<\/td>\n<td width=\"129\">Rulmanl\u0131<\/td>\n<\/tr>\n<tr>\n<td width=\"115\">Tekerle\u011fin \u00e7ap\u0131 D (mm)<\/td>\n<td width=\"129\">125<\/td>\n<\/tr>\n<tr>\n<td width=\"115\">W (mm) tekerlek geni\u015fli\u011fi<\/td>\n<td width=\"129\">40<\/td>\n<\/tr>\n<tr>\n<td width=\"115\">Rulman haznesinin \u00e7ap\u0131 1 D-BC1 (mm)<\/td>\n<td width=\"129\">35<\/td>\n<\/tr>\n<tr>\n<td width=\"115\">Rulman haznesinin derinli\u011fi 1 H-BC2 (mm)<\/td>\n<td width=\"129\">11<\/td>\n<\/tr>\n<tr>\n<td width=\"115\">Rulman haznesinin \u00e7ap\u0131 2 D-BC2 (mm)<\/td>\n<td width=\"129\">35<\/td>\n<\/tr>\n<tr>\n<td width=\"115\">Rulman haznesinin derinli\u011fi 2 H-BC2 (mm)<\/td>\n<td width=\"129\">11<\/td>\n<\/tr>\n<tr>\n<td width=\"115\">\u015eaft \u00e7ap\u0131 AX1 (mm)<\/td>\n<td width=\"129\">15<\/td>\n<\/tr>\n<tr>\n<td width=\"115\">G\u00f6bek uzunlu\u011fu HL (mm)<\/td>\n<td width=\"129\">40<\/td>\n<\/tr>\n<tr>\n<td width=\"115\">Ba\u011flama uzunlu\u011fu CL (mm)<\/td>\n<td width=\"129\">46<\/td>\n<\/tr>\n<tr>\n<td width=\"115\">Tekerle\u011fin malzemesi (gruplanm\u0131\u015f)<\/td>\n<td width=\"129\">Polyurethane<\/td>\n<\/tr>\n<tr>\n<td width=\"115\">Jant Malzemesi<\/td>\n<td width=\"129\">D\u00f6k\u00fcm<\/td>\n<\/tr>\n<tr>\n<td width=\"115\">Jant D-RIM \u00e7ap\u0131 (mm)<\/td>\n<td width=\"129\">105<\/td>\n<\/tr>\n<tr>\n<td width=\"115\">W (mm) tekerlek geni\u015fli\u011fi<\/td>\n<td width=\"129\">40<\/td>\n<\/tr>\n<\/tbody>\n<\/table>\n<p>[\/wpmem_logged_in]\n","protected":false},"featured_media":17684,"template":"","meta":[],"product_brand":[],"product_cat":[241,242],"product_tag":[],"class_list":{"0":"post-8250","1":"product","2":"type-product","3":"status-publish","4":"has-post-thumbnail","6":"product_cat-still","7":"product_cat-denge-tekeri-still","9":"first","10":"instock","11":"taxable","12":"shipping-taxable","13":"purchasable","14":"product-type-simple"},"_links":{"self":[{"href":"https:\/\/ceoparts.com\/tr\/wp-json\/wp\/v2\/product\/8250","targetHints":{"allow":["GET"]}}],"collection":[{"href":"https:\/\/ceoparts.com\/tr\/wp-json\/wp\/v2\/product"}],"about":[{"href":"https:\/\/ceoparts.com\/tr\/wp-json\/wp\/v2\/types\/product"}],"wp:featuredmedia":[{"embeddable":true,"href":"https:\/\/ceoparts.com\/tr\/wp-json\/wp\/v2\/media\/17684"}],"wp:attachment":[{"href":"https:\/\/ceoparts.com\/tr\/wp-json\/wp\/v2\/media?parent=8250"}],"wp:term":[{"taxonomy":"product_brand","embeddable":true,"href":"https:\/\/ceoparts.com\/tr\/wp-json\/wp\/v2\/product_brand?post=8250"},{"taxonomy":"product_cat","embeddable":true,"href":"https:\/\/ceoparts.com\/tr\/wp-json\/wp\/v2\/product_cat?post=8250"},{"taxonomy":"product_tag","embeddable":true,"href":"https:\/\/ceoparts.com\/tr\/wp-json\/wp\/v2\/product_tag?post=8250"}],"curies":[{"name":"wp","href":"https:\/\/api.w.org\/{rel}","templated":true}]}}