{"id":8252,"date":"2021-01-31T22:55:59","date_gmt":"2021-01-31T19:55:59","guid":{"rendered":"https:\/\/ceoparts.com\/?post_type=product&#038;p=8252"},"modified":"2026-05-16T18:10:18","modified_gmt":"2026-05-16T15:10:18","slug":"140x60-67-12-still-4494226","status":"publish","type":"product","link":"https:\/\/ceoparts.com\/tr\/urun\/140x60-67-12-still-4494226\/","title":{"rendered":"140&#215;60\/67-12 Still 4494226"},"content":{"rendered":"<p>140&#215;60\/67-12 Still 4494226<\/p>\n","protected":false},"excerpt":{"rendered":"[wpmem_logged_in]<\/p>\n<table width=\"200\">\n<tbody>\n<tr>\n<td width=\"136\">Tekerlek \u00c7e\u015fidi<\/td>\n<td width=\"64\">\u00a0Standart<\/td>\n<\/tr>\n<tr>\n<td width=\"136\">Tekerle\u011fin \u00e7ap\u0131 D (mm)<\/td>\n<td width=\"64\">140<\/td>\n<\/tr>\n<tr>\n<td width=\"136\">W (mm) tekerlek geni\u015fli\u011fi<\/td>\n<td width=\"64\">60<\/td>\n<\/tr>\n<tr>\n<td width=\"136\">Jant D-RIM \u00e7ap\u0131 (mm)<\/td>\n<td width=\"64\">115<\/td>\n<\/tr>\n<tr>\n<td width=\"136\">Jant \u00c7ap\u0131 W-RIM (mm)<\/td>\n<td width=\"64\">60<\/td>\n<\/tr>\n<tr>\n<td width=\"136\">\u015eaft \u00e7ap\u0131 AX1 (mm)<\/td>\n<td width=\"64\">12,3<\/td>\n<\/tr>\n<tr>\n<td width=\"136\">G\u00f6bek uzunlu\u011fu HL (mm)<\/td>\n<td width=\"64\">66<\/td>\n<\/tr>\n<tr>\n<td width=\"136\">Tekerle\u011fin malzemesi (gruplanm\u0131\u015f)<\/td>\n<td width=\"64\">Polyurethane<\/td>\n<\/tr>\n<tr>\n<td width=\"136\">Tekerlek profili<\/td>\n<td width=\"64\"><\/td>\n<\/tr>\n<tr>\n<td width=\"136\">Jant Malzemesi<\/td>\n<td width=\"64\">D\u00d6KME DEMIR<\/td>\n<\/tr>\n<tr>\n<td width=\"136\">Cam mevcut<\/td>\n<td width=\"64\">Hay\u0131r<\/td>\n<\/tr>\n<tr>\n<td width=\"136\">Jant ve lastik<\/td>\n<td width=\"64\">Hay\u0131r<\/td>\n<\/tr>\n<\/tbody>\n<\/table>\n<p>[\/wpmem_logged_in]\n","protected":false},"featured_media":17685,"template":"","meta":[],"product_brand":[],"product_cat":[241,242],"product_tag":[],"class_list":{"0":"post-8252","1":"product","2":"type-product","3":"status-publish","4":"has-post-thumbnail","6":"product_cat-still","7":"product_cat-denge-tekeri-still","9":"first","10":"instock","11":"taxable","12":"shipping-taxable","13":"purchasable","14":"product-type-simple"},"_links":{"self":[{"href":"https:\/\/ceoparts.com\/tr\/wp-json\/wp\/v2\/product\/8252","targetHints":{"allow":["GET"]}}],"collection":[{"href":"https:\/\/ceoparts.com\/tr\/wp-json\/wp\/v2\/product"}],"about":[{"href":"https:\/\/ceoparts.com\/tr\/wp-json\/wp\/v2\/types\/product"}],"wp:featuredmedia":[{"embeddable":true,"href":"https:\/\/ceoparts.com\/tr\/wp-json\/wp\/v2\/media\/17685"}],"wp:attachment":[{"href":"https:\/\/ceoparts.com\/tr\/wp-json\/wp\/v2\/media?parent=8252"}],"wp:term":[{"taxonomy":"product_brand","embeddable":true,"href":"https:\/\/ceoparts.com\/tr\/wp-json\/wp\/v2\/product_brand?post=8252"},{"taxonomy":"product_cat","embeddable":true,"href":"https:\/\/ceoparts.com\/tr\/wp-json\/wp\/v2\/product_cat?post=8252"},{"taxonomy":"product_tag","embeddable":true,"href":"https:\/\/ceoparts.com\/tr\/wp-json\/wp\/v2\/product_tag?post=8252"}],"curies":[{"name":"wp","href":"https:\/\/api.w.org\/{rel}","templated":true}]}}