{"id":8261,"date":"2021-02-04T17:25:47","date_gmt":"2021-02-04T14:25:47","guid":{"rendered":"https:\/\/ceoparts.com\/?post_type=product&#038;p=8261"},"modified":"2026-05-03T07:16:12","modified_gmt":"2026-05-03T04:16:12","slug":"230x88-65-atlet-118032","status":"publish","type":"product","link":"https:\/\/ceoparts.com\/tr\/urun\/230x88-65-atlet-118032\/","title":{"rendered":"230&#215;88-65 Atlet 118032"},"content":{"rendered":"<p>230&#215;88-65 Atlet 118032<\/p>\n","protected":false},"excerpt":{"rendered":"[wpmem_logged_in]<\/p>\n<table width=\"327\">\n<tbody>\n<tr>\n<td width=\"208\">Tekerlek tipi<\/td>\n<td width=\"119\">\u00a0Standart<\/td>\n<\/tr>\n<tr>\n<td width=\"208\">Tekerlek \u00e7ap\u0131 D (mm)<\/td>\n<td width=\"119\">230<\/td>\n<\/tr>\n<tr>\n<td width=\"208\">Tekerle\u011fin geni\u015fli\u011fi W (mm)<\/td>\n<td width=\"119\">90<\/td>\n<\/tr>\n<tr>\n<td width=\"208\">Jant \u00e7ap\u0131 D-RIM (mm)<\/td>\n<td width=\"119\">180<\/td>\n<\/tr>\n<tr>\n<td width=\"208\">Jant \u00e7ap\u0131 W-RIM (mm)<\/td>\n<td width=\"119\">90<\/td>\n<\/tr>\n<tr>\n<td width=\"208\">Mil \u00e7ap\u0131 AX1 (mm)<\/td>\n<td width=\"119\">65<\/td>\n<\/tr>\n<tr>\n<td width=\"208\">Strok uzunlu\u011fu HL (mm)<\/td>\n<td width=\"119\"><\/td>\n<\/tr>\n<tr>\n<td width=\"208\">Tekerlek malzemesi (gruplanm\u0131\u015f)<\/td>\n<td width=\"119\">Polyurethane<\/td>\n<\/tr>\n<tr>\n<td width=\"208\">Tekerlek profili<\/td>\n<td width=\"119\">P\u00fcr\u00fczs\u00fcz<\/td>\n<\/tr>\n<tr>\n<td width=\"208\">Jant malzemesi<\/td>\n<td width=\"119\">Demird\u00f6k\u00fcm<\/td>\n<\/tr>\n<tr>\n<td width=\"208\">C\u0131vata deli\u011fi say\u0131s\u0131<\/td>\n<td width=\"119\">5<\/td>\n<\/tr>\n<tr>\n<td width=\"208\">En k\u00fc\u00e7\u00fck i\u00e7 kenar\u0131n \u00e7ap\u0131 D1 (mm)<\/td>\n<td width=\"119\">13<\/td>\n<\/tr>\n<tr>\n<td width=\"208\">Daire \u00e7ap\u0131 D-PITCH (mm)<\/td>\n<td width=\"119\">90<\/td>\n<\/tr>\n<tr>\n<td width=\"208\">Flan\u015f kal\u0131nl\u0131\u011f\u0131 TH-FL (mm)<\/td>\n<td width=\"119\">12<\/td>\n<\/tr>\n<\/tbody>\n<\/table>\n<p>[\/wpmem_logged_in]\n","protected":false},"featured_media":17681,"template":"","meta":[],"product_brand":[],"product_cat":[262,265],"product_tag":[],"class_list":{"0":"post-8261","1":"product","2":"type-product","3":"status-publish","4":"has-post-thumbnail","6":"product_cat-atlet","7":"product_cat-yuruyus-tekeri-atlet","9":"first","10":"instock","11":"taxable","12":"shipping-taxable","13":"purchasable","14":"product-type-simple"},"_links":{"self":[{"href":"https:\/\/ceoparts.com\/tr\/wp-json\/wp\/v2\/product\/8261","targetHints":{"allow":["GET"]}}],"collection":[{"href":"https:\/\/ceoparts.com\/tr\/wp-json\/wp\/v2\/product"}],"about":[{"href":"https:\/\/ceoparts.com\/tr\/wp-json\/wp\/v2\/types\/product"}],"wp:featuredmedia":[{"embeddable":true,"href":"https:\/\/ceoparts.com\/tr\/wp-json\/wp\/v2\/media\/17681"}],"wp:attachment":[{"href":"https:\/\/ceoparts.com\/tr\/wp-json\/wp\/v2\/media?parent=8261"}],"wp:term":[{"taxonomy":"product_brand","embeddable":true,"href":"https:\/\/ceoparts.com\/tr\/wp-json\/wp\/v2\/product_brand?post=8261"},{"taxonomy":"product_cat","embeddable":true,"href":"https:\/\/ceoparts.com\/tr\/wp-json\/wp\/v2\/product_cat?post=8261"},{"taxonomy":"product_tag","embeddable":true,"href":"https:\/\/ceoparts.com\/tr\/wp-json\/wp\/v2\/product_tag?post=8261"}],"curies":[{"name":"wp","href":"https:\/\/api.w.org\/{rel}","templated":true}]}}