{"id":8340,"date":"2021-02-14T19:37:05","date_gmt":"2021-02-14T16:37:05","guid":{"rendered":"https:\/\/ceoparts.com\/?post_type=product&#038;p=8340"},"modified":"2026-05-03T06:45:18","modified_gmt":"2026-05-03T03:45:18","slug":"70x60-60-15-yuk-tekeri","status":"publish","type":"product","link":"https:\/\/ceoparts.com\/tr\/urun\/70x60-60-15-yuk-tekeri\/","title":{"rendered":"70&#215;60\/60-15 Ceoparts Poli\u00fcretan Transpalet Tekeri"},"content":{"rendered":"<p>70&#215;60\/60-15 Ceoparts Poli\u00fcretan Transpalet Tekeri<\/p>\n<p><\/p>","protected":false},"excerpt":{"rendered":"<p data-start=\"103\" data-end=\"602\"><br data-start=\"108\" data-end=\"111\" \/><strong data-start=\"111\" data-end=\"146\">70\u00d760\/60-15 Ceoparts Y\u00fck Tekeri<\/strong>, forklift ve depo ekipmanlar\u0131 i\u00e7in y\u00fcksek dayan\u0131kl\u0131l\u0131\u011fa sahip, uzun \u00f6m\u00fcrl\u00fc bir y\u00fck tekeridir. Sa\u011flam metal g\u00f6vde ve a\u015f\u0131nmaya kar\u015f\u0131 diren\u00e7li poli\u00fcretan veya kau\u00e7uk kaplamas\u0131 sayesinde dayan\u0131kl\u0131 kullan\u0131m sa\u011flar. Geni\u015f temas alan\u0131, y\u00fck\u00fcn dengeli da\u011f\u0131l\u0131m\u0131n\u0131 sa\u011flar; bu da ekipman\u0131n stabil, sessiz ve titre\u015fimsiz \u00e7al\u0131\u015fmas\u0131na olanak tan\u0131r. Kompakt tasar\u0131m\u0131 ile dar alanlarda kolay manevra imkan\u0131 sunar ve montaj\u0131 kolayd\u0131r. End\u00fcstriyel uygulamalar i\u00e7in uygundur.<\/p>\n<p data-start=\"604\" data-end=\"955\"><strong data-start=\"604\" data-end=\"618\">\u00d6zellikler<\/strong><br data-start=\"618\" data-end=\"621\" \/><strong data-start=\"621\" data-end=\"634\">\u00dcr\u00fcn Ad\u0131:<\/strong> 70\u00d760\/60-15 Ceoparts Y\u00fck Tekeri<br data-start=\"666\" data-end=\"669\" \/><strong data-start=\"669\" data-end=\"684\">Par\u00e7a Kodu:<\/strong> &#8211;<br data-start=\"686\" data-end=\"689\" \/><strong data-start=\"689\" data-end=\"701\">Malzeme:<\/strong> Sa\u011flam metal g\u00f6vde, a\u015f\u0131nmaya dayan\u0131kl\u0131 poli\u00fcretan veya kau\u00e7uk kaplama<br data-start=\"771\" data-end=\"774\" \/><strong data-start=\"774\" data-end=\"793\">Kullan\u0131m Alan\u0131:<\/strong> Forklift ve depo ekipmanlar\u0131 y\u00fck ta\u015f\u0131ma sistemleri<br data-start=\"844\" data-end=\"847\" \/><strong data-start=\"847\" data-end=\"859\">Avantaj:<\/strong> Dengeli y\u00fck da\u011f\u0131l\u0131m\u0131, sessiz ve titre\u015fimsiz \u00e7al\u0131\u015fma, uzun \u00f6m\u00fcr, kompakt tasar\u0131m, kolay montaj<\/p>\n<hr data-start=\"957\" data-end=\"960\" \/>\n<p data-start=\"962\" data-end=\"1449\">\n","protected":false},"featured_media":15527,"template":"","meta":[],"product_brand":[],"product_cat":[539,540],"product_tag":[],"class_list":{"0":"post-8340","1":"product","2":"type-product","3":"status-publish","4":"has-post-thumbnail","6":"product_cat-transpalet-tekeri","7":"product_cat-poliuretan-transpalet-tekeri","9":"first","10":"instock","11":"taxable","12":"shipping-taxable","13":"purchasable","14":"product-type-simple"},"_links":{"self":[{"href":"https:\/\/ceoparts.com\/tr\/wp-json\/wp\/v2\/product\/8340","targetHints":{"allow":["GET"]}}],"collection":[{"href":"https:\/\/ceoparts.com\/tr\/wp-json\/wp\/v2\/product"}],"about":[{"href":"https:\/\/ceoparts.com\/tr\/wp-json\/wp\/v2\/types\/product"}],"wp:featuredmedia":[{"embeddable":true,"href":"https:\/\/ceoparts.com\/tr\/wp-json\/wp\/v2\/media\/15527"}],"wp:attachment":[{"href":"https:\/\/ceoparts.com\/tr\/wp-json\/wp\/v2\/media?parent=8340"}],"wp:term":[{"taxonomy":"product_brand","embeddable":true,"href":"https:\/\/ceoparts.com\/tr\/wp-json\/wp\/v2\/product_brand?post=8340"},{"taxonomy":"product_cat","embeddable":true,"href":"https:\/\/ceoparts.com\/tr\/wp-json\/wp\/v2\/product_cat?post=8340"},{"taxonomy":"product_tag","embeddable":true,"href":"https:\/\/ceoparts.com\/tr\/wp-json\/wp\/v2\/product_tag?post=8340"}],"curies":[{"name":"wp","href":"https:\/\/api.w.org\/{rel}","templated":true}]}}