{"id":8350,"date":"2021-02-14T21:22:15","date_gmt":"2021-02-14T18:22:15","guid":{"rendered":"https:\/\/ceoparts.com\/?post_type=product&#038;p=8350"},"modified":"2026-05-16T20:33:15","modified_gmt":"2026-05-16T17:33:15","slug":"rll-003","status":"publish","type":"product","link":"https:\/\/ceoparts.com\/tr\/urun\/rll-003\/","title":{"rendered":"70&#215;60\/60-20 Ceoparts Poli\u00fcretan Transpalet Tekeri"},"content":{"rendered":"<p>70&#215;60\/60-20 Ceoparts Poli\u00fcretan Transpalet Tekeri<\/p>\n<p><\/p>","protected":false},"excerpt":{"rendered":"<p data-start=\"103\" data-end=\"583\"><br data-start=\"108\" data-end=\"111\" \/><strong data-start=\"111\" data-end=\"146\">70\u00d760\/60-20 Ceoparts Y\u00fck Tekeri<\/strong>, forklift ve depo ekipmanlar\u0131 i\u00e7in y\u00fcksek dayan\u0131kl\u0131l\u0131\u011fa sahip kaliteli bir y\u00fck tekeridir. Sa\u011flam metal g\u00f6vde ve a\u015f\u0131nmaya kar\u015f\u0131 diren\u00e7li poli\u00fcretan veya kau\u00e7uk kaplamas\u0131yla uzun \u00f6m\u00fcrl\u00fc kullan\u0131m sunar. Geni\u015f temas alan\u0131 sayesinde y\u00fck\u00fc dengeli da\u011f\u0131tarak ekipman\u0131n stabil, sessiz ve titre\u015fimsiz \u00e7al\u0131\u015fmas\u0131n\u0131 sa\u011flar. Kompakt tasar\u0131m\u0131, dar alanlarda kolay manevra kabiliyeti sunar ve kolay montaj\u0131 sayesinde end\u00fcstriyel kullan\u0131m i\u00e7in idealdir.<\/p>\n<p data-start=\"585\" data-end=\"936\"><strong data-start=\"585\" data-end=\"599\">\u00d6zellikler<\/strong><br data-start=\"599\" data-end=\"602\" \/><strong data-start=\"602\" data-end=\"615\">\u00dcr\u00fcn Ad\u0131:<\/strong> 70\u00d760\/60-20 Ceoparts Y\u00fck Tekeri<br data-start=\"647\" data-end=\"650\" \/><strong data-start=\"650\" data-end=\"665\">Par\u00e7a Kodu:<\/strong> &#8211;<br data-start=\"667\" data-end=\"670\" \/><strong data-start=\"670\" data-end=\"682\">Malzeme:<\/strong> Sa\u011flam metal g\u00f6vde, a\u015f\u0131nmaya dayan\u0131kl\u0131 poli\u00fcretan veya kau\u00e7uk kaplama<br data-start=\"752\" data-end=\"755\" \/><strong data-start=\"755\" data-end=\"774\">Kullan\u0131m Alan\u0131:<\/strong> Forklift ve depo ekipmanlar\u0131 y\u00fck ta\u015f\u0131ma sistemleri<br data-start=\"825\" data-end=\"828\" \/><strong data-start=\"828\" data-end=\"840\">Avantaj:<\/strong> Dengeli y\u00fck da\u011f\u0131l\u0131m\u0131, sessiz ve titre\u015fimsiz \u00e7al\u0131\u015fma, uzun \u00f6m\u00fcr, kompakt tasar\u0131m, kolay montaj<\/p>\n<hr data-start=\"938\" data-end=\"941\" \/>\n<p data-start=\"943\" data-end=\"1427\">\n","protected":false},"featured_media":15527,"template":"","meta":[],"product_brand":[],"product_cat":[539,540],"product_tag":[],"class_list":{"0":"post-8350","1":"product","2":"type-product","3":"status-publish","4":"has-post-thumbnail","6":"product_cat-transpalet-tekeri","7":"product_cat-poliuretan-transpalet-tekeri","9":"first","10":"instock","11":"taxable","12":"shipping-taxable","13":"purchasable","14":"product-type-simple"},"_links":{"self":[{"href":"https:\/\/ceoparts.com\/tr\/wp-json\/wp\/v2\/product\/8350","targetHints":{"allow":["GET"]}}],"collection":[{"href":"https:\/\/ceoparts.com\/tr\/wp-json\/wp\/v2\/product"}],"about":[{"href":"https:\/\/ceoparts.com\/tr\/wp-json\/wp\/v2\/types\/product"}],"wp:featuredmedia":[{"embeddable":true,"href":"https:\/\/ceoparts.com\/tr\/wp-json\/wp\/v2\/media\/15527"}],"wp:attachment":[{"href":"https:\/\/ceoparts.com\/tr\/wp-json\/wp\/v2\/media?parent=8350"}],"wp:term":[{"taxonomy":"product_brand","embeddable":true,"href":"https:\/\/ceoparts.com\/tr\/wp-json\/wp\/v2\/product_brand?post=8350"},{"taxonomy":"product_cat","embeddable":true,"href":"https:\/\/ceoparts.com\/tr\/wp-json\/wp\/v2\/product_cat?post=8350"},{"taxonomy":"product_tag","embeddable":true,"href":"https:\/\/ceoparts.com\/tr\/wp-json\/wp\/v2\/product_tag?post=8350"}],"curies":[{"name":"wp","href":"https:\/\/api.w.org\/{rel}","templated":true}]}}