{"id":8352,"date":"2021-02-14T21:25:20","date_gmt":"2021-02-14T18:25:20","guid":{"rendered":"https:\/\/ceoparts.com\/?post_type=product&#038;p=8352"},"modified":"2026-05-16T21:35:29","modified_gmt":"2026-05-16T18:35:29","slug":"77x70-75-125-yuk-tekeri","status":"publish","type":"product","link":"https:\/\/ceoparts.com\/tr\/urun\/77x70-75-125-yuk-tekeri\/","title":{"rendered":"77&#215;70\/75-12,5 Ceoparts Poli\u00fcretan Transpalet Tekeri &#8211; 51026483"},"content":{"rendered":"<p>77&#215;70\/75-12,5 Ceoparts Poli\u00fcretan Transpalet Tekeri &#8211; 51026483<\/p>\n<p>&nbsp;<\/p>\n<p>&nbsp;<\/p>\n<table border=\"0\" width=\"264\" cellspacing=\"0\" cellpadding=\"0\">\n<colgroup>\n<col width=\"166\" \/>\n<col width=\"98\" \/><\/colgroup>\n<tbody>\n<tr>\n<td width=\"166\" height=\"19\"><span style=\"font-family: Calibri;\">EMC 110 (US)<\/span><\/td>\n<td width=\"98\"><span style=\"font-family: Calibri;\">3.09 &#8211;\u00a0<\/span><\/td>\n<\/tr>\n<tr>\n<td height=\"19\"><span style=\"font-family: Calibri;\">EMC 110<\/span><\/td>\n<td><span style=\"font-family: Calibri;\">3.09 &#8211;\u00a0<\/span><\/td>\n<\/tr>\n<tr>\n<td height=\"19\"><span style=\"font-family: Calibri;\">PWF11<\/span><\/td>\n<td><span style=\"font-family: Calibri;\">3.09 &#8211;\u00a0<\/span><\/td>\n<\/tr>\n<tr>\n<td height=\"19\"><span style=\"font-family: Calibri;\">EMC 110 (2SF2200)<\/span><\/td>\n<td><span style=\"font-family: Calibri;\">3.09 &#8211; 3.10<\/span><\/td>\n<\/tr>\n<tr>\n<td height=\"19\"><span style=\"font-family: Calibri;\">EMC B10<\/span><\/td>\n<td><span style=\"font-family: Calibri;\">3.09 &#8211;\u00a0<\/span><\/td>\n<\/tr>\n<tr>\n<td height=\"19\"><span style=\"font-family: Calibri;\">EMC B10 (US)<\/span><\/td>\n<td><span style=\"font-family: Calibri;\">3.09 &#8211;\u00a0<\/span><\/td>\n<\/tr>\n<tr>\n<td height=\"19\"><span style=\"font-family: Calibri;\">PWT11<\/span><\/td>\n<td><span style=\"font-family: Calibri;\">3.09 &#8211;\u00a0<\/span><\/td>\n<\/tr>\n<tr>\n<td height=\"19\"><span style=\"font-family: Calibri;\">EMC B10 (2SS2200)<\/span><\/td>\n<td><span style=\"font-family: Calibri;\">3.09 &#8211;\u00a0<\/span><\/td>\n<\/tr>\n<tr>\n<td height=\"19\"><span style=\"font-family: Calibri;\">EJC 110\/112\/212<\/span><\/td>\n<td><span style=\"font-family: Calibri;\">8.11 &#8211; 9.19<\/span><\/td>\n<\/tr>\n<tr>\n<td height=\"19\"><span style=\"font-family: Calibri;\">EMC 105\/110\/B10<\/span><\/td>\n<td><span style=\"font-family: Calibri;\">11.14 &#8211;\u00a0<\/span><\/td>\n<\/tr>\n<tr>\n<td height=\"19\"><span style=\"font-family: Calibri;\">PWF11\/PWT11<\/span><\/td>\n<td><span style=\"font-family: Calibri;\">11.14 &#8211;\u00a0<\/span><\/td>\n<\/tr>\n<tr>\n<td height=\"19\"><span style=\"font-family: Calibri;\">EMC 105\/110\/B10 US<\/span><\/td>\n<td><span style=\"font-family: Calibri;\">11.14 &#8211;\u00a0<\/span><\/td>\n<\/tr>\n<tr>\n<td height=\"19\"><span style=\"font-family: Calibri;\">EMC 110\/B10<\/span><\/td>\n<td><span style=\"font-family: Calibri;\">11.14 &#8211;\u00a0<\/span><\/td>\n<\/tr>\n<tr>\n<td height=\"19\"><span style=\"font-family: Calibri;\">EJD 118\/120\/ EMD 118<\/span><\/td>\n<td><span style=\"font-family: Calibri;\">10.15 &#8211;\u00a0<\/span><\/td>\n<\/tr>\n<tr>\n<td height=\"19\"><span style=\"font-family: Calibri;\">EMD 115i<\/span><\/td>\n<td><span style=\"font-family: Calibri;\">7.16 &#8211;\u00a0<\/span><\/td>\n<\/tr>\n<tr>\n<td height=\"19\"><span style=\"font-family: Calibri;\">EJC 110\/112<\/span><\/td>\n<td><span style=\"font-family: Calibri;\">9.19 &#8211;\u00a0<\/span><\/td>\n<\/tr>\n<\/tbody>\n<\/table>\n<p><\/p>","protected":false},"excerpt":{"rendered":"<p data-start=\"116\" data-end=\"634\"><br data-start=\"121\" data-end=\"124\" \/><strong data-start=\"124\" data-end=\"161\">77\u00d770\/75-12,5 Ceoparts Y\u00fck Tekeri<\/strong>, forklift ve depo ekipmanlar\u0131 i\u00e7in \u00f6zel olarak tasarlanm\u0131\u015f dayan\u0131kl\u0131 ve y\u00fcksek performansl\u0131 bir y\u00fck tekeridir. Sa\u011flam metal g\u00f6vdesi ve a\u015f\u0131nmaya kar\u015f\u0131 diren\u00e7li poli\u00fcretan veya kau\u00e7uk kaplamas\u0131 sayesinde uzun \u00f6m\u00fcrl\u00fcd\u00fcr. Geni\u015f temas y\u00fczeyi, y\u00fck\u00fcn dengeli da\u011f\u0131l\u0131m\u0131n\u0131 sa\u011flar ve ekipman\u0131n stabil, sessiz ve titre\u015fimsiz \u00e7al\u0131\u015fmas\u0131na olanak tan\u0131r. Kompakt yap\u0131s\u0131 sayesinde dar alanlarda kolay manevra imkan\u0131 sunar ve montaj\u0131 kolayd\u0131r. End\u00fcstriyel ortamlarda g\u00fcvenle kullan\u0131labilir.<\/p>\n<p data-start=\"636\" data-end=\"1002\"><strong data-start=\"636\" data-end=\"650\">\u00d6zellikler<\/strong><br data-start=\"650\" data-end=\"653\" \/><strong data-start=\"653\" data-end=\"666\">\u00dcr\u00fcn Ad\u0131:<\/strong> 77\u00d770\/75-12,5 Ceoparts Y\u00fck Tekeri<br data-start=\"700\" data-end=\"703\" \/><strong data-start=\"703\" data-end=\"718\">Par\u00e7a Kodu:<\/strong> 51026483<br data-start=\"727\" data-end=\"730\" \/><strong data-start=\"730\" data-end=\"742\">Malzeme:<\/strong> Dayan\u0131kl\u0131 metal g\u00f6vde, a\u015f\u0131nmaya dayan\u0131kl\u0131 poli\u00fcretan veya kau\u00e7uk kaplama<br data-start=\"815\" data-end=\"818\" \/><strong data-start=\"818\" data-end=\"837\">Kullan\u0131m Alan\u0131:<\/strong> Forklift ve depo ekipmanlar\u0131nda y\u00fck ta\u015f\u0131ma sistemleri<br data-start=\"891\" data-end=\"894\" \/><strong data-start=\"894\" data-end=\"906\">Avantaj:<\/strong> Dengeli y\u00fck da\u011f\u0131l\u0131m\u0131, sessiz ve titre\u015fimsiz \u00e7al\u0131\u015fma, uzun \u00f6m\u00fcr, kompakt tasar\u0131m, kolay montaj<\/p>\n<hr data-start=\"1004\" data-end=\"1007\" \/>\n<p data-start=\"1009\" data-end=\"1498\">\n","protected":false},"featured_media":15530,"template":"","meta":[],"product_brand":[],"product_cat":[539,540],"product_tag":[],"class_list":{"0":"post-8352","1":"product","2":"type-product","3":"status-publish","4":"has-post-thumbnail","6":"product_cat-transpalet-tekeri","7":"product_cat-poliuretan-transpalet-tekeri","9":"first","10":"instock","11":"taxable","12":"shipping-taxable","13":"purchasable","14":"product-type-simple"},"_links":{"self":[{"href":"https:\/\/ceoparts.com\/tr\/wp-json\/wp\/v2\/product\/8352","targetHints":{"allow":["GET"]}}],"collection":[{"href":"https:\/\/ceoparts.com\/tr\/wp-json\/wp\/v2\/product"}],"about":[{"href":"https:\/\/ceoparts.com\/tr\/wp-json\/wp\/v2\/types\/product"}],"wp:featuredmedia":[{"embeddable":true,"href":"https:\/\/ceoparts.com\/tr\/wp-json\/wp\/v2\/media\/15530"}],"wp:attachment":[{"href":"https:\/\/ceoparts.com\/tr\/wp-json\/wp\/v2\/media?parent=8352"}],"wp:term":[{"taxonomy":"product_brand","embeddable":true,"href":"https:\/\/ceoparts.com\/tr\/wp-json\/wp\/v2\/product_brand?post=8352"},{"taxonomy":"product_cat","embeddable":true,"href":"https:\/\/ceoparts.com\/tr\/wp-json\/wp\/v2\/product_cat?post=8352"},{"taxonomy":"product_tag","embeddable":true,"href":"https:\/\/ceoparts.com\/tr\/wp-json\/wp\/v2\/product_tag?post=8352"}],"curies":[{"name":"wp","href":"https:\/\/api.w.org\/{rel}","templated":true}]}}