{"id":8354,"date":"2021-02-14T21:28:07","date_gmt":"2021-02-14T18:28:07","guid":{"rendered":"https:\/\/ceoparts.com\/?post_type=product&#038;p=8354"},"modified":"2026-05-16T18:10:58","modified_gmt":"2026-05-16T15:10:58","slug":"82x60-60-20-yuk-tekeri","status":"publish","type":"product","link":"https:\/\/ceoparts.com\/tr\/urun\/82x60-60-20-yuk-tekeri\/","title":{"rendered":"82&#215;60\/60-20 Ceoparts Y\u00fck Tekeri &#8211; 500552972"},"content":{"rendered":"<p>82&#215;60\/60-20 Ceoparts Y\u00fck Tekeri &#8211; 500552972<\/p>\n<p>Jungheinrich 50052972<\/p>\n<p>AM22<\/p>\n<p>AM2200<\/p>\n<p>TM22<\/p>\n<p>Still<\/p>\n<p>HP22<\/p>","protected":false},"excerpt":{"rendered":"<p data-start=\"117\" data-end=\"650\"><br data-start=\"122\" data-end=\"125\" \/><strong data-start=\"125\" data-end=\"160\">82\u00d760\/60-20 Ceoparts Y\u00fck Tekeri<\/strong>, forklift ve depo ekipmanlar\u0131 i\u00e7in tasarlanm\u0131\u015f, orta-y\u00fcksek dayan\u0131kl\u0131l\u0131\u011fa sahip kaliteli bir y\u00fck tekeridir. Geni\u015f temas y\u00fczeyi sayesinde y\u00fck\u00fc dengeli da\u011f\u0131tarak ekipman\u0131n stabil ve g\u00fcvenli \u00e7al\u0131\u015fmas\u0131n\u0131 sa\u011flar. Sa\u011flam metal g\u00f6vdesi ile uzun \u00f6m\u00fcrl\u00fcd\u00fcr ve poli\u00fcretan veya kau\u00e7uk kaplamas\u0131 sayesinde zemin \u00fczerinde sessiz ve titre\u015fimsiz bir hareket sunar. Kompakt tasar\u0131m\u0131 sayesinde dar alanlarda y\u00fcksek manevra kabiliyeti sa\u011flar ve kolay montaj imkan\u0131 sunar. End\u00fcstriyel kullan\u0131m i\u00e7in uygundur.<\/p>\n<p data-start=\"652\" data-end=\"1042\"><strong data-start=\"652\" data-end=\"666\">\u00d6zellikler<\/strong><br data-start=\"666\" data-end=\"669\" \/><strong data-start=\"669\" data-end=\"682\">\u00dcr\u00fcn Ad\u0131:<\/strong> 82\u00d760\/60-20 Ceoparts Y\u00fck Tekeri<br data-start=\"714\" data-end=\"717\" \/><strong data-start=\"717\" data-end=\"732\">Par\u00e7a Kodu:<\/strong> 500552972<br data-start=\"742\" data-end=\"745\" \/><strong data-start=\"745\" data-end=\"757\">Malzeme:<\/strong> Sa\u011flam metal g\u00f6vde, a\u015f\u0131nmaya dayan\u0131kl\u0131 poli\u00fcretan veya kau\u00e7uk kaplama<br data-start=\"827\" data-end=\"830\" \/><strong data-start=\"830\" data-end=\"849\">Kullan\u0131m Alan\u0131:<\/strong> Forklift ve depo ekipmanlar\u0131 y\u00fck ta\u015f\u0131ma sistemleri<br data-start=\"900\" data-end=\"903\" \/><strong data-start=\"903\" data-end=\"915\">Avantaj:<\/strong> Dengeli y\u00fck da\u011f\u0131l\u0131m\u0131, sessiz ve titre\u015fimsiz \u00e7al\u0131\u015fma, uzun \u00f6m\u00fcr, zemin dostu yap\u0131, kompakt ve dayan\u0131kl\u0131 tasar\u0131m, kolay montaj<\/p>\n<hr data-start=\"1044\" data-end=\"1047\" \/>\n<p data-start=\"1049\" data-end=\"1557\">\n","protected":false},"featured_media":15543,"template":"","meta":[],"product_brand":[],"product_cat":[236,238,241,243,398,400],"product_tag":[],"class_list":{"0":"post-8354","1":"product","2":"type-product","3":"status-publish","4":"has-post-thumbnail","6":"product_cat-jungheinrich","7":"product_cat-catal-tekeri-jungheinrich","8":"product_cat-still","9":"product_cat-catal-tekeri-still","10":"product_cat-catal-tekeri-ceo","11":"product_cat-catal-tekeri","13":"first","14":"instock","15":"taxable","16":"shipping-taxable","17":"purchasable","18":"product-type-simple"},"_links":{"self":[{"href":"https:\/\/ceoparts.com\/tr\/wp-json\/wp\/v2\/product\/8354","targetHints":{"allow":["GET"]}}],"collection":[{"href":"https:\/\/ceoparts.com\/tr\/wp-json\/wp\/v2\/product"}],"about":[{"href":"https:\/\/ceoparts.com\/tr\/wp-json\/wp\/v2\/types\/product"}],"wp:featuredmedia":[{"embeddable":true,"href":"https:\/\/ceoparts.com\/tr\/wp-json\/wp\/v2\/media\/15543"}],"wp:attachment":[{"href":"https:\/\/ceoparts.com\/tr\/wp-json\/wp\/v2\/media?parent=8354"}],"wp:term":[{"taxonomy":"product_brand","embeddable":true,"href":"https:\/\/ceoparts.com\/tr\/wp-json\/wp\/v2\/product_brand?post=8354"},{"taxonomy":"product_cat","embeddable":true,"href":"https:\/\/ceoparts.com\/tr\/wp-json\/wp\/v2\/product_cat?post=8354"},{"taxonomy":"product_tag","embeddable":true,"href":"https:\/\/ceoparts.com\/tr\/wp-json\/wp\/v2\/product_tag?post=8354"}],"curies":[{"name":"wp","href":"https:\/\/api.w.org\/{rel}","templated":true}]}}