{"id":8358,"date":"2021-02-14T21:33:57","date_gmt":"2021-02-14T18:33:57","guid":{"rendered":"https:\/\/ceoparts.com\/?post_type=product&#038;p=8358"},"modified":"2026-05-16T18:10:45","modified_gmt":"2026-05-16T15:10:45","slug":"85x60-62-17-yuk-tekeri","status":"publish","type":"product","link":"https:\/\/ceoparts.com\/tr\/urun\/85x60-62-17-yuk-tekeri\/","title":{"rendered":"85&#215;60\/62-17 Ceoparts Y\u00fck Tekeri &#8211; 8190118"},"content":{"rendered":"<p>85&#215;60\/62-17 Ceoparts Y\u00fck Tekeri &#8211; 8190118<\/p>\n<p>CS20\/711030<br \/>\nCS20\/711030\/II NR711030010263\/12-03<br \/>\nCS20L\/II NR711030010263\/03-03<\/p>\n<p>CSH20\/711032\/II NR711032010395\/03-03<br \/>\nCSH20L\/711032\/II NR711032010395<\/p>\n<p>EGD-S 1600\/710217\/03-97<br \/>\nEGD-S16\/710218\/06-06<br \/>\nEGD 1600\/710215\/01-97<br \/>\nEGD 16\/710219\/01-07<\/p>\n<p>EGU-H&#8211;71 0201<br \/>\nEGU-S20-24\/II NR710124010323-710126010306\/01-07<br \/>\nEGU 14\/710114\/11-97<br \/>\nEGU 16\/710116\/02-97<\/p>\n<p>EGV-S 710212\/710211\/05-95<br \/>\nEGV 710212\/710216\/710220\/12.00<br \/>\nEGV 14.16-710248\/710250<\/p>\n<p>EXD S20\/710203\/01-07<\/p>\n<p>EXU-H-AC\/710203\/01-07<br \/>\nEXU-H\/710202\/01-07<\/p>","protected":false},"excerpt":{"rendered":"<p data-start=\"74\" data-end=\"600\"><br data-start=\"79\" data-end=\"82\" \/><strong data-start=\"82\" data-end=\"117\">85\u00d760\/62-17 Ceoparts Y\u00fck Tekeri<\/strong>, forklift ve istif makinelerinde hafif ve orta a\u011f\u0131rl\u0131ktaki y\u00fck ta\u015f\u0131ma i\u015flemleri i\u00e7in \u00f6zel olarak \u00fcretilmi\u015f, y\u00fcksek kaliteli ve uzun \u00f6m\u00fcrl\u00fc bir tekerlek modelidir. Sa\u011flam metal g\u00f6vdesi ve y\u00fcksek a\u015f\u0131nma direncine sahip poli\u00fcretan ya da kau\u00e7uk kaplamas\u0131 sayesinde sessiz ve sars\u0131nt\u0131s\u0131z \u00e7al\u0131\u015fma sa\u011flar. Kompakt \u00f6l\u00e7\u00fcs\u00fc ve zemin dostu yap\u0131s\u0131yla dar alanlarda y\u00fcksek manevra kabiliyeti sunar. <strong data-start=\"504\" data-end=\"515\">8190118<\/strong> par\u00e7a koduyla, Ceoparts kalitesiyle g\u00fcvenilir operasyonlar\u0131n vazge\u00e7ilmez par\u00e7as\u0131d\u0131r.<\/p>\n<p data-start=\"602\" data-end=\"1004\"><strong data-start=\"602\" data-end=\"616\">\u00d6zellikler<\/strong><br data-start=\"616\" data-end=\"619\" \/><strong data-start=\"619\" data-end=\"632\">\u00dcr\u00fcn Ad\u0131:<\/strong> 85\u00d760\/62-17 Ceoparts Y\u00fck Tekeri<br data-start=\"664\" data-end=\"667\" \/><strong data-start=\"667\" data-end=\"682\">Par\u00e7a Kodu:<\/strong> 8190118<br data-start=\"690\" data-end=\"693\" \/><strong data-start=\"693\" data-end=\"705\">Malzeme:<\/strong> Sa\u011flam metal g\u00f6vde, a\u015f\u0131nmaya dayan\u0131kl\u0131 poli\u00fcretan veya kau\u00e7uk kaplama<br data-start=\"775\" data-end=\"778\" \/><strong data-start=\"778\" data-end=\"797\">Kullan\u0131m Alan\u0131:<\/strong> Forklift ve istif makineleri y\u00fck ta\u015f\u0131ma sistemleri<br data-start=\"848\" data-end=\"851\" \/><strong data-start=\"851\" data-end=\"863\">Avantaj:<\/strong> Kompakt boyut, dar alanlarda \u00fcst\u00fcn manevra kabiliyeti, sessiz ve titre\u015fimsiz hareket, zemin dostu yap\u0131, uzun kullan\u0131m \u00f6mr\u00fc ve kolay montaj<\/p>\n<hr data-start=\"1006\" data-end=\"1009\" \/>\n<p data-start=\"1011\" data-end=\"1544\">\n","protected":false},"featured_media":15953,"template":"","meta":[],"product_brand":[],"product_cat":[398,400],"product_tag":[],"class_list":{"0":"post-8358","1":"product","2":"type-product","3":"status-publish","4":"has-post-thumbnail","6":"product_cat-catal-tekeri-ceo","7":"product_cat-catal-tekeri","9":"first","10":"instock","11":"taxable","12":"shipping-taxable","13":"purchasable","14":"product-type-simple"},"_links":{"self":[{"href":"https:\/\/ceoparts.com\/tr\/wp-json\/wp\/v2\/product\/8358","targetHints":{"allow":["GET"]}}],"collection":[{"href":"https:\/\/ceoparts.com\/tr\/wp-json\/wp\/v2\/product"}],"about":[{"href":"https:\/\/ceoparts.com\/tr\/wp-json\/wp\/v2\/types\/product"}],"wp:featuredmedia":[{"embeddable":true,"href":"https:\/\/ceoparts.com\/tr\/wp-json\/wp\/v2\/media\/15953"}],"wp:attachment":[{"href":"https:\/\/ceoparts.com\/tr\/wp-json\/wp\/v2\/media?parent=8358"}],"wp:term":[{"taxonomy":"product_brand","embeddable":true,"href":"https:\/\/ceoparts.com\/tr\/wp-json\/wp\/v2\/product_brand?post=8358"},{"taxonomy":"product_cat","embeddable":true,"href":"https:\/\/ceoparts.com\/tr\/wp-json\/wp\/v2\/product_cat?post=8358"},{"taxonomy":"product_tag","embeddable":true,"href":"https:\/\/ceoparts.com\/tr\/wp-json\/wp\/v2\/product_tag?post=8358"}],"curies":[{"name":"wp","href":"https:\/\/api.w.org\/{rel}","templated":true}]}}