{"id":8360,"date":"2021-02-14T21:37:46","date_gmt":"2021-02-14T18:37:46","guid":{"rendered":"https:\/\/ceoparts.com\/?post_type=product&#038;p=8360"},"modified":"2026-05-16T13:14:54","modified_gmt":"2026-05-16T10:14:54","slug":"85x45-45-20-yuk-tekeri","status":"publish","type":"product","link":"https:\/\/ceoparts.com\/tr\/urun\/85x45-45-20-yuk-tekeri\/","title":{"rendered":"85&#215;45\/45-20 Ceoparts Y\u00fck Tekeri"},"content":{"rendered":"<p>85&#215;45\/45-20 Ceoparts Y\u00fck Tekeri<\/p>","protected":false},"excerpt":{"rendered":"<p data-start=\"99\" data-end=\"550\"><br data-start=\"104\" data-end=\"107\" \/><strong data-start=\"107\" data-end=\"142\">85\u00d745\/45-20 Ceoparts Y\u00fck Tekeri<\/strong>, forklift ve istif makinelerinde hafif ve orta seviye y\u00fck ta\u015f\u0131ma i\u015flemleri i\u00e7in \u00f6zel olarak \u00fcretilmi\u015f, dayan\u0131kl\u0131 ve zemin dostu bir teker modelidir. Kompakt yap\u0131s\u0131 sayesinde dar ve manevra kabiliyeti gerektiren alanlarda \u00fcst\u00fcn performans sunar. Y\u00fcksek kaliteli poli\u00fcretan veya kau\u00e7uk kaplamas\u0131, sessiz ve titre\u015fimsiz kullan\u0131m sa\u011flar. Ceoparts kalitesiyle uzun \u00f6m\u00fcrl\u00fc ve sorunsuz bir operasyon i\u00e7in idealdir.<\/p>\n<p data-start=\"552\" data-end=\"941\"><strong data-start=\"552\" data-end=\"566\">\u00d6zellikler<\/strong><br data-start=\"566\" data-end=\"569\" \/><strong data-start=\"569\" data-end=\"582\">\u00dcr\u00fcn Ad\u0131:<\/strong> 85\u00d745\/45-20 Ceoparts Y\u00fck Tekeri<br data-start=\"614\" data-end=\"617\" \/><strong data-start=\"617\" data-end=\"632\">Par\u00e7a Kodu:<\/strong> &#8211;<br data-start=\"634\" data-end=\"637\" \/><strong data-start=\"637\" data-end=\"649\">Malzeme:<\/strong> Sa\u011flam metal g\u00f6vde, a\u015f\u0131nmaya dayan\u0131kl\u0131 poli\u00fcretan veya kau\u00e7uk kaplama<br data-start=\"719\" data-end=\"722\" \/><strong data-start=\"722\" data-end=\"741\">Kullan\u0131m Alan\u0131:<\/strong> Forklift ve istif makineleri y\u00fck ta\u015f\u0131ma sistemleri<br data-start=\"792\" data-end=\"795\" \/><strong data-start=\"795\" data-end=\"807\">Avantaj:<\/strong> Kompakt yap\u0131, dar alanlarda \u00fcst\u00fcn manevra kabiliyeti, sessiz ve sars\u0131nt\u0131s\u0131z hareket, zemin dostu tasar\u0131m, uzun \u00f6m\u00fcr ve kolay montaj<\/p>\n<hr data-start=\"943\" data-end=\"946\" \/>\n<p data-start=\"948\" data-end=\"1376\">\n","protected":false},"featured_media":15952,"template":"","meta":[],"product_brand":[],"product_cat":[395,398,400],"product_tag":[],"class_list":{"0":"post-8360","1":"product","2":"type-product","3":"status-publish","4":"has-post-thumbnail","6":"product_cat-ceoparts","7":"product_cat-catal-tekeri-ceo","8":"product_cat-catal-tekeri","10":"first","11":"instock","12":"taxable","13":"shipping-taxable","14":"purchasable","15":"product-type-simple"},"_links":{"self":[{"href":"https:\/\/ceoparts.com\/tr\/wp-json\/wp\/v2\/product\/8360","targetHints":{"allow":["GET"]}}],"collection":[{"href":"https:\/\/ceoparts.com\/tr\/wp-json\/wp\/v2\/product"}],"about":[{"href":"https:\/\/ceoparts.com\/tr\/wp-json\/wp\/v2\/types\/product"}],"wp:featuredmedia":[{"embeddable":true,"href":"https:\/\/ceoparts.com\/tr\/wp-json\/wp\/v2\/media\/15952"}],"wp:attachment":[{"href":"https:\/\/ceoparts.com\/tr\/wp-json\/wp\/v2\/media?parent=8360"}],"wp:term":[{"taxonomy":"product_brand","embeddable":true,"href":"https:\/\/ceoparts.com\/tr\/wp-json\/wp\/v2\/product_brand?post=8360"},{"taxonomy":"product_cat","embeddable":true,"href":"https:\/\/ceoparts.com\/tr\/wp-json\/wp\/v2\/product_cat?post=8360"},{"taxonomy":"product_tag","embeddable":true,"href":"https:\/\/ceoparts.com\/tr\/wp-json\/wp\/v2\/product_tag?post=8360"}],"curies":[{"name":"wp","href":"https:\/\/api.w.org\/{rel}","templated":true}]}}