{"id":8362,"date":"2021-02-14T21:43:22","date_gmt":"2021-02-14T18:43:22","guid":{"rendered":"https:\/\/ceoparts.com\/?post_type=product&#038;p=8362"},"modified":"2026-05-16T14:58:50","modified_gmt":"2026-05-16T11:58:50","slug":"85x60-65-20-yuk-tekeri","status":"publish","type":"product","link":"https:\/\/ceoparts.com\/tr\/urun\/85x60-65-20-yuk-tekeri\/","title":{"rendered":"85&#215;60\/65-20 Ceoparts Y\u00fck Tekeri &#8211; Linde 0039903500, 0039903584"},"content":{"rendered":"<p>85&#215;60\/65-20 Ceoparts Y\u00fck Tekeri &#8211; Linde 0039903500, 0039903584<\/p>\n<p>361 T16\/T20X<\/p>\n<p>362 T20\/30<\/p>\n<p>365 L14\/16\/L14AP\/16AP<\/p>\n<p>377 N20\/N20H<\/p>","protected":false},"excerpt":{"rendered":"<p data-start=\"142\" data-end=\"658\"><br data-start=\"147\" data-end=\"150\" \/><strong data-start=\"150\" data-end=\"185\">85\u00d760\/65-20 Ceoparts Y\u00fck Tekeri<\/strong>, forklift ve istif makinelerinde a\u011f\u0131r y\u00fck ta\u015f\u0131ma i\u015flemleri i\u00e7in \u00f6zel olarak tasarlanm\u0131\u015f y\u00fcksek performansl\u0131 bir teker modelidir. Ceoparts markas\u0131n\u0131n kaliteli i\u015f\u00e7ili\u011fi ve sa\u011flam yap\u0131s\u0131yla dikkat \u00e7eken bu \u00fcr\u00fcn, <strong data-start=\"395\" data-end=\"404\">Linde<\/strong> marka forkliftlerde uyumlu kullan\u0131m i\u00e7in idealdir. Metal g\u00f6vdesi ve a\u015f\u0131nmaya dayan\u0131kl\u0131 poli\u00fcretan ya da kau\u00e7uk kaplamas\u0131 sayesinde sessiz, titre\u015fimsiz ve uzun \u00f6m\u00fcrl\u00fc kullan\u0131m sunar. Zemin dostu yap\u0131s\u0131 sayesinde \u00e7al\u0131\u015fma alan\u0131ndaki y\u00fczeylere zarar vermez.<\/p>\n<p data-start=\"660\" data-end=\"1063\"><strong data-start=\"660\" data-end=\"674\">\u00d6zellikler<\/strong><br data-start=\"674\" data-end=\"677\" \/><strong data-start=\"677\" data-end=\"690\">\u00dcr\u00fcn Ad\u0131:<\/strong> 85\u00d760\/65-20 Ceoparts Y\u00fck Tekeri<br data-start=\"722\" data-end=\"725\" \/><strong data-start=\"725\" data-end=\"740\">Par\u00e7a Kodu:<\/strong> Linde 0039903500, 0039903584<br data-start=\"769\" data-end=\"772\" \/><strong data-start=\"772\" data-end=\"784\">Malzeme:<\/strong> Sa\u011flam metal g\u00f6vde, y\u00fcksek kaliteli poli\u00fcretan veya kau\u00e7uk kaplama<br data-start=\"851\" data-end=\"854\" \/><strong data-start=\"854\" data-end=\"873\">Kullan\u0131m Alan\u0131:<\/strong> Forklift ve istif makineleri y\u00fck ta\u015f\u0131ma sistemleri<br data-start=\"924\" data-end=\"927\" \/><strong data-start=\"927\" data-end=\"939\">Avantaj:<\/strong> Linde uyumlu, y\u00fcksek ta\u015f\u0131ma kapasitesi, uzun \u00f6m\u00fcr, sessiz ve titre\u015fimsiz \u00e7al\u0131\u015fma, zemin dostu yap\u0131, kolay montaj ve bak\u0131m<\/p>\n<hr data-start=\"1065\" data-end=\"1068\" \/>\n<p data-start=\"1070\" data-end=\"1520\">\n","protected":false},"featured_media":15973,"template":"","meta":[],"product_brand":[],"product_cat":[246,248,398,400],"product_tag":[],"class_list":{"0":"post-8362","1":"product","2":"type-product","3":"status-publish","4":"has-post-thumbnail","6":"product_cat-linde","7":"product_cat-catal-tekeri-linde","8":"product_cat-catal-tekeri-ceo","9":"product_cat-catal-tekeri","11":"first","12":"instock","13":"taxable","14":"shipping-taxable","15":"purchasable","16":"product-type-simple"},"_links":{"self":[{"href":"https:\/\/ceoparts.com\/tr\/wp-json\/wp\/v2\/product\/8362","targetHints":{"allow":["GET"]}}],"collection":[{"href":"https:\/\/ceoparts.com\/tr\/wp-json\/wp\/v2\/product"}],"about":[{"href":"https:\/\/ceoparts.com\/tr\/wp-json\/wp\/v2\/types\/product"}],"wp:featuredmedia":[{"embeddable":true,"href":"https:\/\/ceoparts.com\/tr\/wp-json\/wp\/v2\/media\/15973"}],"wp:attachment":[{"href":"https:\/\/ceoparts.com\/tr\/wp-json\/wp\/v2\/media?parent=8362"}],"wp:term":[{"taxonomy":"product_brand","embeddable":true,"href":"https:\/\/ceoparts.com\/tr\/wp-json\/wp\/v2\/product_brand?post=8362"},{"taxonomy":"product_cat","embeddable":true,"href":"https:\/\/ceoparts.com\/tr\/wp-json\/wp\/v2\/product_cat?post=8362"},{"taxonomy":"product_tag","embeddable":true,"href":"https:\/\/ceoparts.com\/tr\/wp-json\/wp\/v2\/product_tag?post=8362"}],"curies":[{"name":"wp","href":"https:\/\/api.w.org\/{rel}","templated":true}]}}