{"id":8363,"date":"2021-02-14T21:45:13","date_gmt":"2021-02-14T18:45:13","guid":{"rendered":"https:\/\/ceoparts.com\/?post_type=product&#038;p=8363"},"modified":"2026-05-16T21:07:06","modified_gmt":"2026-05-16T18:07:06","slug":"85x60-65-25-yuk-tekeri","status":"publish","type":"product","link":"https:\/\/ceoparts.com\/tr\/urun\/85x60-65-25-yuk-tekeri\/","title":{"rendered":"85&#215;60\/65-25 Ceoparts Y\u00fck Tekeri &#8211; 27631400"},"content":{"rendered":"<p>85&#215;60\/65-25 Ceoparts Y\u00fck Tekeri &#8211; 27631400<\/p>\n<p>ECE 116\u00a0 4.04 &#8211; 7.06<br \/>\nECE 20\u00a0 3.93 &#8211; 8.97<br \/>\nECE 220\/225\u00a0 8.09 &#8211;<br \/>\nECE 225 HP\u00a0 12.07 &#8211;<\/p>\n<p>EJC 14\/16\u00a0 6.98 &#8211; 2.06<br \/>\nEJC-Z 12,5\u00a0 1.85 &#8211; 6.86<br \/>\nEJC-Z 12,5\u00a0 6.87 &#8211; 9.88<br \/>\nEJC-Z 12,5\u00a0 10.88 &#8211; 12.92<br \/>\nEJC-Z 12,5\u00a0 1.93 &#8211; 7.93<br \/>\nEJC-Z 12,5\/16\u00a0 7.94 &#8211; 6.96<br \/>\nEJC-Z 14\/16\u00a0 7.96 &#8211; 12.98<br \/>\nEJC-Z 16\u00a0 1.93 &#8211; 7.93<\/p>\n<p>EJD 16\u00a0 9.92 &#8211; 4.94<br \/>\nEJD 16\u00a0 5.91 &#8211; 12.91<br \/>\nEJD 16-4\u00a0 8.96 &#8211; 12.99<br \/>\nEJD 20-3\u00a0 5.94 &#8211; 10.94<br \/>\nEJD 20-3\u00a0 10.94 &#8211; 3.95<br \/>\nEJD 20-4\u00a0 4.95 &#8211; 12.01<br \/>\nEJD 20-4\u00a0 5.94 &#8211; 10.94<\/p>\n<p>EJE 12,5-16\u00a0 10.88 &#8211; 3.91<br \/>\nEJE 16-4\u00a0 1.00 &#8211;<br \/>\nEJE 16\/20\u00a0 9.92 &#8211; 7.93<br \/>\nEJE 16\/20\u00a0 9.92 &#8211; 7.93<br \/>\nEJE KMS 16\u00a0 10.93 &#8211; 10.99<br \/>\nEJE KMS 16\u00a0 1.00 &#8211; 2.04<br \/>\nEJE-L 14\u00a0 8.93 &#8211; 4.94<br \/>\nEJE\/-R 20\u00a0 9.92 &#8211; 7.93<br \/>\nEJE\/-R 20-24\u00a0 6.96 &#8211; 4.97<\/p>\n<p>EJG 06-10\u00a0 12.04 &#8211;<br \/>\nEJG 06-10 (PR)\u00a0 1.98 &#8211; 4.05<\/p>\n<p>EKC-Z\u00a0 5.04 &#8211; 12.04<br \/>\nEKC-Z 12,5 \/ 16\u00a0 2.95 &#8211; 12.99<br \/>\nEKC-Z 12,5 \/ 16\u00a0 1.00 &#8211; 4.04<\/p>\n<p>EKD 10-20\u00a0 5.95 &#8211; 12.99<\/p>\n<p>EKE 20\u00a0 5.94 &#8211; 5.97<\/p>\n<p>ERC-Z 12,5\u00a0 4.86 &#8211; 3.87<\/p>","protected":false},"excerpt":{"rendered":"<p data-start=\"115\" data-end=\"546\"><br data-start=\"120\" data-end=\"123\" \/><strong data-start=\"123\" data-end=\"158\">85\u00d760\/65-25 Ceoparts Y\u00fck Tekeri<\/strong>, forklift ve istif makinelerinde a\u011f\u0131r ve s\u00fcrekli y\u00fck ta\u015f\u0131ma i\u015flemleri i\u00e7in \u00f6zel olarak \u00fcretilmi\u015f, y\u00fcksek performansl\u0131 ve uzun \u00f6m\u00fcrl\u00fc bir y\u00fck tekeridir. Sa\u011flam metal g\u00f6vdesi ve y\u00fcksek kaliteli poli\u00fcretan veya kau\u00e7uk kaplamas\u0131yla maksimum dayan\u0131kl\u0131l\u0131k ve sessiz \u00e7al\u0131\u015fma sa\u011flar. Zemin dostu yap\u0131s\u0131 sayesinde zemin a\u015f\u0131nmas\u0131n\u0131 minimuma indirir ve dar alanlarda \u00fcst\u00fcn manevra kabiliyeti sunar.<\/p>\n<p data-start=\"548\" data-end=\"933\"><strong data-start=\"548\" data-end=\"562\">\u00d6zellikler<\/strong><br data-start=\"562\" data-end=\"565\" \/><strong data-start=\"565\" data-end=\"578\">\u00dcr\u00fcn Ad\u0131:<\/strong> 85\u00d760\/65-25 Ceoparts Y\u00fck Tekeri<br data-start=\"610\" data-end=\"613\" \/><strong data-start=\"613\" data-end=\"628\">Par\u00e7a Kodu:<\/strong> 27631400<br data-start=\"637\" data-end=\"640\" \/><strong data-start=\"640\" data-end=\"652\">Malzeme:<\/strong> Sa\u011flam metal g\u00f6vde, a\u015f\u0131nmaya dayan\u0131kl\u0131 poli\u00fcretan veya kau\u00e7uk kaplama<br data-start=\"722\" data-end=\"725\" \/><strong data-start=\"725\" data-end=\"744\">Kullan\u0131m Alan\u0131:<\/strong> Forklift ve istifleme makineleri y\u00fck ta\u015f\u0131ma sistemleri<br data-start=\"799\" data-end=\"802\" \/><strong data-start=\"802\" data-end=\"814\">Avantaj:<\/strong> Y\u00fcksek ta\u015f\u0131ma kapasitesi, uzun kullan\u0131m \u00f6mr\u00fc, sessiz ve sars\u0131nt\u0131s\u0131z hareket, zemin dostu yap\u0131, kolay montaj ve bak\u0131m<\/p>\n<hr data-start=\"935\" data-end=\"938\" \/>\n<p data-start=\"940\" data-end=\"1363\">\n","protected":false},"featured_media":15976,"template":"","meta":[],"product_brand":[],"product_cat":[398,400],"product_tag":[],"class_list":{"0":"post-8363","1":"product","2":"type-product","3":"status-publish","4":"has-post-thumbnail","6":"product_cat-catal-tekeri-ceo","7":"product_cat-catal-tekeri","9":"first","10":"instock","11":"taxable","12":"shipping-taxable","13":"purchasable","14":"product-type-simple"},"_links":{"self":[{"href":"https:\/\/ceoparts.com\/tr\/wp-json\/wp\/v2\/product\/8363","targetHints":{"allow":["GET"]}}],"collection":[{"href":"https:\/\/ceoparts.com\/tr\/wp-json\/wp\/v2\/product"}],"about":[{"href":"https:\/\/ceoparts.com\/tr\/wp-json\/wp\/v2\/types\/product"}],"wp:featuredmedia":[{"embeddable":true,"href":"https:\/\/ceoparts.com\/tr\/wp-json\/wp\/v2\/media\/15976"}],"wp:attachment":[{"href":"https:\/\/ceoparts.com\/tr\/wp-json\/wp\/v2\/media?parent=8363"}],"wp:term":[{"taxonomy":"product_brand","embeddable":true,"href":"https:\/\/ceoparts.com\/tr\/wp-json\/wp\/v2\/product_brand?post=8363"},{"taxonomy":"product_cat","embeddable":true,"href":"https:\/\/ceoparts.com\/tr\/wp-json\/wp\/v2\/product_cat?post=8363"},{"taxonomy":"product_tag","embeddable":true,"href":"https:\/\/ceoparts.com\/tr\/wp-json\/wp\/v2\/product_tag?post=8363"}],"curies":[{"name":"wp","href":"https:\/\/api.w.org\/{rel}","templated":true}]}}