{"id":8365,"date":"2021-02-14T22:21:40","date_gmt":"2021-02-14T19:21:40","guid":{"rendered":"https:\/\/ceoparts.com\/?post_type=product&#038;p=8365"},"modified":"2026-05-16T17:27:15","modified_gmt":"2026-05-16T14:27:15","slug":"85x66-70-20-yuk-tekeri","status":"publish","type":"product","link":"https:\/\/ceoparts.com\/tr\/urun\/85x66-70-20-yuk-tekeri\/","title":{"rendered":"85&#215;66\/70-20 Ceoparts Y\u00fck Tekeri"},"content":{"rendered":"<p>85&#215;66\/70-20 Ceoparts Y\u00fck Tekeri<\/p>","protected":false},"excerpt":{"rendered":"<p data-start=\"112\" data-end=\"568\"><br data-start=\"117\" data-end=\"120\" \/><strong data-start=\"120\" data-end=\"155\">85\u00d766\/70-20 Ceoparts Y\u00fck Tekeri<\/strong>, forklift ve istif makineleri i\u00e7in yo\u011fun ve a\u011f\u0131r y\u00fck ta\u015f\u0131ma operasyonlar\u0131nda kullan\u0131lmak \u00fczere geli\u015ftirilmi\u015f y\u00fcksek kaliteli bir y\u00fck tekeridir. Ceoparts g\u00fcvencesiyle \u00fcretilen bu \u00fcr\u00fcn, sa\u011flam metal g\u00f6vdesi ve a\u015f\u0131nmaya dayan\u0131kl\u0131 poli\u00fcretan veya kau\u00e7uk kaplamas\u0131 sayesinde uzun \u00f6m\u00fcrl\u00fc, sessiz ve titre\u015fimsiz \u00e7al\u0131\u015fma imkan\u0131 sa\u011flar. \u00d6zellikle dar ve manevra kabiliyeti gerektiren alanlarda y\u00fcksek performans sergiler.<\/p>\n<p data-start=\"570\" data-end=\"968\"><strong data-start=\"570\" data-end=\"584\">\u00d6zellikler<\/strong><br data-start=\"584\" data-end=\"587\" \/><strong data-start=\"587\" data-end=\"600\">\u00dcr\u00fcn Ad\u0131:<\/strong> 85\u00d766\/70-20 Ceoparts Y\u00fck Tekeri<br data-start=\"632\" data-end=\"635\" \/><strong data-start=\"635\" data-end=\"650\">Par\u00e7a Kodu:<\/strong> &#8211;<br data-start=\"652\" data-end=\"655\" \/><strong data-start=\"655\" data-end=\"667\">Malzeme:<\/strong> Sa\u011flam metal g\u00f6vde, a\u015f\u0131nmaya dayan\u0131kl\u0131 poli\u00fcretan veya kau\u00e7uk kaplama<br data-start=\"737\" data-end=\"740\" \/><strong data-start=\"740\" data-end=\"759\">Kullan\u0131m Alan\u0131:<\/strong> Forklift ve istifleme makineleri y\u00fck ta\u015f\u0131ma sistemleri<br data-start=\"814\" data-end=\"817\" \/><strong data-start=\"817\" data-end=\"829\">Avantaj:<\/strong> Y\u00fcksek ta\u015f\u0131ma kapasitesi, uzun kullan\u0131m \u00f6mr\u00fc, sessiz ve sars\u0131nt\u0131s\u0131z hareket, dar alanlarda \u00fcst\u00fcn manevra yetene\u011fi, kolay montaj ve bak\u0131m<\/p>\n<hr data-start=\"970\" data-end=\"973\" \/>\n<p data-start=\"975\" data-end=\"1397\">\n","protected":false},"featured_media":15982,"template":"","meta":[],"product_brand":[],"product_cat":[398,400],"product_tag":[],"class_list":{"0":"post-8365","1":"product","2":"type-product","3":"status-publish","4":"has-post-thumbnail","6":"product_cat-catal-tekeri-ceo","7":"product_cat-catal-tekeri","9":"first","10":"instock","11":"taxable","12":"shipping-taxable","13":"purchasable","14":"product-type-simple"},"_links":{"self":[{"href":"https:\/\/ceoparts.com\/tr\/wp-json\/wp\/v2\/product\/8365","targetHints":{"allow":["GET"]}}],"collection":[{"href":"https:\/\/ceoparts.com\/tr\/wp-json\/wp\/v2\/product"}],"about":[{"href":"https:\/\/ceoparts.com\/tr\/wp-json\/wp\/v2\/types\/product"}],"wp:featuredmedia":[{"embeddable":true,"href":"https:\/\/ceoparts.com\/tr\/wp-json\/wp\/v2\/media\/15982"}],"wp:attachment":[{"href":"https:\/\/ceoparts.com\/tr\/wp-json\/wp\/v2\/media?parent=8365"}],"wp:term":[{"taxonomy":"product_brand","embeddable":true,"href":"https:\/\/ceoparts.com\/tr\/wp-json\/wp\/v2\/product_brand?post=8365"},{"taxonomy":"product_cat","embeddable":true,"href":"https:\/\/ceoparts.com\/tr\/wp-json\/wp\/v2\/product_cat?post=8365"},{"taxonomy":"product_tag","embeddable":true,"href":"https:\/\/ceoparts.com\/tr\/wp-json\/wp\/v2\/product_tag?post=8365"}],"curies":[{"name":"wp","href":"https:\/\/api.w.org\/{rel}","templated":true}]}}