{"id":8368,"date":"2021-02-14T22:24:49","date_gmt":"2021-02-14T19:24:49","guid":{"rendered":"https:\/\/ceoparts.com\/?post_type=product&#038;p=8368"},"modified":"2026-05-16T15:11:10","modified_gmt":"2026-05-16T12:11:10","slug":"85x70-17-yuk-tekeri","status":"publish","type":"product","link":"https:\/\/ceoparts.com\/tr\/urun\/85x70-17-yuk-tekeri\/","title":{"rendered":"85&#215;70\/75-17 Ceoparts Y\u00fck Tekeri &#8211; 167607 , 200968"},"content":{"rendered":"<p>85&#215;70\/75-17 Ceoparts Y\u00fck Tekeri &#8211; 167607 , 200968<\/p>\n<p>BT L2000<br \/>\nBT L23<br \/>\nBT OSE 120<br \/>\nBT HWE 100<br \/>\nBT LWE 140LEVIO<br \/>\nBT LWE 160 LEVIO<br \/>\nBT LWE 180<br \/>\nBT LWE 200 N<br \/>\nBT MP14<br \/>\nBT PPT 1400 MX<br \/>\nBT PPT 1600 MX<br \/>\nBT PPT 2000MMD<br \/>\nBT W18 Orion<br \/>\nBT W20N<\/p>","protected":false},"excerpt":{"rendered":"<p data-start=\"123\" data-end=\"564\"><br data-start=\"128\" data-end=\"131\" \/><strong>85\u00d770\/75-17 Ceoparts Y\u00fck Tekeri \u2013 167607 , 200968<\/strong> , forklift ve istifleme ekipmanlar\u0131nda yo\u011fun y\u00fck ta\u015f\u0131ma operasyonlar\u0131 i\u00e7in tasarlanm\u0131\u015f y\u00fcksek kaliteli bir y\u00fck tekeridir. Ceoparts markas\u0131n\u0131n g\u00fcvencesiyle \u00fcretilen bu model, sa\u011flam metal g\u00f6vdesi ve a\u015f\u0131nmaya dayan\u0131kl\u0131 kau\u00e7uk veya poli\u00fcretan kaplamas\u0131 sayesinde uzun \u00f6m\u00fcrl\u00fc, sessiz ve stabil \u00e7al\u0131\u015fma imkan\u0131 sa\u011flar. \u00d6zellikle dar alanlarda ve s\u0131k manevra gerektiren ortamlarda y\u00fcksek performans sunar.<\/p>\n<p data-start=\"566\" data-end=\"946\"><strong data-start=\"566\" data-end=\"580\">\u00d6zellikler<\/strong><br data-start=\"580\" data-end=\"583\" \/><strong data-start=\"583\" data-end=\"596\">\u00dcr\u00fcn Ad\u0131:<\/strong> 85\u00d770\/75-17 Ceoparts Y\u00fck Tekeri<br data-start=\"628\" data-end=\"631\" \/><strong data-start=\"631\" data-end=\"646\">Par\u00e7a Kodu:<\/strong> 167607, 200968<br data-start=\"661\" data-end=\"664\" \/><strong data-start=\"664\" data-end=\"676\">Malzeme:<\/strong> Sa\u011flam metal g\u00f6vde, kau\u00e7uk veya poli\u00fcretan kaplama<br data-start=\"727\" data-end=\"730\" \/><strong data-start=\"730\" data-end=\"749\">Kullan\u0131m Alan\u0131:<\/strong> Forklift, istif makinesi ve a\u011f\u0131r i\u015f makineleri y\u00fck ta\u015f\u0131ma sistemi<br data-start=\"815\" data-end=\"818\" \/><strong data-start=\"818\" data-end=\"830\">Avantaj:<\/strong> Y\u00fcksek dayan\u0131kl\u0131l\u0131k, uzun \u00f6m\u00fcr, sessiz ve titre\u015fimsiz \u00e7al\u0131\u015fma, g\u00fc\u00e7l\u00fc y\u00fck ta\u015f\u0131ma kapasitesi, kolay montaj ve bak\u0131m<\/p>\n<hr data-start=\"948\" data-end=\"951\" \/>\n<p data-start=\"953\" data-end=\"1369\">\n","protected":false},"featured_media":15994,"template":"","meta":[],"product_brand":[],"product_cat":[251,253,398,400],"product_tag":[],"class_list":{"0":"post-8368","1":"product","2":"type-product","3":"status-publish","4":"has-post-thumbnail","6":"product_cat-bt","7":"product_cat-catal-tekeri-bt","8":"product_cat-catal-tekeri-ceo","9":"product_cat-catal-tekeri","11":"first","12":"instock","13":"taxable","14":"shipping-taxable","15":"purchasable","16":"product-type-simple"},"_links":{"self":[{"href":"https:\/\/ceoparts.com\/tr\/wp-json\/wp\/v2\/product\/8368","targetHints":{"allow":["GET"]}}],"collection":[{"href":"https:\/\/ceoparts.com\/tr\/wp-json\/wp\/v2\/product"}],"about":[{"href":"https:\/\/ceoparts.com\/tr\/wp-json\/wp\/v2\/types\/product"}],"wp:featuredmedia":[{"embeddable":true,"href":"https:\/\/ceoparts.com\/tr\/wp-json\/wp\/v2\/media\/15994"}],"wp:attachment":[{"href":"https:\/\/ceoparts.com\/tr\/wp-json\/wp\/v2\/media?parent=8368"}],"wp:term":[{"taxonomy":"product_brand","embeddable":true,"href":"https:\/\/ceoparts.com\/tr\/wp-json\/wp\/v2\/product_brand?post=8368"},{"taxonomy":"product_cat","embeddable":true,"href":"https:\/\/ceoparts.com\/tr\/wp-json\/wp\/v2\/product_cat?post=8368"},{"taxonomy":"product_tag","embeddable":true,"href":"https:\/\/ceoparts.com\/tr\/wp-json\/wp\/v2\/product_tag?post=8368"}],"curies":[{"name":"wp","href":"https:\/\/api.w.org\/{rel}","templated":true}]}}