{"id":8370,"date":"2021-02-14T22:27:40","date_gmt":"2021-02-14T19:27:40","guid":{"rendered":"https:\/\/ceoparts.com\/?post_type=product&#038;p=8370"},"modified":"2026-05-16T19:00:28","modified_gmt":"2026-05-16T16:00:28","slug":"85x70-75-20-yuk-tekeri","status":"publish","type":"product","link":"https:\/\/ceoparts.com\/tr\/urun\/85x70-75-20-yuk-tekeri\/","title":{"rendered":"85&#215;70\/75-20 Ceoparts Y\u00fck Tekeri &#8211; 50440837 , 277548200 , 0039903507"},"content":{"rendered":"<p>85&#215;70\/75-20 Ceoparts Y\u00fck Tekeri &#8211; 50440837 , 277548200 , 0039903507<\/p>\n<p>ERE 120 \u2013 9.05 \u2013 10.07<br \/>\nERE 120n \u2013 9.09 &#8211;<br \/>\nERE 120 (Qingpu) \u2013 9.06 \u2013 12.08<br \/>\nERE 120 (Qingpu) \u2013 1.09 \u2013 8.09<br \/>\nERE 120 \u2013 6.08 &#8211;<\/p>\n<p>ERD \u2013 10.09 &#8211;<\/p>\n<p>ELS 18 \u2013 7.96 \u2013 4.04<br \/>\nELS 12 \u2013 2.03 \u2013 12.03<\/p>\n<p>ELE 16-20 ac \u2013 9.02 \u2013 8.03<br \/>\nELE 16-20 \u2013 4.96 \u2013 8.02<\/p>\n<p>EJE C20 \u2013 10.07 &#8211;<br \/>\nEJE 135\/145 \u2013 9.03 \u2013 10.06<br \/>\nEJE 116\/120 (Qingpu) \u2013 9.06 \u2013 9.07<br \/>\nEJE 116\/118\/120 \u2013 9.03 \u2013 10.07<\/p>\n<p>EJD K18 \u2013 6.08 &#8211;<\/p>\n<p>ECE 118 \u2013 4.10 &#8211;<br \/>\nECE 118 \u2013 12.06 \u2013 3.10<\/p>\n<p>CROWN WS 2300<\/p>","protected":false},"excerpt":{"rendered":"<p data-start=\"152\" data-end=\"581\"><br data-start=\"157\" data-end=\"160\" \/><strong data-start=\"160\" data-end=\"195\">85\u00d770\/75-20 Ceoparts Y\u00fck Tekeri<\/strong>, forklift ve a\u011f\u0131r i\u015f makinelerinde yo\u011fun y\u00fck ta\u015f\u0131ma operasyonlar\u0131nda kullan\u0131lan y\u00fcksek kaliteli ve dayan\u0131kl\u0131 bir y\u00fck tekeridir. Ceoparts markas\u0131 g\u00fcvencesiyle \u00fcretilen bu model, g\u00fc\u00e7l\u00fc metal g\u00f6vdesi ve a\u015f\u0131nmaya dayan\u0131kl\u0131 kau\u00e7uk veya poli\u00fcretan kaplamas\u0131 sayesinde sessiz, titre\u015fimsiz ve uzun \u00f6m\u00fcrl\u00fc \u00e7al\u0131\u015fma sa\u011flar. Y\u00fck ta\u015f\u0131ma kapasitesini art\u0131rarak forkliftlerin verimlili\u011fini destekler.<\/p>\n<p data-start=\"583\" data-end=\"964\"><strong data-start=\"583\" data-end=\"597\">\u00d6zellikler<\/strong><br data-start=\"597\" data-end=\"600\" \/><strong data-start=\"600\" data-end=\"613\">\u00dcr\u00fcn Ad\u0131:<\/strong> 85\u00d770\/75-20 Ceoparts Y\u00fck Tekeri<br data-start=\"645\" data-end=\"648\" \/><strong data-start=\"648\" data-end=\"663\">Par\u00e7a Kodu:<\/strong> 50440837, 277548200, 0039903507<br data-start=\"695\" data-end=\"698\" \/><strong data-start=\"698\" data-end=\"710\">Malzeme:<\/strong> Sa\u011flam metal g\u00f6vde, kau\u00e7uk veya poli\u00fcretan kaplama<br data-start=\"761\" data-end=\"764\" \/><strong data-start=\"764\" data-end=\"783\">Kullan\u0131m Alan\u0131:<\/strong> Forklift ve a\u011f\u0131r i\u015f makineleri y\u00fck ta\u015f\u0131ma sistemi<br data-start=\"833\" data-end=\"836\" \/><strong data-start=\"836\" data-end=\"848\">Avantaj:<\/strong> Y\u00fcksek dayan\u0131kl\u0131l\u0131k, uzun \u00f6m\u00fcr, sessiz ve titre\u015fimsiz \u00e7al\u0131\u015fma, g\u00fc\u00e7l\u00fc y\u00fck ta\u015f\u0131ma kapasitesi, kolay montaj ve bak\u0131m<\/p>\n<hr data-start=\"966\" data-end=\"969\" \/>\n<p data-start=\"971\" data-end=\"1391\">\n","protected":false},"featured_media":15997,"template":"","meta":[],"product_brand":[],"product_cat":[272,274,398,400],"product_tag":[],"class_list":{"0":"post-8370","1":"product","2":"type-product","3":"status-publish","4":"has-post-thumbnail","6":"product_cat-crown","7":"product_cat-catal-tekeri-crown","8":"product_cat-catal-tekeri-ceo","9":"product_cat-catal-tekeri","11":"first","12":"instock","13":"taxable","14":"shipping-taxable","15":"purchasable","16":"product-type-simple"},"_links":{"self":[{"href":"https:\/\/ceoparts.com\/tr\/wp-json\/wp\/v2\/product\/8370","targetHints":{"allow":["GET"]}}],"collection":[{"href":"https:\/\/ceoparts.com\/tr\/wp-json\/wp\/v2\/product"}],"about":[{"href":"https:\/\/ceoparts.com\/tr\/wp-json\/wp\/v2\/types\/product"}],"wp:featuredmedia":[{"embeddable":true,"href":"https:\/\/ceoparts.com\/tr\/wp-json\/wp\/v2\/media\/15997"}],"wp:attachment":[{"href":"https:\/\/ceoparts.com\/tr\/wp-json\/wp\/v2\/media?parent=8370"}],"wp:term":[{"taxonomy":"product_brand","embeddable":true,"href":"https:\/\/ceoparts.com\/tr\/wp-json\/wp\/v2\/product_brand?post=8370"},{"taxonomy":"product_cat","embeddable":true,"href":"https:\/\/ceoparts.com\/tr\/wp-json\/wp\/v2\/product_cat?post=8370"},{"taxonomy":"product_tag","embeddable":true,"href":"https:\/\/ceoparts.com\/tr\/wp-json\/wp\/v2\/product_tag?post=8370"}],"curies":[{"name":"wp","href":"https:\/\/api.w.org\/{rel}","templated":true}]}}