{"id":8372,"date":"2021-02-14T22:36:16","date_gmt":"2021-02-14T19:36:16","guid":{"rendered":"https:\/\/ceoparts.com\/?post_type=product&#038;p=8372"},"modified":"2026-05-16T15:33:30","modified_gmt":"2026-05-16T12:33:30","slug":"85x74-78-13-yuk-tekeri","status":"publish","type":"product","link":"https:\/\/ceoparts.com\/tr\/urun\/85x74-78-13-yuk-tekeri\/","title":{"rendered":"85&#215;74\/78-13 Ceoparts Y\u00fck Tekeri"},"content":{"rendered":"<p>85&#215;74\/78-13 Ceoparts Y\u00fck Tekeri<\/p>","protected":false},"excerpt":{"rendered":"<p data-start=\"94\" data-end=\"467\"><br data-start=\"99\" data-end=\"102\" \/><strong data-start=\"102\" data-end=\"137\">85\u00d774\/78-13 Ceoparts Y\u00fck Tekeri<\/strong>, forklift ve a\u011f\u0131r i\u015f makinelerinde kullan\u0131lan dayan\u0131kl\u0131 ve y\u00fcksek kaliteli bir y\u00fck tekeridir. Ceoparts markas\u0131n\u0131n g\u00fcvencesiyle \u00fcretilen bu y\u00fck tekeri, sa\u011flam metal g\u00f6vde ve kau\u00e7uk veya poli\u00fcretan kaplama sayesinde uzun \u00f6m\u00fcrl\u00fc, sessiz ve g\u00fcvenli \u00e7al\u0131\u015fma sa\u011flar. Forkliftin y\u00fck ta\u015f\u0131ma kapasitesini art\u0131r\u0131r ve stabiliteyi destekler.<\/p>\n<p data-start=\"469\" data-end=\"776\"><strong data-start=\"469\" data-end=\"483\">\u00d6zellikler<\/strong><br data-start=\"483\" data-end=\"486\" \/><strong data-start=\"486\" data-end=\"499\">\u00dcr\u00fcn Ad\u0131:<\/strong> 85\u00d774\/78-13 Ceoparts Y\u00fck Tekeri<br data-start=\"531\" data-end=\"534\" \/><strong data-start=\"534\" data-end=\"546\">Malzeme:<\/strong> Sa\u011flam metal g\u00f6vde, kau\u00e7uk veya poli\u00fcretan kaplama<br data-start=\"597\" data-end=\"600\" \/><strong data-start=\"600\" data-end=\"619\">Kullan\u0131m Alan\u0131:<\/strong> Forklift ve a\u011f\u0131r i\u015f makineleri y\u00fck ta\u015f\u0131ma sistemi<br data-start=\"669\" data-end=\"672\" \/><strong data-start=\"672\" data-end=\"684\">Avantaj:<\/strong> Y\u00fcksek dayan\u0131kl\u0131l\u0131k, uzun \u00f6m\u00fcr, sessiz \u00e7al\u0131\u015fma, g\u00fc\u00e7l\u00fc y\u00fck ta\u015f\u0131ma kapasitesi, kolay montaj<\/p>\n<hr data-start=\"778\" data-end=\"781\" \/>\n<p data-start=\"783\" data-end=\"1119\">\n","protected":false},"featured_media":16000,"template":"","meta":[],"product_brand":[],"product_cat":[398,400],"product_tag":[],"class_list":{"0":"post-8372","1":"product","2":"type-product","3":"status-publish","4":"has-post-thumbnail","6":"product_cat-catal-tekeri-ceo","7":"product_cat-catal-tekeri","9":"first","10":"instock","11":"taxable","12":"shipping-taxable","13":"purchasable","14":"product-type-simple"},"_links":{"self":[{"href":"https:\/\/ceoparts.com\/tr\/wp-json\/wp\/v2\/product\/8372","targetHints":{"allow":["GET"]}}],"collection":[{"href":"https:\/\/ceoparts.com\/tr\/wp-json\/wp\/v2\/product"}],"about":[{"href":"https:\/\/ceoparts.com\/tr\/wp-json\/wp\/v2\/types\/product"}],"wp:featuredmedia":[{"embeddable":true,"href":"https:\/\/ceoparts.com\/tr\/wp-json\/wp\/v2\/media\/16000"}],"wp:attachment":[{"href":"https:\/\/ceoparts.com\/tr\/wp-json\/wp\/v2\/media?parent=8372"}],"wp:term":[{"taxonomy":"product_brand","embeddable":true,"href":"https:\/\/ceoparts.com\/tr\/wp-json\/wp\/v2\/product_brand?post=8372"},{"taxonomy":"product_cat","embeddable":true,"href":"https:\/\/ceoparts.com\/tr\/wp-json\/wp\/v2\/product_cat?post=8372"},{"taxonomy":"product_tag","embeddable":true,"href":"https:\/\/ceoparts.com\/tr\/wp-json\/wp\/v2\/product_tag?post=8372"}],"curies":[{"name":"wp","href":"https:\/\/api.w.org\/{rel}","templated":true}]}}