{"id":8373,"date":"2021-02-14T22:36:56","date_gmt":"2021-02-14T19:36:56","guid":{"rendered":"https:\/\/ceoparts.com\/?post_type=product&#038;p=8373"},"modified":"2026-05-03T04:36:41","modified_gmt":"2026-05-03T01:36:41","slug":"85x74-78-20-yuk-tekeri","status":"publish","type":"product","link":"https:\/\/ceoparts.com\/tr\/urun\/85x74-78-20-yuk-tekeri\/","title":{"rendered":"85&#215;74\/78-20 Ceoparts Y\u00fck Tekeri"},"content":{"rendered":"<p>85&#215;74\/78-20 Ceoparts Y\u00fck Tekeri<\/p>","protected":false},"excerpt":{"rendered":"<p data-start=\"95\" data-end=\"501\"><br data-start=\"100\" data-end=\"103\" \/><strong data-start=\"103\" data-end=\"138\">85\u00d774\/78-20 Ceoparts Y\u00fck Tekeri<\/strong>, forklift ve a\u011f\u0131r i\u015f makinelerinde kullan\u0131lan dayan\u0131kl\u0131 ve y\u00fcksek kaliteli bir y\u00fck tekeridir. Ceoparts markas\u0131n\u0131n g\u00fcvencesiyle \u00fcretilen bu y\u00fck tekeri, sa\u011flam metal g\u00f6vde yap\u0131s\u0131 ve kau\u00e7uk veya poli\u00fcretan kaplamas\u0131 sayesinde uzun \u00f6m\u00fcrl\u00fc ve sessiz \u00e7al\u0131\u015fma sa\u011flar. Forkliftin y\u00fck ta\u015f\u0131ma kapasitesini art\u0131r\u0131r, stabiliteyi destekler ve g\u00fcvenli, verimli kullan\u0131m sunar.<\/p>\n<p data-start=\"503\" data-end=\"810\"><strong data-start=\"503\" data-end=\"517\">\u00d6zellikler<\/strong><br data-start=\"517\" data-end=\"520\" \/><strong data-start=\"520\" data-end=\"533\">\u00dcr\u00fcn Ad\u0131:<\/strong> 85\u00d774\/78-20 Ceoparts Y\u00fck Tekeri<br data-start=\"565\" data-end=\"568\" \/><strong data-start=\"568\" data-end=\"580\">Malzeme:<\/strong> Sa\u011flam metal g\u00f6vde, kau\u00e7uk veya poli\u00fcretan kaplama<br data-start=\"631\" data-end=\"634\" \/><strong data-start=\"634\" data-end=\"653\">Kullan\u0131m Alan\u0131:<\/strong> Forklift ve a\u011f\u0131r i\u015f makineleri y\u00fck ta\u015f\u0131ma sistemi<br data-start=\"703\" data-end=\"706\" \/><strong data-start=\"706\" data-end=\"718\">Avantaj:<\/strong> Y\u00fcksek dayan\u0131kl\u0131l\u0131k, uzun \u00f6m\u00fcr, sessiz \u00e7al\u0131\u015fma, g\u00fc\u00e7l\u00fc y\u00fck ta\u015f\u0131ma kapasitesi, kolay montaj<\/p>\n<hr data-start=\"812\" data-end=\"815\" \/>\n<p data-start=\"817\" data-end=\"1206\">\n","protected":false},"featured_media":15441,"template":"","meta":[],"product_brand":[],"product_cat":[400,398],"product_tag":[],"class_list":{"0":"post-8373","1":"product","2":"type-product","3":"status-publish","4":"has-post-thumbnail","6":"product_cat-catal-tekeri","7":"product_cat-catal-tekeri-ceo","9":"first","10":"instock","11":"taxable","12":"shipping-taxable","13":"purchasable","14":"product-type-simple"},"_links":{"self":[{"href":"https:\/\/ceoparts.com\/tr\/wp-json\/wp\/v2\/product\/8373","targetHints":{"allow":["GET"]}}],"collection":[{"href":"https:\/\/ceoparts.com\/tr\/wp-json\/wp\/v2\/product"}],"about":[{"href":"https:\/\/ceoparts.com\/tr\/wp-json\/wp\/v2\/types\/product"}],"wp:featuredmedia":[{"embeddable":true,"href":"https:\/\/ceoparts.com\/tr\/wp-json\/wp\/v2\/media\/15441"}],"wp:attachment":[{"href":"https:\/\/ceoparts.com\/tr\/wp-json\/wp\/v2\/media?parent=8373"}],"wp:term":[{"taxonomy":"product_brand","embeddable":true,"href":"https:\/\/ceoparts.com\/tr\/wp-json\/wp\/v2\/product_brand?post=8373"},{"taxonomy":"product_cat","embeddable":true,"href":"https:\/\/ceoparts.com\/tr\/wp-json\/wp\/v2\/product_cat?post=8373"},{"taxonomy":"product_tag","embeddable":true,"href":"https:\/\/ceoparts.com\/tr\/wp-json\/wp\/v2\/product_tag?post=8373"}],"curies":[{"name":"wp","href":"https:\/\/api.w.org\/{rel}","templated":true}]}}