{"id":8374,"date":"2021-02-14T22:37:59","date_gmt":"2021-02-14T19:37:59","guid":{"rendered":"https:\/\/ceoparts.com\/?post_type=product&#038;p=8374"},"modified":"2026-05-16T15:12:49","modified_gmt":"2026-05-16T12:12:49","slug":"85x74-76-13-yuk-tekeri","status":"publish","type":"product","link":"https:\/\/ceoparts.com\/tr\/urun\/85x74-76-13-yuk-tekeri\/","title":{"rendered":"85&#215;74\/76-13 Ceoparts Y\u00fck Tekeri &#8211; 220212"},"content":{"rendered":"<p>85&#215;74\/76-13 Ceoparts Y\u00fck Tekeri &#8211; 220212<\/p>\n<ul class=\"mb54_5r mp4t_0 m3h2_0 mryx_0 munh_0 mh36_16 mzaq_1\">\n<li>\n<p class=\"mgn2_14 mp0t_0a mqu1_21 mgmw_wo mli8_k4 mp4t_0 m3h2_0 mryx_0 munh_0 _1b0db_llr9c _1b0db_aqhL6\">\/ BT LPE 200<\/p>\n<\/li>\n<li>\n<p class=\"mgn2_14 mp0t_0a mqu1_21 mgmw_wo mli8_k4 mp4t_0 m3h2_0 mryx_0 munh_0 _1b0db_llr9c _1b0db_aqhL6\">\/ BT LWE 160<\/p>\n<\/li>\n<li>\n<p class=\"mgn2_14 mp0t_0a mqu1_21 mgmw_wo mli8_k4 mp4t_0 m3h2_0 mryx_0 munh_0 _1b0db_llr9c _1b0db_aqhL6\">\/ BT SWE 120<\/p>\n<\/li>\n<\/ul>","protected":false},"excerpt":{"rendered":"<p data-start=\"104\" data-end=\"509\"><br data-start=\"109\" data-end=\"112\" \/><strong data-start=\"112\" data-end=\"147\">85\u00d774\/76-13 Ceoparts Y\u00fck Tekeri<\/strong>, forklift ve a\u011f\u0131r i\u015f makinelerinde kullan\u0131lan dayan\u0131kl\u0131 ve y\u00fcksek kaliteli bir y\u00fck tekeridir. Ceoparts markas\u0131n\u0131n kalitesiyle \u00fcretilen bu y\u00fck tekeri, sa\u011flam metal g\u00f6vde yap\u0131s\u0131 ve kau\u00e7uk veya poli\u00fcretan kaplamas\u0131 sayesinde uzun \u00f6m\u00fcrl\u00fc ve sessiz \u00e7al\u0131\u015fma sa\u011flar. Forkliftin y\u00fck ta\u015f\u0131ma kapasitesini art\u0131r\u0131r, stabiliteyi destekler ve g\u00fcvenli, verimli kullan\u0131m sunar.<\/p>\n<p data-start=\"511\" data-end=\"843\"><strong data-start=\"511\" data-end=\"525\">\u00d6zellikler<\/strong><br data-start=\"525\" data-end=\"528\" \/><strong data-start=\"528\" data-end=\"541\">\u00dcr\u00fcn Ad\u0131:<\/strong> 85\u00d774\/76-13 Ceoparts Y\u00fck Tekeri<br data-start=\"573\" data-end=\"576\" \/><strong data-start=\"576\" data-end=\"591\">Par\u00e7a Kodu:<\/strong> 220212<br data-start=\"598\" data-end=\"601\" \/><strong data-start=\"601\" data-end=\"613\">Malzeme:<\/strong> Sa\u011flam metal g\u00f6vde, kau\u00e7uk veya poli\u00fcretan kaplama<br data-start=\"664\" data-end=\"667\" \/><strong data-start=\"667\" data-end=\"686\">Kullan\u0131m Alan\u0131:<\/strong> Forklift ve a\u011f\u0131r i\u015f makineleri y\u00fck ta\u015f\u0131ma sistemi<br data-start=\"736\" data-end=\"739\" \/><strong data-start=\"739\" data-end=\"751\">Avantaj:<\/strong> Y\u00fcksek dayan\u0131kl\u0131l\u0131k, uzun \u00f6m\u00fcr, sessiz \u00e7al\u0131\u015fma, g\u00fc\u00e7l\u00fc y\u00fck ta\u015f\u0131ma kapasitesi, kolay montaj<\/p>\n<hr data-start=\"845\" data-end=\"848\" \/>\n<p data-start=\"850\" data-end=\"1239\">\n","protected":false},"featured_media":15430,"template":"","meta":[],"product_brand":[],"product_cat":[251,253,398,400],"product_tag":[],"class_list":{"0":"post-8374","1":"product","2":"type-product","3":"status-publish","4":"has-post-thumbnail","6":"product_cat-bt","7":"product_cat-catal-tekeri-bt","8":"product_cat-catal-tekeri-ceo","9":"product_cat-catal-tekeri","11":"first","12":"instock","13":"taxable","14":"shipping-taxable","15":"purchasable","16":"product-type-simple"},"_links":{"self":[{"href":"https:\/\/ceoparts.com\/tr\/wp-json\/wp\/v2\/product\/8374","targetHints":{"allow":["GET"]}}],"collection":[{"href":"https:\/\/ceoparts.com\/tr\/wp-json\/wp\/v2\/product"}],"about":[{"href":"https:\/\/ceoparts.com\/tr\/wp-json\/wp\/v2\/types\/product"}],"wp:featuredmedia":[{"embeddable":true,"href":"https:\/\/ceoparts.com\/tr\/wp-json\/wp\/v2\/media\/15430"}],"wp:attachment":[{"href":"https:\/\/ceoparts.com\/tr\/wp-json\/wp\/v2\/media?parent=8374"}],"wp:term":[{"taxonomy":"product_brand","embeddable":true,"href":"https:\/\/ceoparts.com\/tr\/wp-json\/wp\/v2\/product_brand?post=8374"},{"taxonomy":"product_cat","embeddable":true,"href":"https:\/\/ceoparts.com\/tr\/wp-json\/wp\/v2\/product_cat?post=8374"},{"taxonomy":"product_tag","embeddable":true,"href":"https:\/\/ceoparts.com\/tr\/wp-json\/wp\/v2\/product_tag?post=8374"}],"curies":[{"name":"wp","href":"https:\/\/api.w.org\/{rel}","templated":true}]}}