{"id":8378,"date":"2021-02-14T22:46:13","date_gmt":"2021-02-14T19:46:13","guid":{"rendered":"https:\/\/ceoparts.com\/?post_type=product&#038;p=8378"},"modified":"2026-05-16T19:24:28","modified_gmt":"2026-05-16T16:24:28","slug":"85x75-80-20-yuk-tekeri","status":"publish","type":"product","link":"https:\/\/ceoparts.com\/tr\/urun\/85x75-80-20-yuk-tekeri\/","title":{"rendered":"85&#215;75\/80-20 Ceoparts Y\u00fck Tekeri &#8211; 0009903531"},"content":{"rendered":"<p>85&#215;75\/80-20 Ceoparts Y\u00fck Tekeri &#8211; 0009903531<\/p>\n<p>LINDE 0009903531<\/p>\n<p>140\u00a0T20R<\/p>\n<p>141\u00a0T20AP<br \/>\n141\u00a0T20\/30<\/p>\n<p>144\u00a0T20S\/T20SF<\/p>\n<p>149\u00a0N20\/N25\/N20L\/LI\/LX<br \/>\n149\u00a0N20V-N20VI<\/p>\n<p>360\u00a0T16\/T18\/T20\/T16L<\/p>","protected":false},"excerpt":{"rendered":"<p data-start=\"107\" data-end=\"499\"><br data-start=\"112\" data-end=\"115\" \/><strong data-start=\"115\" data-end=\"150\">85\u00d775\/80-20 Ceoparts Y\u00fck Tekeri<\/strong>, forklift ve depo ekipmanlar\u0131nda kullan\u0131lan dayan\u0131kl\u0131 ve y\u00fcksek performansl\u0131 bir y\u00fck ta\u015f\u0131ma tekeridir. Sa\u011flam metal ala\u015f\u0131ml\u0131 g\u00f6vdesi ve a\u015f\u0131nmaya dayan\u0131kl\u0131 kau\u00e7uk kaplamas\u0131 ile uzun \u00f6m\u00fcrl\u00fc ve sessiz \u00e7al\u0131\u015fma sa\u011flar. Zorlu \u00e7al\u0131\u015fma ko\u015fullar\u0131nda y\u00fcksek denge ve manevra kabiliyeti sunar. Lojistik, \u00fcretim ve end\u00fcstriyel tesisler i\u00e7in ideal bir par\u00e7ad\u0131r.<\/p>\n<p data-start=\"501\" data-end=\"808\"><strong data-start=\"501\" data-end=\"515\">\u00d6zellikler<\/strong><br data-start=\"515\" data-end=\"518\" \/><strong data-start=\"518\" data-end=\"531\">\u00dcr\u00fcn Ad\u0131:<\/strong> 85\u00d775\/80-20 Ceoparts Y\u00fck Tekeri<br data-start=\"563\" data-end=\"566\" \/><strong data-start=\"566\" data-end=\"581\">Par\u00e7a Kodu:<\/strong> 0009903531<br data-start=\"592\" data-end=\"595\" \/><strong data-start=\"595\" data-end=\"607\">Malzeme:<\/strong> A\u015f\u0131nmaya dayan\u0131kl\u0131 kau\u00e7uk ve sa\u011flam metal ala\u015f\u0131m\u0131<br data-start=\"657\" data-end=\"660\" \/><strong data-start=\"660\" data-end=\"679\">Kullan\u0131m Alan\u0131:<\/strong> Forklift y\u00fck ta\u015f\u0131ma ve denge sistemleri<br data-start=\"719\" data-end=\"722\" \/><strong data-start=\"722\" data-end=\"734\">Avantaj:<\/strong> Y\u00fcksek dayan\u0131kl\u0131l\u0131k, sessiz ve dengeli \u00e7al\u0131\u015fma, uzun \u00f6m\u00fcr, kolay montaj<\/p>\n<hr data-start=\"810\" data-end=\"813\" \/>\n<p data-start=\"815\" data-end=\"1194\">\n","protected":false},"featured_media":20185,"template":"","meta":[],"product_brand":[],"product_cat":[246,248,398,400],"product_tag":[],"class_list":{"0":"post-8378","1":"product","2":"type-product","3":"status-publish","4":"has-post-thumbnail","6":"product_cat-linde","7":"product_cat-catal-tekeri-linde","8":"product_cat-catal-tekeri-ceo","9":"product_cat-catal-tekeri","11":"first","12":"instock","13":"taxable","14":"shipping-taxable","15":"purchasable","16":"product-type-simple"},"_links":{"self":[{"href":"https:\/\/ceoparts.com\/tr\/wp-json\/wp\/v2\/product\/8378","targetHints":{"allow":["GET"]}}],"collection":[{"href":"https:\/\/ceoparts.com\/tr\/wp-json\/wp\/v2\/product"}],"about":[{"href":"https:\/\/ceoparts.com\/tr\/wp-json\/wp\/v2\/types\/product"}],"wp:featuredmedia":[{"embeddable":true,"href":"https:\/\/ceoparts.com\/tr\/wp-json\/wp\/v2\/media\/20185"}],"wp:attachment":[{"href":"https:\/\/ceoparts.com\/tr\/wp-json\/wp\/v2\/media?parent=8378"}],"wp:term":[{"taxonomy":"product_brand","embeddable":true,"href":"https:\/\/ceoparts.com\/tr\/wp-json\/wp\/v2\/product_brand?post=8378"},{"taxonomy":"product_cat","embeddable":true,"href":"https:\/\/ceoparts.com\/tr\/wp-json\/wp\/v2\/product_cat?post=8378"},{"taxonomy":"product_tag","embeddable":true,"href":"https:\/\/ceoparts.com\/tr\/wp-json\/wp\/v2\/product_tag?post=8378"}],"curies":[{"name":"wp","href":"https:\/\/api.w.org\/{rel}","templated":true}]}}