{"id":8381,"date":"2021-02-14T22:52:36","date_gmt":"2021-02-14T19:52:36","guid":{"rendered":"https:\/\/ceoparts.com\/?post_type=product&#038;p=8381"},"modified":"2026-05-16T13:16:14","modified_gmt":"2026-05-16T10:16:14","slug":"85x80-82-17-yuk-tekeri","status":"publish","type":"product","link":"https:\/\/ceoparts.com\/tr\/urun\/85x80-82-17-yuk-tekeri\/","title":{"rendered":"85&#215;80\/82-17 Ceoparts Y\u00fck Tekeri &#8211; 0009933902"},"content":{"rendered":"<p>85&#215;80\/82-17 Ceoparts Y\u00fck Tekeri &#8211; 0009933902<\/p>\n<p>85&#215;80\/82-17 Ceoparts Y\u00fck Tekeri<\/p>","protected":false},"excerpt":{"rendered":"<p data-start=\"107\" data-end=\"565\"><br data-start=\"112\" data-end=\"115\" \/><strong data-start=\"115\" data-end=\"150\">85\u00d780\/82-17 Ceoparts Y\u00fck Tekeri<\/strong>, forklift ve depo ekipmanlar\u0131 i\u00e7in tasarlanm\u0131\u015f dayan\u0131kl\u0131 ve y\u00fcksek performansl\u0131 bir y\u00fck ta\u015f\u0131ma tekeridir. Y\u00fcksek kaliteli kau\u00e7uk kaplama, a\u015f\u0131nmaya ve darbeye kar\u015f\u0131 \u00fcst\u00fcn diren\u00e7 sa\u011flar. Sa\u011flam metal g\u00f6vdesi ile birlikte, forkliftin stabilitesini art\u0131rarak g\u00fcvenli ve sessiz \u00e7al\u0131\u015fma imkan\u0131 sunar. End\u00fcstriyel kullan\u0131mda \u00fcst\u00fcn performans ve uzun \u00f6m\u00fcrl\u00fc kullan\u0131m sa\u011flar. Depo ve lojistik alanlar\u0131nda s\u0131k tercih edilir.<\/p>\n<p data-start=\"567\" data-end=\"887\"><strong data-start=\"567\" data-end=\"581\">\u00d6zellikler<\/strong><br data-start=\"581\" data-end=\"584\" \/><strong data-start=\"584\" data-end=\"597\">\u00dcr\u00fcn Ad\u0131:<\/strong> 85\u00d780\/82-17 Ceoparts Y\u00fck Tekeri<br data-start=\"629\" data-end=\"632\" \/><strong data-start=\"632\" data-end=\"647\">Par\u00e7a Kodu:<\/strong> 0009933902<br data-start=\"658\" data-end=\"661\" \/><strong data-start=\"661\" data-end=\"673\">Malzeme:<\/strong> A\u015f\u0131nmaya dayan\u0131kl\u0131 kau\u00e7uk ve sa\u011flam metal ala\u015f\u0131m\u0131<br data-start=\"723\" data-end=\"726\" \/><strong data-start=\"726\" data-end=\"745\">Kullan\u0131m Alan\u0131:<\/strong> Forklift y\u00fck ta\u015f\u0131ma ve denge sistemleri<br data-start=\"785\" data-end=\"788\" \/><strong data-start=\"788\" data-end=\"800\">Avantaj:<\/strong> Y\u00fcksek dayan\u0131kl\u0131l\u0131k, sessiz ve titre\u015fimsiz \u00e7al\u0131\u015fma, uzun kullan\u0131m \u00f6mr\u00fc, kolay montaj<\/p>\n<hr data-start=\"889\" data-end=\"892\" \/>\n<p data-start=\"894\" data-end=\"1341\">\n","protected":false},"featured_media":15455,"template":"","meta":[],"product_brand":[],"product_cat":[398,400],"product_tag":[],"class_list":{"0":"post-8381","1":"product","2":"type-product","3":"status-publish","4":"has-post-thumbnail","6":"product_cat-catal-tekeri-ceo","7":"product_cat-catal-tekeri","9":"first","10":"instock","11":"taxable","12":"shipping-taxable","13":"purchasable","14":"product-type-simple"},"_links":{"self":[{"href":"https:\/\/ceoparts.com\/tr\/wp-json\/wp\/v2\/product\/8381","targetHints":{"allow":["GET"]}}],"collection":[{"href":"https:\/\/ceoparts.com\/tr\/wp-json\/wp\/v2\/product"}],"about":[{"href":"https:\/\/ceoparts.com\/tr\/wp-json\/wp\/v2\/types\/product"}],"wp:featuredmedia":[{"embeddable":true,"href":"https:\/\/ceoparts.com\/tr\/wp-json\/wp\/v2\/media\/15455"}],"wp:attachment":[{"href":"https:\/\/ceoparts.com\/tr\/wp-json\/wp\/v2\/media?parent=8381"}],"wp:term":[{"taxonomy":"product_brand","embeddable":true,"href":"https:\/\/ceoparts.com\/tr\/wp-json\/wp\/v2\/product_brand?post=8381"},{"taxonomy":"product_cat","embeddable":true,"href":"https:\/\/ceoparts.com\/tr\/wp-json\/wp\/v2\/product_cat?post=8381"},{"taxonomy":"product_tag","embeddable":true,"href":"https:\/\/ceoparts.com\/tr\/wp-json\/wp\/v2\/product_tag?post=8381"}],"curies":[{"name":"wp","href":"https:\/\/api.w.org\/{rel}","templated":true}]}}