{"id":8383,"date":"2021-02-14T22:56:41","date_gmt":"2021-02-14T19:56:41","guid":{"rendered":"https:\/\/ceoparts.com\/?post_type=product&#038;p=8383"},"modified":"2026-05-16T21:10:51","modified_gmt":"2026-05-16T18:10:51","slug":"85x80-85-25-yuk-tekeri","status":"publish","type":"product","link":"https:\/\/ceoparts.com\/tr\/urun\/85x80-85-25-yuk-tekeri\/","title":{"rendered":"85&#215;80\/85-25 Ceoparts Y\u00fck Tekeri &#8211; 27631380"},"content":{"rendered":"<p>85&#215;80\/85-25 Ceoparts Y\u00fck Tekeri &#8211; 27631380<\/p>\n<p>Jungheinrich 0763138, 2763138, 27631380, 27623820, 27623900, 63143540, 63145510, 63145550<\/p>\n<p>ECC 10 5.94 &#8211; 3.98<br \/>\nECC 10 4.98 &#8211; 4.98<br \/>\nEJC 12,5 9.92 &#8211; 7.93<br \/>\nEJC 12-16 7.96 &#8211; 4.98<br \/>\nEJC 16 10.88 &#8211; 10.92<br \/>\nEJC 16 11.92 &#8211; 7.93<br \/>\nEJC-L 08\/10 12.89 &#8211; 3.92<br \/>\nEJC-L 10 5.93 &#8211; 7.93<br \/>\nEJC-L 10 5.94 &#8211; 6.96<br \/>\nEJC-L 10 7.96 &#8211; 9.97<br \/>\nEJC-Z 12,5 10.88 &#8211; 12.92<br \/>\nEJE\/-R 18-24 5.94 &#8211; 5.96<br \/>\nEKC 12,5 \/ 16 2.95 &#8211; 12.99<br \/>\nEKC 12,5 \/ 16 1.00 &#8211; 4.04<br \/>\nEKC 20 5.04 &#8211; 12.04<br \/>\nEKE 20\/30 +L 5.82 &#8211; 12.90<br \/>\nERC 12-16 10.94 &#8211; 3.01<br \/>\nESC 2 1.05 &#8211; 7.09<br \/>\nKmS 2\/3\/4 Z 1.89 &#8211; 9.89<\/p>","protected":false},"excerpt":{"rendered":"<p data-start=\"109\" data-end=\"682\"><br data-start=\"114\" data-end=\"117\" \/><strong data-start=\"117\" data-end=\"152\">85\u00d780\/85-25 Ceoparts Y\u00fck Tekeri<\/strong>, forklift ve depo ekipmanlar\u0131nda kullan\u0131lan y\u00fck ta\u015f\u0131ma sistemleri i\u00e7in geli\u015ftirilmi\u015f, y\u00fcksek performansl\u0131 ve uzun \u00f6m\u00fcrl\u00fc bir yedek par\u00e7ad\u0131r. Sa\u011flam metal ala\u015f\u0131m\u0131 g\u00f6vdesi ve darbelere kar\u015f\u0131 dayan\u0131kl\u0131, a\u015f\u0131nmaya diren\u00e7li \u00f6zel kau\u00e7uk kaplamas\u0131 sayesinde zorlu \u00e7al\u0131\u015fma ortamlar\u0131nda sessiz, titre\u015fimsiz ve dengeli bir kullan\u0131m sunar. Y\u00fcksek ta\u015f\u0131ma kapasitesi ve zemin tutu\u015fuyla forkliftin manevra kabiliyetini art\u0131r\u0131r, g\u00fcvenli ve verimli operasyon sa\u011flar. \u00d6zellikle depo, lojistik merkezi ve end\u00fcstriyel tesislerde tercih edilmektedir.<\/p>\n<p data-start=\"684\" data-end=\"1009\"><strong data-start=\"684\" data-end=\"698\">\u00d6zellikler<\/strong><br data-start=\"698\" data-end=\"701\" \/><strong data-start=\"701\" data-end=\"714\">\u00dcr\u00fcn Ad\u0131:<\/strong> 85\u00d780\/85-25 Ceoparts Y\u00fck Tekeri<br data-start=\"746\" data-end=\"749\" \/><strong data-start=\"749\" data-end=\"764\">Par\u00e7a Kodu:<\/strong> 27631380<br data-start=\"773\" data-end=\"776\" \/><strong data-start=\"776\" data-end=\"788\">Malzeme:<\/strong> A\u015f\u0131nmaya dayan\u0131kl\u0131 kau\u00e7uk ve sa\u011flam metal ala\u015f\u0131m\u0131<br data-start=\"838\" data-end=\"841\" \/><strong data-start=\"841\" data-end=\"860\">Kullan\u0131m Alan\u0131:<\/strong> Forklift y\u00fck ta\u015f\u0131ma ve denge sistemleri<br data-start=\"900\" data-end=\"903\" \/><strong data-start=\"903\" data-end=\"915\">Avantaj:<\/strong> Y\u00fcksek darbe ve a\u015f\u0131nma direnci, sessiz ve dengeli \u00e7al\u0131\u015fma, uzun kullan\u0131m \u00f6mr\u00fc, kolay montaj<\/p>\n<hr data-start=\"1011\" data-end=\"1014\" \/>\n<p data-start=\"1016\" data-end=\"1558\">\n","protected":false},"featured_media":20189,"template":"","meta":[],"product_brand":[],"product_cat":[400,236,238,398],"product_tag":[],"class_list":{"0":"post-8383","1":"product","2":"type-product","3":"status-publish","4":"has-post-thumbnail","6":"product_cat-catal-tekeri","7":"product_cat-jungheinrich","8":"product_cat-catal-tekeri-jungheinrich","9":"product_cat-catal-tekeri-ceo","11":"first","12":"instock","13":"taxable","14":"shipping-taxable","15":"purchasable","16":"product-type-simple"},"_links":{"self":[{"href":"https:\/\/ceoparts.com\/tr\/wp-json\/wp\/v2\/product\/8383","targetHints":{"allow":["GET"]}}],"collection":[{"href":"https:\/\/ceoparts.com\/tr\/wp-json\/wp\/v2\/product"}],"about":[{"href":"https:\/\/ceoparts.com\/tr\/wp-json\/wp\/v2\/types\/product"}],"wp:featuredmedia":[{"embeddable":true,"href":"https:\/\/ceoparts.com\/tr\/wp-json\/wp\/v2\/media\/20189"}],"wp:attachment":[{"href":"https:\/\/ceoparts.com\/tr\/wp-json\/wp\/v2\/media?parent=8383"}],"wp:term":[{"taxonomy":"product_brand","embeddable":true,"href":"https:\/\/ceoparts.com\/tr\/wp-json\/wp\/v2\/product_brand?post=8383"},{"taxonomy":"product_cat","embeddable":true,"href":"https:\/\/ceoparts.com\/tr\/wp-json\/wp\/v2\/product_cat?post=8383"},{"taxonomy":"product_tag","embeddable":true,"href":"https:\/\/ceoparts.com\/tr\/wp-json\/wp\/v2\/product_tag?post=8383"}],"curies":[{"name":"wp","href":"https:\/\/api.w.org\/{rel}","templated":true}]}}