{"id":8386,"date":"2021-02-14T23:00:17","date_gmt":"2021-02-14T20:00:17","guid":{"rendered":"https:\/\/ceoparts.com\/?post_type=product&#038;p=8386"},"modified":"2026-05-03T04:03:01","modified_gmt":"2026-05-03T01:03:01","slug":"85x82-85-25-yuk-tekeri","status":"publish","type":"product","link":"https:\/\/ceoparts.com\/tr\/urun\/85x82-85-25-yuk-tekeri\/","title":{"rendered":"85&#215;82\/85-25 Ceoparts Y\u00fck Tekeri"},"content":{"rendered":"<p>85&#215;82\/85-25 Ceoparts Y\u00fck Tekeri<\/p>","protected":false},"excerpt":{"rendered":"<p data-start=\"99\" data-end=\"645\"><br data-start=\"104\" data-end=\"107\" \/><strong data-start=\"107\" data-end=\"142\">85\u00d782\/85-25 Ceoparts Y\u00fck Tekeri<\/strong>, forklift ve depo ara\u00e7lar\u0131nda a\u011f\u0131r y\u00fck ta\u015f\u0131ma sistemleri i\u00e7in \u00f6zel olarak tasarlanm\u0131\u015f, y\u00fcksek performansl\u0131 ve uzun \u00f6m\u00fcrl\u00fc bir yedek par\u00e7ad\u0131r. Darbeye ve a\u015f\u0131nmaya kar\u015f\u0131 diren\u00e7li \u00f6zel kau\u00e7uk kaplamas\u0131 ile yo\u011fun kullan\u0131m ko\u015fullar\u0131nda bile sessiz, dengeli ve g\u00fcvenli hareket sa\u011flar. Sa\u011flam metal ala\u015f\u0131ml\u0131 g\u00f6vdesi sayesinde forkliftin y\u00fck ta\u015f\u0131ma kapasitesini art\u0131r\u0131rken, zemin tutu\u015funu ve manevra kabiliyetini g\u00fc\u00e7lendirir. \u00d6zellikle depo, lojistik ve end\u00fcstriyel \u00fcretim tesislerinde y\u00fcksek verimlilik sunar.<\/p>\n<p data-start=\"647\" data-end=\"994\"><strong data-start=\"647\" data-end=\"661\">\u00d6zellikler<\/strong><br data-start=\"661\" data-end=\"664\" \/><strong data-start=\"664\" data-end=\"677\">\u00dcr\u00fcn Ad\u0131:<\/strong> 85\u00d782\/85-25 Ceoparts Y\u00fck Tekeri<br data-start=\"709\" data-end=\"712\" \/><strong data-start=\"712\" data-end=\"727\">Par\u00e7a Kodu:<\/strong>\u00a0<br data-start=\"756\" data-end=\"759\" \/><strong data-start=\"759\" data-end=\"771\">Malzeme:<\/strong> A\u015f\u0131nmaya dayan\u0131kl\u0131 kau\u00e7uk ve sa\u011flam metal ala\u015f\u0131m\u0131<br data-start=\"821\" data-end=\"824\" \/><strong data-start=\"824\" data-end=\"843\">Kullan\u0131m Alan\u0131:<\/strong> Forklift y\u00fck ta\u015f\u0131ma ve denge sistemleri<br data-start=\"883\" data-end=\"886\" \/><strong data-start=\"886\" data-end=\"898\">Avantaj:<\/strong> Y\u00fcksek darbe ve a\u015f\u0131nma direnci, sessiz ve dengeli hareket, uzun \u00f6m\u00fcrl\u00fc kullan\u0131m, kolay montaj<\/p>\n<hr data-start=\"996\" data-end=\"999\" \/>\n<p data-start=\"1001\" data-end=\"1505\">\n","protected":false},"featured_media":15461,"template":"","meta":[],"product_brand":[],"product_cat":[398,400],"product_tag":[],"class_list":{"0":"post-8386","1":"product","2":"type-product","3":"status-publish","4":"has-post-thumbnail","6":"product_cat-catal-tekeri-ceo","7":"product_cat-catal-tekeri","9":"first","10":"instock","11":"taxable","12":"shipping-taxable","13":"purchasable","14":"product-type-simple"},"_links":{"self":[{"href":"https:\/\/ceoparts.com\/tr\/wp-json\/wp\/v2\/product\/8386","targetHints":{"allow":["GET"]}}],"collection":[{"href":"https:\/\/ceoparts.com\/tr\/wp-json\/wp\/v2\/product"}],"about":[{"href":"https:\/\/ceoparts.com\/tr\/wp-json\/wp\/v2\/types\/product"}],"wp:featuredmedia":[{"embeddable":true,"href":"https:\/\/ceoparts.com\/tr\/wp-json\/wp\/v2\/media\/15461"}],"wp:attachment":[{"href":"https:\/\/ceoparts.com\/tr\/wp-json\/wp\/v2\/media?parent=8386"}],"wp:term":[{"taxonomy":"product_brand","embeddable":true,"href":"https:\/\/ceoparts.com\/tr\/wp-json\/wp\/v2\/product_brand?post=8386"},{"taxonomy":"product_cat","embeddable":true,"href":"https:\/\/ceoparts.com\/tr\/wp-json\/wp\/v2\/product_cat?post=8386"},{"taxonomy":"product_tag","embeddable":true,"href":"https:\/\/ceoparts.com\/tr\/wp-json\/wp\/v2\/product_tag?post=8386"}],"curies":[{"name":"wp","href":"https:\/\/api.w.org\/{rel}","templated":true}]}}