{"id":8392,"date":"2021-02-14T23:07:19","date_gmt":"2021-02-14T20:07:19","guid":{"rendered":"https:\/\/ceoparts.com\/?post_type=product&#038;p=8392"},"modified":"2026-05-16T11:00:54","modified_gmt":"2026-05-16T08:00:54","slug":"85x90-95-12-yuk-tekeri","status":"publish","type":"product","link":"https:\/\/ceoparts.com\/tr\/urun\/85x90-95-12-yuk-tekeri\/","title":{"rendered":"85&#215;90\/95-12 Ceoparts Y\u00fck Tekeri &#8211; 1590995,580059476"},"content":{"rendered":"<p>85&#215;90\/95-12 Ceoparts Y\u00fck Tekeri &#8211; 1590995,580059476<\/p>\n<p>85&#215;90\/95-12 580059476<\/p>\n<p>Hyster\/Yale<\/p>\n<p>Hyster P2.0S Seria: C439X<\/p>\n<p>Hyster P1,6 Seria A418<\/p>","protected":false},"excerpt":{"rendered":"<p data-start=\"120\" data-end=\"682\"><br data-start=\"125\" data-end=\"128\" \/><strong data-start=\"128\" data-end=\"163\">85\u00d790\/95-12 Ceoparts Y\u00fck Tekeri<\/strong>, forkliftlerin y\u00fck ta\u015f\u0131ma sistemlerinde g\u00fcvenilir performans ve uzun \u00f6m\u00fcrl\u00fc kullan\u0131m sa\u011flamak i\u00e7in \u00f6zel olarak geli\u015ftirilmi\u015f profesyonel bir y\u00fck tekeridir. A\u015f\u0131nmaya ve darbelere kar\u015f\u0131 diren\u00e7li kau\u00e7uk kaplamas\u0131 ve sa\u011flam metal ala\u015f\u0131ml\u0131 g\u00f6vdesi sayesinde, yo\u011fun \u00e7al\u0131\u015fma temposunda y\u00fcksek verimlilik sunar. Sessiz \u00e7al\u0131\u015fma \u00f6zelli\u011fi ve \u00fcst\u00fcn zemin tutu\u015f kabiliyetiyle forklift manevra kabiliyetini art\u0131r\u0131rken, denge ve ta\u015f\u0131ma g\u00fcvenli\u011fini de \u00fcst seviyeye ta\u015f\u0131r. Depo, lojistik ve end\u00fcstriyel kullan\u0131m alanlar\u0131 i\u00e7in idealdir.<\/p>\n<p data-start=\"684\" data-end=\"1031\"><strong data-start=\"684\" data-end=\"698\">\u00d6zellikler<\/strong><br data-start=\"698\" data-end=\"701\" \/><strong data-start=\"701\" data-end=\"714\">\u00dcr\u00fcn Ad\u0131:<\/strong> 85\u00d790\/95-12 Ceoparts Y\u00fck Tekeri<br data-start=\"746\" data-end=\"749\" \/><strong data-start=\"749\" data-end=\"764\">Par\u00e7a Kodu:<\/strong> 1590995, 580059476<br data-start=\"783\" data-end=\"786\" \/><strong data-start=\"786\" data-end=\"798\">Malzeme:<\/strong> A\u015f\u0131nmaya dayan\u0131kl\u0131 \u00f6zel kau\u00e7uk ve sa\u011flam metal ala\u015f\u0131m\u0131<br data-start=\"853\" data-end=\"856\" \/><strong data-start=\"856\" data-end=\"875\">Kullan\u0131m Alan\u0131:<\/strong> Forklift y\u00fck ta\u015f\u0131ma ve denge sistemleri<br data-start=\"915\" data-end=\"918\" \/><strong data-start=\"918\" data-end=\"930\">Avantaj:<\/strong> Y\u00fcksek a\u015f\u0131nma ve darbe direnci, uzun kullan\u0131m \u00f6mr\u00fc, sessiz \u00e7al\u0131\u015fma, g\u00fcvenli kullan\u0131m, kolay montaj<\/p>\n<hr data-start=\"1033\" data-end=\"1036\" \/>\n<p data-start=\"1038\" data-end=\"1549\">\n","protected":false},"featured_media":15500,"template":"","meta":[],"product_brand":[],"product_cat":[256,259,398,400],"product_tag":[],"class_list":{"0":"post-8392","1":"product","2":"type-product","3":"status-publish","4":"has-post-thumbnail","6":"product_cat-hyster","7":"product_cat-catal-tekeri-hyster","8":"product_cat-catal-tekeri-ceo","9":"product_cat-catal-tekeri","11":"first","12":"instock","13":"taxable","14":"shipping-taxable","15":"purchasable","16":"product-type-simple"},"_links":{"self":[{"href":"https:\/\/ceoparts.com\/tr\/wp-json\/wp\/v2\/product\/8392","targetHints":{"allow":["GET"]}}],"collection":[{"href":"https:\/\/ceoparts.com\/tr\/wp-json\/wp\/v2\/product"}],"about":[{"href":"https:\/\/ceoparts.com\/tr\/wp-json\/wp\/v2\/types\/product"}],"wp:featuredmedia":[{"embeddable":true,"href":"https:\/\/ceoparts.com\/tr\/wp-json\/wp\/v2\/media\/15500"}],"wp:attachment":[{"href":"https:\/\/ceoparts.com\/tr\/wp-json\/wp\/v2\/media?parent=8392"}],"wp:term":[{"taxonomy":"product_brand","embeddable":true,"href":"https:\/\/ceoparts.com\/tr\/wp-json\/wp\/v2\/product_brand?post=8392"},{"taxonomy":"product_cat","embeddable":true,"href":"https:\/\/ceoparts.com\/tr\/wp-json\/wp\/v2\/product_cat?post=8392"},{"taxonomy":"product_tag","embeddable":true,"href":"https:\/\/ceoparts.com\/tr\/wp-json\/wp\/v2\/product_tag?post=8392"}],"curies":[{"name":"wp","href":"https:\/\/api.w.org\/{rel}","templated":true}]}}