{"id":8395,"date":"2021-02-14T23:10:38","date_gmt":"2021-02-14T20:10:38","guid":{"rendered":"https:\/\/ceoparts.com\/?post_type=product&#038;p=8395"},"modified":"2026-05-16T14:01:18","modified_gmt":"2026-05-16T11:01:18","slug":"85x90-20-yuk-tekeri","status":"publish","type":"product","link":"https:\/\/ceoparts.com\/tr\/urun\/85x90-20-yuk-tekeri\/","title":{"rendered":"85&#215;90-20 Ceoparts Y\u00fck Tekeri &#8211; 580037613"},"content":{"rendered":"<p>85&#215;90-20 Ceoparts Y\u00fck Tekeri &#8211; 580037613<\/p>\n<p>85&#215;90-20 Ceoparts Y\u00fck Tekeri &#8211; 580037613<\/p>\n<p>&nbsp;<\/p>","protected":false},"excerpt":{"rendered":"<p data-start=\"116\" data-end=\"686\"><br data-start=\"121\" data-end=\"124\" \/><strong data-start=\"124\" data-end=\"156\">85\u00d790-20 Ceoparts Y\u00fck Tekeri<\/strong>, forkliftlerin y\u00fck ta\u015f\u0131ma sistemlerinde \u00fcst\u00fcn performans, y\u00fcksek dayan\u0131kl\u0131l\u0131k ve uzun \u00f6m\u00fcr sa\u011flamak \u00fczere geli\u015ftirilmi\u015f kaliteli bir yedek par\u00e7a \u00e7\u00f6z\u00fcm\u00fcd\u00fcr. Dayan\u0131kl\u0131 kau\u00e7uk kaplamas\u0131 ve sa\u011flam metal g\u00f6vdesi sayesinde zorlu \u00e7al\u0131\u015fma ko\u015fullar\u0131nda a\u015f\u0131nmaya, darbelere ve zeminden kaynakl\u0131 s\u00fcrt\u00fcnmelere kar\u015f\u0131 \u00fcst\u00fcn diren\u00e7 g\u00f6sterir. Forkliftin dengeli ve g\u00fcvenli hareket etmesine katk\u0131 sa\u011flar. Ceoparts kalitesiyle \u00fcretilen bu y\u00fck tekeri, kolay montaj\u0131 ve uzun kullan\u0131m \u00f6mr\u00fcyle i\u015fletmelerin bak\u0131m maliyetlerini d\u00fc\u015f\u00fcrmeye yard\u0131mc\u0131 olur.<\/p>\n<p data-start=\"688\" data-end=\"993\"><strong data-start=\"688\" data-end=\"702\">\u00d6zellikler<\/strong><br data-start=\"702\" data-end=\"705\" \/><strong data-start=\"705\" data-end=\"718\">\u00dcr\u00fcn Ad\u0131:<\/strong> 85\u00d790-20 Ceoparts Y\u00fck Tekeri<br data-start=\"747\" data-end=\"750\" \/><strong data-start=\"750\" data-end=\"765\">Par\u00e7a Kodu:<\/strong> 580037613 , 217298<br data-start=\"784\" data-end=\"787\" \/><strong data-start=\"787\" data-end=\"799\">Malzeme:<\/strong> A\u015f\u0131nmaya dayan\u0131kl\u0131 kau\u00e7uk ve sa\u011flam metal ala\u015f\u0131m\u0131<br data-start=\"849\" data-end=\"852\" \/><strong data-start=\"852\" data-end=\"871\">Kullan\u0131m Alan\u0131:<\/strong> Forklift y\u00fck ta\u015f\u0131ma sistemleri<br data-start=\"902\" data-end=\"905\" \/><strong data-start=\"905\" data-end=\"917\">Avantaj:<\/strong> Y\u00fcksek a\u015f\u0131nma ve darbe direnci, uzun \u00f6m\u00fcr, dengeli kullan\u0131m, kolay montaj<\/p>\n<p data-start=\"995\" data-end=\"1489\">\n","protected":false},"featured_media":15497,"template":"","meta":[],"product_brand":[],"product_cat":[398,400],"product_tag":[],"class_list":{"0":"post-8395","1":"product","2":"type-product","3":"status-publish","4":"has-post-thumbnail","6":"product_cat-catal-tekeri-ceo","7":"product_cat-catal-tekeri","9":"first","10":"instock","11":"taxable","12":"shipping-taxable","13":"purchasable","14":"product-type-simple"},"_links":{"self":[{"href":"https:\/\/ceoparts.com\/tr\/wp-json\/wp\/v2\/product\/8395","targetHints":{"allow":["GET"]}}],"collection":[{"href":"https:\/\/ceoparts.com\/tr\/wp-json\/wp\/v2\/product"}],"about":[{"href":"https:\/\/ceoparts.com\/tr\/wp-json\/wp\/v2\/types\/product"}],"wp:featuredmedia":[{"embeddable":true,"href":"https:\/\/ceoparts.com\/tr\/wp-json\/wp\/v2\/media\/15497"}],"wp:attachment":[{"href":"https:\/\/ceoparts.com\/tr\/wp-json\/wp\/v2\/media?parent=8395"}],"wp:term":[{"taxonomy":"product_brand","embeddable":true,"href":"https:\/\/ceoparts.com\/tr\/wp-json\/wp\/v2\/product_brand?post=8395"},{"taxonomy":"product_cat","embeddable":true,"href":"https:\/\/ceoparts.com\/tr\/wp-json\/wp\/v2\/product_cat?post=8395"},{"taxonomy":"product_tag","embeddable":true,"href":"https:\/\/ceoparts.com\/tr\/wp-json\/wp\/v2\/product_tag?post=8395"}],"curies":[{"name":"wp","href":"https:\/\/api.w.org\/{rel}","templated":true}]}}